{"id":25411,"date":"2025-04-03T09:23:31","date_gmt":"2025-04-03T09:23:31","guid":{"rendered":"https:\/\/esquell.eu\/product\/formring-blatt-acs-f-2536\/"},"modified":"2025-04-03T09:23:31","modified_gmt":"2025-04-03T09:23:31","slug":"formring-blatt-acs-f-2536","status":"publish","type":"product","link":"https:\/\/esquell.eu\/de\/produkt\/formring-blatt-acs-f-2536\/","title":{"rendered":"Formring-Blatt ACS (F-2536)"},"content":{"rendered":"<p>Schimmel Ring Blatt<\/p>\n<p>Diese Formen sind ideal f\u00fcr Anf\u00e4nger, die ihre ersten Erfahrungen mit Metal Clay machen wollen. Diese durchsichtigen Silikonformen sind ideal f\u00fcr die sparsame Verwendung von Ton. Aufgrund des flexiblen Materials k\u00f6nnen Sie den Ton leicht aus der Form l\u00f6sen.  Die Formen passen bis zur japanischen Ringgr\u00f6\u00dfe 24 (nach dem Backen ca. japanische Ringgr\u00f6\u00dfe 20*). Wenn Sie die Innenseite eines Rings nach dem Trocknen feilen, k\u00f6nnen Sie den Ring um bis zu 2 weitere Gr\u00f6\u00dfen vergr\u00f6\u00dfern. Gr\u00f6\u00dfe ca. 28*75*7mm. <\/p>\n","protected":false},"excerpt":{"rendered":"<p style=\"text-align: justify\"><span><\/span>Schimmel Ring Blatt<\/p>\n<p style=\"text-align: justify\"><\/p>\n<p style=\"text-align: justify\">Diese Formen sind ideal f\u00fcr Anf\u00e4nger, die ihre ersten Erfahrungen mit Metal Clay machen wollen. Diese durchsichtigen Silikonformen sind ideal f\u00fcr die sparsame Verwendung von Ton. Aufgrund des flexiblen Materials k\u00f6nnen Sie den Ton leicht aus der Form l\u00f6sen.  Die Formen passen bis zur japanischen Ringgr\u00f6\u00dfe 24 (nach dem Backen ca. japanische Ringgr\u00f6\u00dfe 20*). Wenn Sie die Innenseite eines Rings nach dem Trocknen feilen, k\u00f6nnen Sie den Ring um bis zu 2 weitere Gr\u00f6\u00dfen vergr\u00f6\u00dfern. Gr\u00f6\u00dfe ca. 28*75*7mm. <\/p>\n","protected":false},"featured_media":4016,"comment_status":"closed","ping_status":"closed","template":"","meta":{"_acf_changed":false,"_seopress_robots_primary_cat":"none","_seopress_titles_title":"","_seopress_titles_desc":"","_seopress_robots_index":""},"more":[],"product_brand":[6413],"product_cat":[15620],"product_tag":[6446,16267,19251,6492,6438,16144,6494,6895,7809,7555,15083,10401,6897,6673,19252,6498,6421,6444,7557,6441,8092,12509,15757,6777,10653,10284,10578,6419,6820,10398,6899,6558,6417,6671,6812,7086,6490,19253,19137,19254,7340,19249,19250,6500,19255,6893,15628],"class_list":{"0":"post-25411","1":"product","2":"type-product","3":"status-publish","4":"has-post-thumbnail","6":"product_brand-acs","7":"product_cat-schimmelpilze","8":"product_tag-aida","9":"product_tag-alphabet","10":"product_tag-alphabet-2","11":"product_tag-artclay","12":"product_tag-artclaysilver","13":"product_tag-briefe","14":"product_tag-diy","15":"product_tag-es","16":"product_tag-flexibel","17":"product_tag-formbare","18":"product_tag-formen-2","19":"product_tag-herstellung","20":"product_tag-ihr","21":"product_tag-japan","22":"product_tag-juwelen-2","23":"product_tag-kunst","24":"product_tag-machen","25":"product_tag-metalclay","26":"product_tag-metall","27":"product_tag-metallton","28":"product_tag-ring","29":"product_tag-ringbuch","30":"product_tag-ringbuchordner","31":"product_tag-ringe","32":"product_tag-ringgrose","33":"product_tag-schimmelpilz-2","34":"product_tag-schimmelpilz-3","35":"product_tag-schmuck","36":"product_tag-schmuck-2","37":"product_tag-schmuck-6","38":"product_tag-selbst","39":"product_tag-sie-selbst","40":"product_tag-silber","41":"product_tag-silber-2","42":"product_tag-silber-3","43":"product_tag-silberschmiede","44":"product_tag-silberton","45":"product_tag-silikon-5","46":"product_tag-silizium","47":"product_tag-silvercaly","48":"product_tag-silverclay-co-uk","49":"product_tag-text","50":"product_tag-texte","51":"product_tag-ton-2","52":"product_tag-ton-handwerkslinien","53":"product_tag-tun","54":"product_tag-vorlage-2","55":"product_shipping_class-standard","57":"first","58":"instock","59":"taxable","60":"shipping-taxable","61":"purchasable","62":"product-type-simple"},"acf":[],"_links":{"self":[{"href":"https:\/\/esquell.eu\/de\/wp-json\/wp\/v2\/product\/25411","targetHints":{"allow":["GET"]}}],"collection":[{"href":"https:\/\/esquell.eu\/de\/wp-json\/wp\/v2\/product"}],"about":[{"href":"https:\/\/esquell.eu\/de\/wp-json\/wp\/v2\/types\/product"}],"replies":[{"embeddable":true,"href":"https:\/\/esquell.eu\/de\/wp-json\/wp\/v2\/comments?post=25411"}],"wp:featuredmedia":[{"embeddable":true,"href":"https:\/\/esquell.eu\/de\/wp-json\/wp\/v2\/media\/4016"}],"wp:attachment":[{"href":"https:\/\/esquell.eu\/de\/wp-json\/wp\/v2\/media?parent=25411"}],"wp:term":[{"taxonomy":"more","embeddable":true,"href":"https:\/\/esquell.eu\/de\/wp-json\/wp\/v2\/more?post=25411"},{"taxonomy":"product_brand","embeddable":true,"href":"https:\/\/esquell.eu\/de\/wp-json\/wp\/v2\/product_brand?post=25411"},{"taxonomy":"product_cat","embeddable":true,"href":"https:\/\/esquell.eu\/de\/wp-json\/wp\/v2\/product_cat?post=25411"},{"taxonomy":"product_tag","embeddable":true,"href":"https:\/\/esquell.eu\/de\/wp-json\/wp\/v2\/product_tag?post=25411"}],"curies":[{"name":"wp","href":"https:\/\/api.w.org\/{rel}","templated":true}]}}