{"id":25280,"date":"2025-04-03T09:23:31","date_gmt":"2025-04-03T09:23:31","guid":{"rendered":"https:\/\/esquell.eu\/product\/form-fuer-ringbinder-acs-f-1765\/"},"modified":"2026-03-23T20:23:24","modified_gmt":"2026-03-23T20:23:24","slug":"form-fuer-ringbinder-acs-f-1765","status":"publish","type":"product","link":"https:\/\/esquell.eu\/de\/produkt\/form-fuer-ringbinder-acs-f-1765\/","title":{"rendered":"Form f\u00fcr Ringbinder ACS (F-1765)"},"content":{"rendered":"<p>Diese Formen eignen sich hervorragend f\u00fcr Anf\u00e4nger, die ihre ersten Erfahrungen mit Metal Clay machen und einen Ring herstellen m\u00f6chten.<br \/>\nDiese durchsichtige Silikonform eignet sich hervorragend, um den Ton sparsam zu verwenden. Aufgrund des flexiblen Materials k\u00f6nnen Sie den Ton leicht aus der Form entfernen.  Die Form reicht bis zur japanischen Ringgr\u00f6\u00dfe 24 (nach dem Backen etwa japanische Ringgr\u00f6\u00dfe 20). Wenn Sie die Innenseite eines Rings nach dem Trocknen feilen, k\u00f6nnen Sie den Ring um bis zu 2 weitere Gr\u00f6\u00dfen vergr\u00f6\u00dfern.<br \/>\nAbmessungen der Form 41*80*6mm. <\/p>\n","protected":false},"excerpt":{"rendered":"<p>Diese Formen eignen sich hervorragend f\u00fcr Anf\u00e4nger, die ihre ersten Erfahrungen mit Metal Clay machen und einen Ring herstellen m\u00f6chten.<br \/>\nDiese durchsichtige Silikonform eignet sich hervorragend, um den Ton sparsam zu verwenden. Aufgrund des flexiblen Materials k\u00f6nnen Sie den Ton leicht aus der Form entfernen.  Die Form reicht bis zur japanischen Ringgr\u00f6\u00dfe 24 (nach dem Backen etwa japanische Ringgr\u00f6\u00dfe 20). Wenn Sie die Innenseite eines Rings nach dem Trocknen feilen, k\u00f6nnen Sie den Ring um bis zu 2 weitere Gr\u00f6\u00dfen vergr\u00f6\u00dfern.<br \/>\nAbmessungen der Form 41*80*6mm. <\/p>\n","protected":false},"featured_media":25291,"comment_status":"closed","ping_status":"closed","template":"","meta":{"_acf_changed":false,"_seopress_robots_primary_cat":"none","_seopress_titles_title":"","_seopress_titles_desc":"","_seopress_robots_index":""},"more":[],"product_brand":[6413],"product_cat":[15620],"product_tag":[6446,17381,6492,6699,18948,6438,19453,7543,6695,13334,19455,22410,6458,6677,8599,6887,7387,6903,6675,8574,10209,15083,6680,7547,8123,6767,7331,6673,14253,6498,7131,8019,8394,6905,8154,6679,7545,10728,6444,7553,6455,12509,19454,15757,10284,6419,7998,6417,6812,19452,6490,19253,7340,8631,9204,6435,6500,6556,15040,7511,6449,6690,7410,11307],"class_list":{"0":"post-25280","1":"product","2":"type-product","3":"status-publish","4":"has-post-thumbnail","6":"product_brand-acs","7":"product_cat-schimmelpilze","8":"product_tag-aida","9":"product_tag-amcaw","10":"product_tag-artclay","11":"product_tag-artclayacademy","12":"product_tag-artclayacademy-eu","13":"product_tag-artclaysilver","14":"product_tag-artclaysilverworldwide","15":"product_tag-ausbilder-2","16":"product_tag-ausbildung","17":"product_tag-bearbeiten","18":"product_tag-bearbeitet","19":"product_tag-bearbeitet-2","20":"product_tag-belgien","21":"product_tag-belgien-2","22":"product_tag-benelux","23":"product_tag-biegsames-silber","24":"product_tag-bronze","25":"product_tag-bronze-ton","26":"product_tag-craftlines","27":"product_tag-europa","28":"product_tag-europa-2","29":"product_tag-formen-2","30":"product_tag-frankreich","31":"product_tag-frankreich-2","32":"product_tag-geben","33":"product_tag-gold","34":"product_tag-gold-3","35":"product_tag-japan","36":"product_tag-juwelen","37":"product_tag-kunst","38":"product_tag-kupfer","39":"product_tag-kupfer-2","40":"product_tag-kupfer-3","41":"product_tag-kupferton","42":"product_tag-lehrer","43":"product_tag-luxemburg","44":"product_tag-luxemburg-2","45":"product_tag-metaaklei","46":"product_tag-metalclay","47":"product_tag-modellierung","48":"product_tag-niederlande","49":"product_tag-ringbuch","50":"product_tag-ringbuch-2","51":"product_tag-ringbuchordner","52":"product_tag-schimmelpilz-2","53":"product_tag-schmuck","54":"product_tag-schmuck-4","55":"product_tag-silber","56":"product_tag-silber-3","57":"product_tag-silberschule","58":"product_tag-silberton","59":"product_tag-silikon-5","60":"product_tag-silverclay-co-uk","61":"product_tag-struktur","62":"product_tag-textur","63":"product_tag-ton","64":"product_tag-ton-2","65":"product_tag-ton-3","66":"product_tag-tone","67":"product_tag-tonschmuck","68":"product_tag-verteiler","69":"product_tag-werkstatten","70":"product_tag-zertifiziert","71":"product_tag-zertifiziert-2","72":"product_shipping_class-standard","74":"first","75":"instock","76":"taxable","77":"shipping-taxable","78":"purchasable","79":"product-type-simple"},"acf":[],"_links":{"self":[{"href":"https:\/\/esquell.eu\/de\/wp-json\/wp\/v2\/product\/25280","targetHints":{"allow":["GET"]}}],"collection":[{"href":"https:\/\/esquell.eu\/de\/wp-json\/wp\/v2\/product"}],"about":[{"href":"https:\/\/esquell.eu\/de\/wp-json\/wp\/v2\/types\/product"}],"replies":[{"embeddable":true,"href":"https:\/\/esquell.eu\/de\/wp-json\/wp\/v2\/comments?post=25280"}],"wp:featuredmedia":[{"embeddable":true,"href":"https:\/\/esquell.eu\/de\/wp-json\/wp\/v2\/media\/25291"}],"wp:attachment":[{"href":"https:\/\/esquell.eu\/de\/wp-json\/wp\/v2\/media?parent=25280"}],"wp:term":[{"taxonomy":"more","embeddable":true,"href":"https:\/\/esquell.eu\/de\/wp-json\/wp\/v2\/more?post=25280"},{"taxonomy":"product_brand","embeddable":true,"href":"https:\/\/esquell.eu\/de\/wp-json\/wp\/v2\/product_brand?post=25280"},{"taxonomy":"product_cat","embeddable":true,"href":"https:\/\/esquell.eu\/de\/wp-json\/wp\/v2\/product_cat?post=25280"},{"taxonomy":"product_tag","embeddable":true,"href":"https:\/\/esquell.eu\/de\/wp-json\/wp\/v2\/product_tag?post=25280"}],"curies":[{"name":"wp","href":"https:\/\/api.w.org\/{rel}","templated":true}]}}