{"id":25216,"date":"2025-04-03T09:23:20","date_gmt":"2025-04-03T09:23:20","guid":{"rendered":"https:\/\/esquell.eu\/product\/uv-led-harz-moondrop-extra-klar-und-extra-hart-100-g\/"},"modified":"2025-04-03T09:23:20","modified_gmt":"2025-04-03T09:23:20","slug":"uv-led-harz-moondrop-extra-klar-und-extra-hart-100-g","status":"publish","type":"product","link":"https:\/\/esquell.eu\/de\/produkt\/uv-led-harz-moondrop-extra-klar-und-extra-hart-100-g\/","title":{"rendered":"UV-LED-Harz Moondrop Extra klar und extra hart 100 g"},"content":{"rendered":"<p>Kristallklares Harz mit lang anhaltender, nicht vergilbender Eigenschaft.<br \/>\nMinimale Schrumpfung und Verformung,<br \/>\nKeine Faltenbildung beim Aush\u00e4rten in der Silikonform.<br \/>\nEinkomponenten-Harz, das sowohl mit LED-Licht (405nm) als auch mit UV-Licht (36W) aush\u00e4rtet.<br \/>\n&#8211; Farbecht<br \/>\n&#8211; Gutes Ergebnis mit Silikonform.<\/p>\n<p>Die Aush\u00e4rtung beginnt sofort und ist in 30 &#8211; 120 Sekunden vollst\u00e4ndig abgeschlossen.<\/p>\n<p>&#8211; Setzen Sie die Vorder- und R\u00fcckseite dem UV-Licht aus, um die Aush\u00e4rtung im Inneren des Harzes zu gew\u00e4hrleisten. Oder arbeiten Sie mit mehreren d\u00fcnnen Schichten<br \/>\n&#8211; Minimierte Kr\u00fcmmung des Harzes w\u00e4hrend des Aush\u00e4rtens.<br \/>\n&#8211; Aufgrund der geringen Schrumpfung von 3,5% funktioniert es gut mit offenen Geh\u00e4usen.<br \/>\n&#8211; H\u00e4rtet auch gut im Sonnenlicht aus.<br \/>\n&#8211; Die Oberfl\u00e4che eines ausgeh\u00e4rteten Objekts ist nicht klebrig. <\/p>\n<p><strong>Siehe Fotos f\u00fcr Sicherheitsetiketten.<\/strong><\/p>\n<p>Inhaltsstoffe: UV-LED-h\u00e4rtbares Acrylharz<\/p>\n<p>100 Gramm<br \/>\nFarbe: klar<\/p>\n","protected":false},"excerpt":{"rendered":"<p>Kristallklares Harz mit lang anhaltender, nicht vergilbender Eigenschaft.<br \/>\nMinimale Schrumpfung und Verformung,<br \/>\nKeine Faltenbildung beim Aush\u00e4rten in der Silikonform.<br \/>\nEinkomponenten-Harz, das sowohl mit LED-Licht (405nm) als auch mit UV-Licht (36W) aush\u00e4rtet.<br \/>\n&#8211; Farbecht<br \/>\n&#8211; Gutes Ergebnis mit Silikonform.<\/p>\n<p>&nbsp;<\/p>\n<p>Die Aush\u00e4rtung beginnt sofort und ist in 30 &#8211; 120 Sekunden vollst\u00e4ndig abgeschlossen.<\/p>\n<p>&nbsp;<\/p>\n<p>&#8211; Setzen Sie die Vorder- und R\u00fcckseite dem UV-Licht aus, um die Aush\u00e4rtung im Inneren des Harzes zu gew\u00e4hrleisten. Oder arbeiten Sie mit mehreren d\u00fcnnen Schichten<br \/>\n&#8211; Minimierte Kr\u00fcmmung des Harzes w\u00e4hrend des Aush\u00e4rtens.<br \/>\n&#8211; Aufgrund der geringen Schrumpfung von 3,5% funktioniert es gut mit offenen Geh\u00e4usen.<br \/>\n&#8211; H\u00e4rtet auch gut im Sonnenlicht aus.<br \/>\n&#8211; Die Oberfl\u00e4che eines ausgeh\u00e4rteten Objekts ist nicht klebrig. <\/p>\n<p>&nbsp;<\/p>\n<p><strong>Siehe Fotos f\u00fcr Sicherheitsetiketten.<\/strong><\/p>\n<p>Inhaltsstoffe: UV-LED-h\u00e4rtbares Acrylharz<\/p>\n<p>100 Gramm<br \/>\nFarbe: klar<\/p>\n","protected":false},"featured_media":7896,"comment_status":"closed","ping_status":"closed","template":"","meta":{"_acf_changed":false,"_seopress_robots_primary_cat":"none","_seopress_titles_title":"","_seopress_titles_desc":"","_seopress_robots_index":""},"more":[],"product_brand":[19407],"product_cat":[11473,9913],"product_tag":[8259,6446,19408,19412,19411,10319,10034,11564,7206,10095,12346,19413,11717,9609,9865,6673,6786,6727,6455,19409,10388,6419,10321,19414,19410,7240,8175,17639,6784,10391,6783],"class_list":{"0":"post-25216","1":"product","2":"type-product","3":"status-publish","4":"has-post-thumbnail","6":"product_brand-zwajomi","7":"product_cat-klebstoffe","8":"product_cat-led-und-uv-harz","9":"product_tag-acryl","10":"product_tag-aida","11":"product_tag-ausharten","12":"product_tag-aushartungszeit","13":"product_tag-durstig","14":"product_tag-einfach","15":"product_tag-epoxid","16":"product_tag-fallen-lassen-2","17":"product_tag-farben","18":"product_tag-flasche-2","19":"product_tag-gefuhrt","20":"product_tag-geheilte-sonne","21":"product_tag-hart","22":"product_tag-harz","23":"product_tag-harz-2","24":"product_tag-japan","25":"product_tag-kaufen","26":"product_tag-lampe","27":"product_tag-niederlande","28":"product_tag-padico","29":"product_tag-pigment","30":"product_tag-schmuck","31":"product_tag-schnell","32":"product_tag-sonnenlicht","33":"product_tag-stern-2","34":"product_tag-transparent","35":"product_tag-trocken","36":"product_tag-trocknen","37":"product_tag-unter-2","38":"product_tag-uv","39":"product_tag-wobei","40":"product_shipping_class-standard","42":"first","43":"instock","44":"taxable","45":"shipping-taxable","46":"purchasable","47":"product-type-simple"},"acf":[],"_links":{"self":[{"href":"https:\/\/esquell.eu\/de\/wp-json\/wp\/v2\/product\/25216","targetHints":{"allow":["GET"]}}],"collection":[{"href":"https:\/\/esquell.eu\/de\/wp-json\/wp\/v2\/product"}],"about":[{"href":"https:\/\/esquell.eu\/de\/wp-json\/wp\/v2\/types\/product"}],"replies":[{"embeddable":true,"href":"https:\/\/esquell.eu\/de\/wp-json\/wp\/v2\/comments?post=25216"}],"wp:featuredmedia":[{"embeddable":true,"href":"https:\/\/esquell.eu\/de\/wp-json\/wp\/v2\/media\/7896"}],"wp:attachment":[{"href":"https:\/\/esquell.eu\/de\/wp-json\/wp\/v2\/media?parent=25216"}],"wp:term":[{"taxonomy":"more","embeddable":true,"href":"https:\/\/esquell.eu\/de\/wp-json\/wp\/v2\/more?post=25216"},{"taxonomy":"product_brand","embeddable":true,"href":"https:\/\/esquell.eu\/de\/wp-json\/wp\/v2\/product_brand?post=25216"},{"taxonomy":"product_cat","embeddable":true,"href":"https:\/\/esquell.eu\/de\/wp-json\/wp\/v2\/product_cat?post=25216"},{"taxonomy":"product_tag","embeddable":true,"href":"https:\/\/esquell.eu\/de\/wp-json\/wp\/v2\/product_tag?post=25216"}],"curies":[{"name":"wp","href":"https:\/\/api.w.org\/{rel}","templated":true}]}}