{"id":25156,"date":"2025-04-03T09:23:20","date_gmt":"2025-04-03T09:23:20","guid":{"rendered":"https:\/\/esquell.eu\/product\/gussformgehaeuse-zirkoniumdioxid-acs-f-1584\/"},"modified":"2025-04-03T09:23:20","modified_gmt":"2025-04-03T09:23:20","slug":"gussformgehaeuse-zirkoniumdioxid-acs-f-1584","status":"publish","type":"product","link":"https:\/\/esquell.eu\/de\/produkt\/gussformgehaeuse-zirkoniumdioxid-acs-f-1584\/","title":{"rendered":"Gussformgeh\u00e4use Zirkoniumdioxid ACS (F-1584)"},"content":{"rendered":"<p>Silikonform zum Herstellen von Setzk\u00e4sten f\u00fcr Zirkonoxid<\/p>\n<p>Geeignet f\u00fcr Metal Clay, Art Clay Silver, Silver Clay, Metalclay, u.a.<\/p>\n","protected":false},"excerpt":{"rendered":"<p>Silikonform zum Herstellen von Setzk\u00e4sten f\u00fcr Zirkonoxid<\/p>\n<p>Geeignet f\u00fcr Metal Clay, Art Clay Silver, Silver Clay, Metalclay, u.a.<\/p>\n<p>&nbsp;<\/p>\n","protected":false},"featured_media":4207,"comment_status":"closed","ping_status":"closed","template":"","meta":{"_acf_changed":false,"_seopress_robots_primary_cat":"none","_seopress_titles_title":"","_seopress_titles_desc":"","_seopress_robots_index":""},"more":[],"product_brand":[6413],"product_cat":[15620],"product_tag":[15900,8609,10100,6446,6492,6699,6438,12436,19292,6512,7392,7451,11060,6675,8484,7461,8574,10209,6769,6673,6498,8394,6905,7137,19297,6510,6444,6441,6806,12251,10284,6701,6514,7455,7459,19295,6812,7439,6500,6449,13162,7410,11307,7457,7068,8004],"class_list":{"0":"post-25156","1":"product","2":"type-product","3":"status-publish","4":"has-post-thumbnail","6":"product_brand-acs","7":"product_cat-schimmelpilze","8":"product_tag-hier-ist","9":"product_tag-8609","10":"product_tag-aaaaa","11":"product_tag-aida","12":"product_tag-artclay","13":"product_tag-artclayacademy","14":"product_tag-artclaysilver","15":"product_tag-ausbilder-4","16":"product_tag-besel","17":"product_tag-blenden","18":"product_tag-bronzeclay","19":"product_tag-chaton","20":"product_tag-chatons","21":"product_tag-craftlines","22":"product_tag-cz","23":"product_tag-einstellbox","24":"product_tag-europa","25":"product_tag-europa-2","26":"product_tag-goldton","27":"product_tag-japan","28":"product_tag-kunst","29":"product_tag-kupfer-3","30":"product_tag-kupferton","31":"product_tag-kupferton-2","32":"product_tag-lehrer-2","33":"product_tag-lunette","34":"product_tag-metalclay","35":"product_tag-metallton","36":"product_tag-rabatt","37":"product_tag-rabatt-2","38":"product_tag-schimmelpilz-2","39":"product_tag-schule","40":"product_tag-setzkasten","41":"product_tag-setzkasten-2","43":"product_tag-setzkasten-3","44":"product_tag-silber-3","45":"product_tag-stein-3","46":"product_tag-ton-2","47":"product_tag-verteiler","48":"product_tag-x","49":"product_tag-zertifiziert","50":"product_tag-zertifiziert-2","51":"product_tag-zetkast","52":"product_tag-zirkoniumdioxid","53":"product_tag-zirkoniumdioxid-2","54":"product_shipping_class-standard","56":"first","57":"instock","58":"taxable","59":"shipping-taxable","60":"purchasable","61":"product-type-simple"},"acf":[],"_links":{"self":[{"href":"https:\/\/esquell.eu\/de\/wp-json\/wp\/v2\/product\/25156","targetHints":{"allow":["GET"]}}],"collection":[{"href":"https:\/\/esquell.eu\/de\/wp-json\/wp\/v2\/product"}],"about":[{"href":"https:\/\/esquell.eu\/de\/wp-json\/wp\/v2\/types\/product"}],"replies":[{"embeddable":true,"href":"https:\/\/esquell.eu\/de\/wp-json\/wp\/v2\/comments?post=25156"}],"wp:featuredmedia":[{"embeddable":true,"href":"https:\/\/esquell.eu\/de\/wp-json\/wp\/v2\/media\/4207"}],"wp:attachment":[{"href":"https:\/\/esquell.eu\/de\/wp-json\/wp\/v2\/media?parent=25156"}],"wp:term":[{"taxonomy":"more","embeddable":true,"href":"https:\/\/esquell.eu\/de\/wp-json\/wp\/v2\/more?post=25156"},{"taxonomy":"product_brand","embeddable":true,"href":"https:\/\/esquell.eu\/de\/wp-json\/wp\/v2\/product_brand?post=25156"},{"taxonomy":"product_cat","embeddable":true,"href":"https:\/\/esquell.eu\/de\/wp-json\/wp\/v2\/product_cat?post=25156"},{"taxonomy":"product_tag","embeddable":true,"href":"https:\/\/esquell.eu\/de\/wp-json\/wp\/v2\/product_tag?post=25156"}],"curies":[{"name":"wp","href":"https:\/\/api.w.org\/{rel}","templated":true}]}}