{"id":25062,"date":"2025-04-03T09:28:06","date_gmt":"2025-04-03T09:28:06","guid":{"rendered":"https:\/\/esquell.eu\/product\/texturmatte-rubberc-510-cm-scrungie-412\/"},"modified":"2025-04-03T09:28:06","modified_gmt":"2025-04-03T09:28:06","slug":"texturmatte-rubberc-510-cm-scrungie-412","status":"publish","type":"product","link":"https:\/\/esquell.eu\/de\/produkt\/texturmatte-rubberc-510-cm-scrungie-412\/","title":{"rendered":"Texturmatte Rubberc 5*10 cm Scrungie -412"},"content":{"rendered":"<div class=\"product-addition-content\">\n<p>Mit dieser strukturierten Matte k\u00f6nnen Sie Strukturen auf Ton auftragen.<\/p>\n<p>Bei der Verwendung mit Silber-, Kupfer-, Bronze- und Goldton bespr\u00fchen Sie die strukturierten Matten zun\u00e4chst mit der Anti-Haft-Formel coolslip oder reiben Sie sie mit Oliven\u00f6l ein<\/p>\n<p>Bei der Verwendung mit Fimo, Cernit, Premo, Sculpy usw. verwenden Sie dann z. B. Talkumpuder, um ein Festkleben zu verhindern.<\/p>\n<p>*Die Abbildung des Drucks ist ein kleines Fragment.<\/p>\n<\/div>\n","protected":false},"excerpt":{"rendered":"<p>Mit dieser strukturierten Matte k\u00f6nnen Sie Strukturen auf Ton auftragen.<\/p>\n<p>Bei der Verwendung mit Silber-, Kupfer-, Bronze- und Goldton bespr\u00fchen Sie die strukturierten Matten zun\u00e4chst mit der Anti-Haft-Formel <a href=\"https:\/\/www.esquell.nl\/p\/textuurmat-rubber-5-10-cm-veertjes?ObjectPath=\/Shops\/83636376\/Products\/AM0007\">coolslip<\/a> oder reiben Sie sie mit Oliven\u00f6l ein<\/p>\n<p>Bei der Verwendung mit Fimo, Cernit, Premo, Sculpy usw. verwenden Sie dann z. B. Talkumpuder, um ein Festkleben zu verhindern.<\/p>\n<p>*Die Abbildung des Drucks ist ein kleines Fragment.<\/p>\n","protected":false},"featured_media":8229,"comment_status":"closed","ping_status":"closed","template":"","meta":{"_acf_changed":false,"_seopress_robots_primary_cat":"none","_seopress_titles_title":"","_seopress_titles_desc":"","_seopress_robots_index":""},"more":[],"product_brand":[6595],"product_cat":[12225],"product_tag":[6446,6492,6675,6494,7680,6452,6673,6421,6441,6419,6779,6558,6626,15219,6622,11403,6556,7511],"class_list":{"0":"post-25062","1":"product","2":"type-product","3":"status-publish","4":"has-post-thumbnail","6":"product_brand-coole-tools","7":"product_cat-texturen-und-stempel","8":"product_tag-aida","9":"product_tag-artclay","10":"product_tag-craftlines","11":"product_tag-diy","12":"product_tag-formulare","13":"product_tag-groshandel","14":"product_tag-japan","15":"product_tag-machen","16":"product_tag-metallton","17":"product_tag-schmuck","18":"product_tag-selbstgemacht","19":"product_tag-sie-selbst","20":"product_tag-stanzen","21":"product_tag-stanzmatte","22":"product_tag-strukturen","23":"product_tag-texturmatte","24":"product_tag-ton-3","25":"product_tag-tonschmuck","26":"product_shipping_class-standard","28":"first","29":"instock","30":"taxable","31":"shipping-taxable","32":"purchasable","33":"product-type-simple"},"acf":[],"_links":{"self":[{"href":"https:\/\/esquell.eu\/de\/wp-json\/wp\/v2\/product\/25062","targetHints":{"allow":["GET"]}}],"collection":[{"href":"https:\/\/esquell.eu\/de\/wp-json\/wp\/v2\/product"}],"about":[{"href":"https:\/\/esquell.eu\/de\/wp-json\/wp\/v2\/types\/product"}],"replies":[{"embeddable":true,"href":"https:\/\/esquell.eu\/de\/wp-json\/wp\/v2\/comments?post=25062"}],"wp:featuredmedia":[{"embeddable":true,"href":"https:\/\/esquell.eu\/de\/wp-json\/wp\/v2\/media\/8229"}],"wp:attachment":[{"href":"https:\/\/esquell.eu\/de\/wp-json\/wp\/v2\/media?parent=25062"}],"wp:term":[{"taxonomy":"more","embeddable":true,"href":"https:\/\/esquell.eu\/de\/wp-json\/wp\/v2\/more?post=25062"},{"taxonomy":"product_brand","embeddable":true,"href":"https:\/\/esquell.eu\/de\/wp-json\/wp\/v2\/product_brand?post=25062"},{"taxonomy":"product_cat","embeddable":true,"href":"https:\/\/esquell.eu\/de\/wp-json\/wp\/v2\/product_cat?post=25062"},{"taxonomy":"product_tag","embeddable":true,"href":"https:\/\/esquell.eu\/de\/wp-json\/wp\/v2\/product_tag?post=25062"}],"curies":[{"name":"wp","href":"https:\/\/api.w.org\/{rel}","templated":true}]}}