{"id":24998,"date":"2025-04-03T09:27:09","date_gmt":"2025-04-03T09:27:09","guid":{"rendered":"https:\/\/esquell.eu\/product\/silikonform-gitarren\/"},"modified":"2025-04-03T09:27:09","modified_gmt":"2025-04-03T09:27:09","slug":"silikonform-gitarren","status":"publish","type":"product","link":"https:\/\/esquell.eu\/de\/produkt\/silikonform-gitarren\/","title":{"rendered":"Silikonform-Gitarren."},"content":{"rendered":"<p>Silikonformen f\u00fcr Gitarren und Geigen. Kleine Gussformen f\u00fcr die Schmuckherstellung. <\/p>\n<p>Geeignet f\u00fcr Epoxy, alle Arten von Ton wie Silberton, Kupferton, Bronzeton, UV-Harz, Polymer-Ton, Cernit, Fimo, Harz, Acrylharz usw.<\/p>\n<p>F\u00fcr Gr\u00f6\u00dfen, siehe Fotos<\/p>\n","protected":false},"excerpt":{"rendered":"<p>Silikonform-Gitarren. Kleine Gitarren. <\/p>\n<p>Geeignet f\u00fcr Epoxy, alle Arten von Ton wie Silberton, Kupferton, Bronzeton, UV-Harz, Polymer-Ton, Cernit, Fimo, Harz, Acrylharz usw.<\/p>\n<p>F\u00fcr die Gr\u00f6\u00dfen, siehe Foto.<\/p>\n","protected":false},"featured_media":3905,"comment_status":"closed","ping_status":"closed","template":"","meta":{"_acf_changed":false,"_seopress_robots_primary_cat":"none","_seopress_titles_title":"","_seopress_titles_desc":"","_seopress_robots_index":""},"more":[],"product_brand":[],"product_cat":[15620],"product_tag":[15900,6488,8259,10393,6942,7803,9110,12873,7798,18250,6817,6924,6799,6797,6492,6438,6944,10760,6929,7084,7387,18256,7804,8471,7128,10748,9074,9125,9127,7799,6793,8477,7802,10034,15083,19125,19127,19130,12875,9113,9121,9609,9865,6946,18246,8516,18264,6786,6885,7111,10038,7131,8019,6932,18252,6950,7801,7800,19128,19129,18260,7797,6788,12877,9675,14173,6928,6940,10284,6779,6417,6671,19132,18394,19134,14176,9203,9226,7511,6784,9166,8483,18254,16266,9129,6783,9119,9117,9170,9123,7796],"class_list":{"0":"post-24998","1":"product","2":"type-product","3":"status-publish","4":"has-post-thumbnail","6":"product_cat-schimmelpilze","7":"product_tag-hier-ist","8":"product_tag-6488","9":"product_tag-acryl","10":"product_tag-acrylharz","11":"product_tag-alkmaar","12":"product_tag-almelo","13":"product_tag-almere-tilburg","14":"product_tag-alphen-aan-den-rijn","15":"product_tag-amersfoort","16":"product_tag-amstelveen","17":"product_tag-amsterdam","18":"product_tag-anhanger-2","19":"product_tag-apeldoorn","20":"product_tag-arnheim","21":"product_tag-artclay","22":"product_tag-artclaysilver","23":"product_tag-assen","24":"product_tag-bergen-op-zoom","25":"product_tag-blei","26":"product_tag-breda","27":"product_tag-bronze","28":"product_tag-capelle-aan-den-ijssel","29":"product_tag-delft","30":"product_tag-den-bosch","31":"product_tag-den-haag","32":"product_tag-den-helder","33":"product_tag-deventer","34":"product_tag-dordrecht","35":"product_tag-ede","36":"product_tag-eindhoven","37":"product_tag-einkaufen","38":"product_tag-emmen","39":"product_tag-enschede","40":"product_tag-epoxid","41":"product_tag-formen-2","42":"product_tag-gitarre","43":"product_tag-gitarren","44":"product_tag-gitarren-anhanger","45":"product_tag-gouda","46":"product_tag-haarlem","47":"product_tag-haarlemmermeer","48":"product_tag-harz","49":"product_tag-harz-2","50":"product_tag-heerenveen","51":"product_tag-hengelo","52":"product_tag-horn","53":"product_tag-katwijk","54":"product_tag-kaufen","55":"product_tag-kaufen-2","56":"product_tag-kunst-ton","57":"product_tag-kunst-ton-2","58":"product_tag-kupfer","59":"product_tag-kupfer-2","60":"product_tag-leeuwarden","61":"product_tag-leidschendam","62":"product_tag-lelystad","63":"product_tag-maastricht","64":"product_tag-middelburg","65":"product_tag-musik","66":"product_tag-musikinstrumente","67":"product_tag-nieuwegein","68":"product_tag-nijmegen","69":"product_tag-online","70":"product_tag-purmerend","71":"product_tag-roermond","72":"product_tag-roosendaal","73":"product_tag-rotterdam","74":"product_tag-scheveningen","75":"product_tag-schimmelpilz-2","76":"product_tag-selbstgemacht","77":"product_tag-silber","78":"product_tag-silber-2","79":"product_tag-silberne-gitarre","80":"product_tag-silikonform","81":"product_tag-sittardl","82":"product_tag-spijkenisse","83":"product_tag-tonkunst","84":"product_tag-tonkunst-2","85":"product_tag-tonschmuck","86":"product_tag-unter-2","87":"product_tag-veenendaal","88":"product_tag-venlo","89":"product_tag-vlaardingen","90":"product_tag-vorlagen-3","91":"product_tag-westland","92":"product_tag-wobei","93":"product_tag-zaandam","94":"product_tag-zaanstad","95":"product_tag-zeist","96":"product_tag-zoetermeer","97":"product_tag-zwolle","98":"product_shipping_class-standard","100":"first","101":"instock","102":"taxable","103":"shipping-taxable","104":"purchasable","105":"product-type-simple"},"acf":[],"_links":{"self":[{"href":"https:\/\/esquell.eu\/de\/wp-json\/wp\/v2\/product\/24998","targetHints":{"allow":["GET"]}}],"collection":[{"href":"https:\/\/esquell.eu\/de\/wp-json\/wp\/v2\/product"}],"about":[{"href":"https:\/\/esquell.eu\/de\/wp-json\/wp\/v2\/types\/product"}],"replies":[{"embeddable":true,"href":"https:\/\/esquell.eu\/de\/wp-json\/wp\/v2\/comments?post=24998"}],"wp:featuredmedia":[{"embeddable":true,"href":"https:\/\/esquell.eu\/de\/wp-json\/wp\/v2\/media\/3905"}],"wp:attachment":[{"href":"https:\/\/esquell.eu\/de\/wp-json\/wp\/v2\/media?parent=24998"}],"wp:term":[{"taxonomy":"more","embeddable":true,"href":"https:\/\/esquell.eu\/de\/wp-json\/wp\/v2\/more?post=24998"},{"taxonomy":"product_brand","embeddable":true,"href":"https:\/\/esquell.eu\/de\/wp-json\/wp\/v2\/product_brand?post=24998"},{"taxonomy":"product_cat","embeddable":true,"href":"https:\/\/esquell.eu\/de\/wp-json\/wp\/v2\/product_cat?post=24998"},{"taxonomy":"product_tag","embeddable":true,"href":"https:\/\/esquell.eu\/de\/wp-json\/wp\/v2\/product_tag?post=24998"}],"curies":[{"name":"wp","href":"https:\/\/api.w.org\/{rel}","templated":true}]}}