{"id":24977,"date":"2025-04-03T09:27:09","date_gmt":"2025-04-03T09:27:09","guid":{"rendered":"https:\/\/esquell.eu\/product\/silikon-mini-form-schildkroete-durchmesser-46-cm\/"},"modified":"2025-04-03T09:27:09","modified_gmt":"2025-04-03T09:27:09","slug":"silikon-mini-form-schildkroete-durchmesser-46-cm","status":"publish","type":"product","link":"https:\/\/esquell.eu\/de\/produkt\/silikon-mini-form-schildkroete-durchmesser-46-cm\/","title":{"rendered":"Silikon Mini-Form Schildkr\u00f6te Durchmesser 4,6 cm"},"content":{"rendered":"<p>Mini Silikon 3D Form Schildkr\u00f6te, Schildkr\u00f6te,<\/p>\n<p>Durchmesser ganze Form 4,6 cm<\/p>\n<p>Geeignet f\u00fcr Silver Clay, Bronze Clay, Kupfer Clay, Resin, UV Resin, Fimo, Polymer Clay, Fondant, etc.<\/p>\n","protected":false},"excerpt":{"rendered":"<p>Mini Silikon 3D Form Schildkr\u00f6te, Schildkr\u00f6te,<\/p>\n<p>Durchmesser ganze Form 4,6 cm<\/p>\n<p>Geeignet f\u00fcr Silver Clay, Bronze Clay, Kupfer Clay, Resin, UV Resin, Fimo, Polymer Clay, Fondant, etc.<\/p>\n<p>&nbsp;<\/p>\n","protected":false},"featured_media":8250,"comment_status":"closed","ping_status":"closed","template":"","meta":{"_acf_changed":false,"_seopress_robots_primary_cat":"none","_seopress_titles_title":"","_seopress_titles_desc":"","_seopress_robots_index":""},"more":[],"product_brand":[6365],"product_cat":[15620],"product_tag":[18251,7560,10393,6948,6817,6802,18271,9253,6773,8126,6458,6415,7667,7669,7700,18261,6840,16144,7123,8559,6675,14700,6494,18275,6826,10034,15061,8691,6909,7672,18279,15083,6824,7017,6830,6934,6822,9609,9865,15759,8544,6836,16247,18255,18253,6907,11261,18267,18269,6786,18259,6844,6952,6421,18265,18278,18277,6444,18013,7557,6441,6373,8922,16028,6455,6832,6788,18247,18372,6938,6828,16245,18257,18373,8643,7674,7133,6928,7342,19107,19105,10284,15624,6419,18249,6889,9195,6490,14707,15633,7340,6834,6781,6500,6556,17890,6784,6795,10391,18273,18245,16266,6783,7064,18263,6838,7796],"class_list":{"0":"post-24977","1":"product","2":"type-product","3":"status-publish","4":"has-post-thumbnail","6":"product_brand-l1","7":"product_cat-schimmelpilze","8":"product_tag-3-demensional","9":"product_tag-3d","10":"product_tag-acrylharz","11":"product_tag-almere","12":"product_tag-amsterdam","13":"product_tag-angebot","14":"product_tag-angeboten","15":"product_tag-anker","16":"product_tag-antwerpen","17":"product_tag-artclaysilvershop","18":"product_tag-belgien","19":"product_tag-billig","20":"product_tag-blatt","21":"product_tag-blatter","22":"product_tag-blume","23":"product_tag-blume-2","24":"product_tag-brabant","25":"product_tag-briefe","26":"product_tag-brucke","27":"product_tag-cooltools","28":"product_tag-craftlines","29":"product_tag-dekorationen","30":"product_tag-diy","31":"product_tag-drei-demensional","32":"product_tag-drenthe","33":"product_tag-epoxid","34":"product_tag-erleichterung","35":"product_tag-etsy","36":"product_tag-facebook","37":"product_tag-fimo","38":"product_tag-fleur-de-liss","39":"product_tag-formen-2","40":"product_tag-friesland","41":"product_tag-fur","42":"product_tag-gelderland","43":"product_tag-gent","44":"product_tag-groningen","45":"product_tag-harz","46":"product_tag-harz-2","47":"product_tag-herz","48":"product_tag-hobby","49":"product_tag-holland","50":"product_tag-hufeisen","51":"product_tag-hundepfote","52":"product_tag-hundepfoten-2","53":"product_tag-instagram","54":"product_tag-katze","55":"product_tag-katze-2","56":"product_tag-katzen","57":"product_tag-kaufen","58":"product_tag-klee","59":"product_tag-limburg","60":"product_tag-luttich","61":"product_tag-machen","62":"product_tag-maritim","63":"product_tag-marktplatz","64":"product_tag-marktplatz-fur-silberton","65":"product_tag-metalclay","66":"product_tag-metalclayworld","67":"product_tag-metall","68":"product_tag-metallton","69":"product_tag-mini","70":"product_tag-muscheln","71":"product_tag-muscheln-2","72":"product_tag-niederlande","73":"product_tag-norden","74":"product_tag-online","75":"product_tag-ornamente","76":"product_tag-ornamente-2","77":"product_tag-ostende","78":"product_tag-overijssel","79":"product_tag-pferd","80":"product_tag-pfote","81":"product_tag-pfote-2","82":"product_tag-pinterest","83":"product_tag-polymer-clay","84":"product_tag-prometheus","85":"product_tag-rotterdam","86":"product_tag-sandsturm","87":"product_tag-schidpad","88":"product_tag-schildkrote","89":"product_tag-schimmelpilz-2","90":"product_tag-schmetterling","91":"product_tag-schmuck","92":"product_tag-seestern","93":"product_tag-shop","94":"product_tag-shop-2","95":"product_tag-silberton","96":"product_tag-silikon","97":"product_tag-silikon-2","98":"product_tag-silverclay-co-uk","99":"product_tag-sud","100":"product_tag-teile","101":"product_tag-ton-2","102":"product_tag-ton-3","103":"product_tag-uk","104":"product_tag-unter-2","105":"product_tag-utrecht","106":"product_tag-uv","107":"product_tag-uv-harz-2","108":"product_tag-vogel","109":"product_tag-vorlagen-3","110":"product_tag-wobei","111":"product_tag-workshop","112":"product_tag-zahlen-2","113":"product_tag-zeeland","114":"product_tag-zwolle","115":"product_shipping_class-standard","117":"first","118":"instock","119":"taxable","120":"shipping-taxable","121":"purchasable","122":"product-type-simple"},"acf":[],"_links":{"self":[{"href":"https:\/\/esquell.eu\/de\/wp-json\/wp\/v2\/product\/24977","targetHints":{"allow":["GET"]}}],"collection":[{"href":"https:\/\/esquell.eu\/de\/wp-json\/wp\/v2\/product"}],"about":[{"href":"https:\/\/esquell.eu\/de\/wp-json\/wp\/v2\/types\/product"}],"replies":[{"embeddable":true,"href":"https:\/\/esquell.eu\/de\/wp-json\/wp\/v2\/comments?post=24977"}],"wp:featuredmedia":[{"embeddable":true,"href":"https:\/\/esquell.eu\/de\/wp-json\/wp\/v2\/media\/8250"}],"wp:attachment":[{"href":"https:\/\/esquell.eu\/de\/wp-json\/wp\/v2\/media?parent=24977"}],"wp:term":[{"taxonomy":"more","embeddable":true,"href":"https:\/\/esquell.eu\/de\/wp-json\/wp\/v2\/more?post=24977"},{"taxonomy":"product_brand","embeddable":true,"href":"https:\/\/esquell.eu\/de\/wp-json\/wp\/v2\/product_brand?post=24977"},{"taxonomy":"product_cat","embeddable":true,"href":"https:\/\/esquell.eu\/de\/wp-json\/wp\/v2\/product_cat?post=24977"},{"taxonomy":"product_tag","embeddable":true,"href":"https:\/\/esquell.eu\/de\/wp-json\/wp\/v2\/product_tag?post=24977"}],"curies":[{"name":"wp","href":"https:\/\/api.w.org\/{rel}","templated":true}]}}