{"id":24945,"date":"2025-04-03T09:27:09","date_gmt":"2025-04-03T09:27:09","guid":{"rendered":"https:\/\/esquell.eu\/product\/silikonform-blaetter-ahornblatt\/"},"modified":"2025-04-03T09:27:09","modified_gmt":"2025-04-03T09:27:09","slug":"silikonform-blaetter-ahornblatt","status":"publish","type":"product","link":"https:\/\/esquell.eu\/de\/produkt\/silikonform-blaetter-ahornblatt\/","title":{"rendered":"Silikonform Bl\u00e4tter Ahornblatt"},"content":{"rendered":"<p>Silikonform mit verschiedenen Bl\u00e4ttern.<\/p>\n<p>Das kleinste Bl\u00fctenblatt ist 8 mm gro\u00df. Das gr\u00f6\u00dfte 30 mm <\/p>\n<p>Abmessungen ganze Form, siehe Fotos<\/p>\n<p>F\u00fcr Ohrstecker, Anh\u00e4nger, Charms, Ringe usw.<\/p>\n<p>Zur Verwendung mit Metal Clay, Silber Clay, Bronze Clay, Kupfer Clay, Fimo, Polymer Clay, Cernit usw.<\/p>\n","protected":false},"excerpt":{"rendered":"<p>Silikonform mit verschiedenen Bl\u00e4ttern.<\/p>\n<p>Das kleinste Bl\u00fctenblatt ist 8 mm gro\u00df. Das gr\u00f6\u00dfte 30 mm <\/p>\n<p>F\u00fcr Ohrstecker, Anh\u00e4nger, Charms, Ringe usw.<\/p>\n<p>Zur Verwendung mit Metal Clay, Silber Clay, Bronze Clay, Kupfer Clay, Fimo, Polymer Clay, Cernit usw.<\/p>\n<p>Spr\u00fchen Sie vor dem Gebrauch immer mit der Coolslip Anti-Haft-Formel. Dies verhindert, dass der Ton an den Formen klebt. <\/p>\n","protected":false},"featured_media":3908,"comment_status":"closed","ping_status":"closed","template":"","meta":{"_acf_changed":false,"_seopress_robots_primary_cat":"none","_seopress_titles_title":"","_seopress_titles_desc":"","_seopress_robots_index":""},"more":[],"product_brand":[],"product_cat":[15620],"product_tag":[19088,6458,6790,7667,7669,19091,19089,8014,7672,7809,9403,15083,8679,9609,6786,6885,6455,6788,10284,6490,14707,19090,6556,6784,16266,6783],"class_list":{"0":"post-24945","1":"product","2":"type-product","3":"status-publish","4":"has-post-thumbnail","6":"product_cat-schimmelpilze","7":"product_tag-ahorn","8":"product_tag-belgien","9":"product_tag-bestellung","10":"product_tag-blatt","11":"product_tag-blatter","12":"product_tag-buche","13":"product_tag-eiche","14":"product_tag-einkaufen-2","15":"product_tag-fimo","16":"product_tag-flexibel","17":"product_tag-flexibel-2","18":"product_tag-formen-2","19":"product_tag-google","20":"product_tag-harz","21":"product_tag-kaufen","22":"product_tag-kaufen-2","23":"product_tag-niederlande","24":"product_tag-online","25":"product_tag-schimmelpilz-2","26":"product_tag-silberton","27":"product_tag-silikon","28":"product_tag-stechpalme","29":"product_tag-ton-3","30":"product_tag-unter-2","31":"product_tag-vorlagen-3","32":"product_tag-wobei","33":"product_shipping_class-standard","35":"first","36":"instock","37":"taxable","38":"shipping-taxable","39":"purchasable","40":"product-type-simple"},"acf":[],"_links":{"self":[{"href":"https:\/\/esquell.eu\/de\/wp-json\/wp\/v2\/product\/24945","targetHints":{"allow":["GET"]}}],"collection":[{"href":"https:\/\/esquell.eu\/de\/wp-json\/wp\/v2\/product"}],"about":[{"href":"https:\/\/esquell.eu\/de\/wp-json\/wp\/v2\/types\/product"}],"replies":[{"embeddable":true,"href":"https:\/\/esquell.eu\/de\/wp-json\/wp\/v2\/comments?post=24945"}],"wp:featuredmedia":[{"embeddable":true,"href":"https:\/\/esquell.eu\/de\/wp-json\/wp\/v2\/media\/3908"}],"wp:attachment":[{"href":"https:\/\/esquell.eu\/de\/wp-json\/wp\/v2\/media?parent=24945"}],"wp:term":[{"taxonomy":"more","embeddable":true,"href":"https:\/\/esquell.eu\/de\/wp-json\/wp\/v2\/more?post=24945"},{"taxonomy":"product_brand","embeddable":true,"href":"https:\/\/esquell.eu\/de\/wp-json\/wp\/v2\/product_brand?post=24945"},{"taxonomy":"product_cat","embeddable":true,"href":"https:\/\/esquell.eu\/de\/wp-json\/wp\/v2\/product_cat?post=24945"},{"taxonomy":"product_tag","embeddable":true,"href":"https:\/\/esquell.eu\/de\/wp-json\/wp\/v2\/product_tag?post=24945"}],"curies":[{"name":"wp","href":"https:\/\/api.w.org\/{rel}","templated":true}]}}