{"id":24905,"date":"2025-04-03T09:27:09","date_gmt":"2025-04-03T09:27:09","guid":{"rendered":"https:\/\/esquell.eu\/product\/gussform-alphabet-kleine-buchstaben-f-0991\/"},"modified":"2025-04-03T09:27:09","modified_gmt":"2025-04-03T09:27:09","slug":"gussform-alphabet-kleine-buchstaben-f-0991","status":"publish","type":"product","link":"https:\/\/esquell.eu\/de\/produkt\/gussform-alphabet-kleine-buchstaben-f-0991\/","title":{"rendered":"Gussform Alphabet Kleine Buchstaben F-0991"},"content":{"rendered":"<p>Gussform mit kleinen Buchstaben, biegsam und flexibel.<br \/>\nDie Gr\u00f6\u00dfe der Gussform betr\u00e4gt 50x30mm.<\/p>\n","protected":false},"excerpt":{"rendered":"<p>Form f\u00fcr Kleinbuchstaben, biegsam und flexibel.  <br \/>Die Abmessungen der Form sind 50x30mm.  <\/p>\n","protected":false},"featured_media":3916,"comment_status":"closed","ping_status":"closed","template":"","meta":{"_acf_changed":false,"_seopress_robots_primary_cat":"none","_seopress_titles_title":"","_seopress_titles_desc":"","_seopress_robots_index":""},"more":[],"product_brand":[6413],"product_cat":[15620],"product_tag":[6446,16267,6684,6492,6699,6438,6458,6677,8599,6790,18812,6415,16271,16144,7387,6903,6793,8574,10209,7672,7809,6680,7547,6452,6673,6786,6885,7131,8019,8394,6905,6679,7545,6421,6444,6441,6455,19060,6682,6788,7674,6777,10284,10578,6820,6417,6490,14707,6435,15040,7511,6784,6449,16266,6814,19059,6783,11307],"class_list":{"0":"post-24905","1":"product","2":"type-product","3":"status-publish","4":"has-post-thumbnail","6":"product_brand-acs","7":"product_cat-schimmelpilze","8":"product_tag-aida","9":"product_tag-alphabet","10":"product_tag-anhanger","11":"product_tag-artclay","12":"product_tag-artclayacademy","13":"product_tag-artclaysilver","14":"product_tag-belgien","15":"product_tag-belgien-2","16":"product_tag-benelux","17":"product_tag-bestellung","18":"product_tag-biegsam","19":"product_tag-billig","20":"product_tag-brief","21":"product_tag-briefe","22":"product_tag-bronze","23":"product_tag-bronze-ton","24":"product_tag-einkaufen","25":"product_tag-europa","26":"product_tag-europa-2","27":"product_tag-fimo","28":"product_tag-flexibel","29":"product_tag-frankreich","30":"product_tag-frankreich-2","31":"product_tag-groshandel","32":"product_tag-japan","33":"product_tag-kaufen","34":"product_tag-kaufen-2","35":"product_tag-kupfer","36":"product_tag-kupfer-2","37":"product_tag-kupfer-3","38":"product_tag-kupferton","39":"product_tag-luxemburg","40":"product_tag-luxemburg-2","41":"product_tag-machen","42":"product_tag-metalclay","43":"product_tag-metallton","44":"product_tag-niederlande","45":"product_tag-offiziell","46":"product_tag-ohrringe","47":"product_tag-online","48":"product_tag-polymer-clay","49":"product_tag-ringe","50":"product_tag-schimmelpilz-2","51":"product_tag-schimmelpilz-3","52":"product_tag-schmuck-2","53":"product_tag-silber","54":"product_tag-silberton","55":"product_tag-silikon","56":"product_tag-ton","57":"product_tag-tone","58":"product_tag-tonschmuck","59":"product_tag-unter-2","60":"product_tag-verteiler","61":"product_tag-vorlagen-3","62":"product_tag-webshop","63":"product_tag-weltweit","64":"product_tag-wobei","65":"product_tag-zertifiziert-2","66":"product_shipping_class-standard","68":"first","69":"instock","70":"taxable","71":"shipping-taxable","72":"purchasable","73":"product-type-simple"},"acf":[],"_links":{"self":[{"href":"https:\/\/esquell.eu\/de\/wp-json\/wp\/v2\/product\/24905","targetHints":{"allow":["GET"]}}],"collection":[{"href":"https:\/\/esquell.eu\/de\/wp-json\/wp\/v2\/product"}],"about":[{"href":"https:\/\/esquell.eu\/de\/wp-json\/wp\/v2\/types\/product"}],"replies":[{"embeddable":true,"href":"https:\/\/esquell.eu\/de\/wp-json\/wp\/v2\/comments?post=24905"}],"wp:featuredmedia":[{"embeddable":true,"href":"https:\/\/esquell.eu\/de\/wp-json\/wp\/v2\/media\/3916"}],"wp:attachment":[{"href":"https:\/\/esquell.eu\/de\/wp-json\/wp\/v2\/media?parent=24905"}],"wp:term":[{"taxonomy":"more","embeddable":true,"href":"https:\/\/esquell.eu\/de\/wp-json\/wp\/v2\/more?post=24905"},{"taxonomy":"product_brand","embeddable":true,"href":"https:\/\/esquell.eu\/de\/wp-json\/wp\/v2\/product_brand?post=24905"},{"taxonomy":"product_cat","embeddable":true,"href":"https:\/\/esquell.eu\/de\/wp-json\/wp\/v2\/product_cat?post=24905"},{"taxonomy":"product_tag","embeddable":true,"href":"https:\/\/esquell.eu\/de\/wp-json\/wp\/v2\/product_tag?post=24905"}],"curies":[{"name":"wp","href":"https:\/\/api.w.org\/{rel}","templated":true}]}}