{"id":24885,"date":"2025-04-03T09:27:09","date_gmt":"2025-04-03T09:27:09","guid":{"rendered":"https:\/\/esquell.eu\/product\/stanzmatte-silikonfeld-blumenstrauss-groesse-gesamte-matte-1116-cm\/"},"modified":"2025-04-03T09:27:09","modified_gmt":"2025-04-03T09:27:09","slug":"stanzmatte-silikonfeld-blumenstrauss-groesse-gesamte-matte-1116-cm","status":"publish","type":"product","link":"https:\/\/esquell.eu\/de\/produkt\/stanzmatte-silikonfeld-blumenstrauss-groesse-gesamte-matte-1116-cm\/","title":{"rendered":"Stanzmatte Silikonfeld Blumenstrau\u00df Gr\u00f6\u00dfe gesamte Matte 11*16 cm"},"content":{"rendered":"<div class=\"product-addition-content\">\n<p>Mit dieser strukturierten Matte k\u00f6nnen Sie Strukturen auf Ton auftragen.<\/p>\n<p>Stempelmatte aus Silikon. Feld Blumenstrau\u00df Motiv <\/p>\n<p>Bei der Verwendung mit Silber-, Kupfer-, Bronze- und Goldton spr\u00fchen Sie die strukturierten Matten zun\u00e4chst mit der Antihaft-Formel von Coolslip ein oder reiben Sie sie mit Oliven\u00f6l ein.<\/p>\n<p>Wenn Sie mit Fimo, Cernit, Premo, Sculpy usw. arbeiten, verwenden Sie z.B. Talkumpuder, um ein Verkleben zu verhindern.<\/p>\n<\/div>\n","protected":false},"excerpt":{"rendered":"<p>Mit dieser strukturierten Matte k\u00f6nnen Sie Strukturen auf Ton auftragen.<\/p>\n<p>Stempelmatte aus Silikon. Feld Blumenstrau\u00df Motiv <\/p>\n<p>Bei der Verwendung mit Silber-, Kupfer-, Bronze- und Goldton spr\u00fchen Sie die strukturierten Matten zun\u00e4chst mit der Antihaft-Formel von Coolslip ein oder reiben Sie sie mit Oliven\u00f6l ein.<\/p>\n<p>Wenn Sie mit Fimo, Cernit, Premo, Sculpy usw. arbeiten, verwenden Sie z.B. Talkumpuder, um ein Verkleben zu verhindern.<\/p>\n","protected":false},"featured_media":8267,"comment_status":"closed","ping_status":"closed","template":"","meta":{"_acf_changed":false,"_seopress_robots_primary_cat":"none","_seopress_titles_title":"","_seopress_titles_desc":"","_seopress_robots_index":""},"more":[],"product_brand":[6365],"product_cat":[12225],"product_tag":[15900,7560,7803,17381,6684,9902,7335,7190,6944,8543,6458,6887,6840,6624,7387,6903,7676,6826,12080,8477,7802,15061,6909,7672,9552,6842,6824,6830,6767,6822,11399,6836,6696,6907,6611,6786,7131,8019,6905,8504,6932,6844,6421,15064,15993,6444,17380,6441,7800,15046,17387,17389,6455,6832,9175,6682,12099,6788,6828,8643,8001,7674,10007,6777,6419,6820,10473,17385,17379,6558,6417,6671,6812,6490,14707,7340,6913,6626,15219,17382,8631,6622,6834,17383,9204,11403,17391,6556,9203,9226,7511,6784,7811,6795,6694,17390,17386,17426,6783,6838,13340,7796],"class_list":{"0":"post-24885","1":"product","2":"type-product","3":"status-publish","4":"has-post-thumbnail","6":"product_brand-l1","7":"product_cat-texturen-und-stempel","8":"product_tag-hier-ist","9":"product_tag-3d","10":"product_tag-almelo","11":"product_tag-amcaw","12":"product_tag-anhanger","13":"product_tag-antihaftmittel","14":"product_tag-anwenden","15":"product_tag-art-clay","16":"product_tag-assen","17":"product_tag-aussie","18":"product_tag-belgien","19":"product_tag-biegsames-silber","20":"product_tag-brabant","21":"product_tag-briefmarken","22":"product_tag-bronze","23":"product_tag-bronze-ton","24":"product_tag-cernit","25":"product_tag-drenthe","26":"product_tag-elburg","27":"product_tag-emmen","28":"product_tag-enschede","29":"product_tag-erleichterung","30":"product_tag-facebook","31":"product_tag-fimo","32":"product_tag-fimonederland","33":"product_tag-flevoland","34":"product_tag-friesland","35":"product_tag-gelderland","36":"product_tag-gold","37":"product_tag-groningen","38":"product_tag-gummi-2","39":"product_tag-holland","40":"product_tag-ideen","41":"product_tag-instagram","42":"product_tag-kalteschutz","43":"product_tag-kaufen","44":"product_tag-kupfer","45":"product_tag-kupfer-2","46":"product_tag-kupferton","47":"product_tag-lager","48":"product_tag-leeuwarden","49":"product_tag-limburg","50":"product_tag-machen","51":"product_tag-matten","52":"product_tag-matten-2","53":"product_tag-metalclay","54":"product_tag-metalclayday","55":"product_tag-metallton","56":"product_tag-middelburg","57":"product_tag-muster","58":"product_tag-muster-2","59":"product_tag-nicht-2","60":"product_tag-niederlande","61":"product_tag-norden","62":"product_tag-nunspeet","63":"product_tag-ohrringe","64":"product_tag-ommen-2","65":"product_tag-online","66":"product_tag-overijssel","67":"product_tag-pinterest","68":"product_tag-pmc","69":"product_tag-polymer-clay","70":"product_tag-ressource","71":"product_tag-ringe","72":"product_tag-schmuck","73":"product_tag-schmuck-2","74":"product_tag-schmuck-selber-machen-2","75":"product_tag-sculpy","76":"product_tag-selbstdekoration","77":"product_tag-sie-selbst","78":"product_tag-silber","79":"product_tag-silber-2","80":"product_tag-silber-3","81":"product_tag-silberton","82":"product_tag-silikon","83":"product_tag-silverclay-co-uk","84":"product_tag-silveribelgie","85":"product_tag-stanzen","86":"product_tag-stanzmatte","87":"product_tag-stanzmatten","88":"product_tag-struktur","89":"product_tag-strukturen","90":"product_tag-sud","91":"product_tag-tapete","92":"product_tag-textur","93":"product_tag-texturmatte","94":"product_tag-tilbnurg","95":"product_tag-ton-3","96":"product_tag-tonkunst","97":"product_tag-tonkunst-2","98":"product_tag-tonschmuck","99":"product_tag-unter-2","100":"product_tag-urk","101":"product_tag-utrecht","102":"product_tag-von","103":"product_tag-watteninseln-rotterdam","104":"product_tag-wiederholung","105":"product_tag-wiederholung-2","106":"product_tag-wobei","107":"product_tag-zeeland","108":"product_tag-zilverkleinderland","109":"product_tag-zwolle","110":"product_shipping_class-standard","112":"first","113":"instock","114":"taxable","115":"shipping-taxable","116":"purchasable","117":"product-type-simple"},"acf":[],"_links":{"self":[{"href":"https:\/\/esquell.eu\/de\/wp-json\/wp\/v2\/product\/24885","targetHints":{"allow":["GET"]}}],"collection":[{"href":"https:\/\/esquell.eu\/de\/wp-json\/wp\/v2\/product"}],"about":[{"href":"https:\/\/esquell.eu\/de\/wp-json\/wp\/v2\/types\/product"}],"replies":[{"embeddable":true,"href":"https:\/\/esquell.eu\/de\/wp-json\/wp\/v2\/comments?post=24885"}],"wp:featuredmedia":[{"embeddable":true,"href":"https:\/\/esquell.eu\/de\/wp-json\/wp\/v2\/media\/8267"}],"wp:attachment":[{"href":"https:\/\/esquell.eu\/de\/wp-json\/wp\/v2\/media?parent=24885"}],"wp:term":[{"taxonomy":"more","embeddable":true,"href":"https:\/\/esquell.eu\/de\/wp-json\/wp\/v2\/more?post=24885"},{"taxonomy":"product_brand","embeddable":true,"href":"https:\/\/esquell.eu\/de\/wp-json\/wp\/v2\/product_brand?post=24885"},{"taxonomy":"product_cat","embeddable":true,"href":"https:\/\/esquell.eu\/de\/wp-json\/wp\/v2\/product_cat?post=24885"},{"taxonomy":"product_tag","embeddable":true,"href":"https:\/\/esquell.eu\/de\/wp-json\/wp\/v2\/product_tag?post=24885"}],"curies":[{"name":"wp","href":"https:\/\/api.w.org\/{rel}","templated":true}]}}