{"id":24848,"date":"2025-04-03T09:25:46","date_gmt":"2025-04-03T09:25:46","guid":{"rendered":"https:\/\/esquell.eu\/product\/silikonform-libelle-libellenfliege\/"},"modified":"2025-11-20T23:50:40","modified_gmt":"2025-11-20T23:50:40","slug":"silikonform-libelle-libellenfliege","status":"publish","type":"product","link":"https:\/\/esquell.eu\/de\/produkt\/silikonform-libelle-libellenfliege\/","title":{"rendered":"Silikonform Libelle &#8211; Libellenfliege"},"content":{"rendered":"<p>Silikonform mit Libelle, Libellenfliege.<\/p>\n<p>F\u00fcr Gr\u00f6\u00dfen, siehe Fotos<\/p>\n<p>Geeignet f\u00fcr Silberton, Metallton, Ton, UV-Harz, Harz, Acryl, Epoxid usw.<\/p>\n<p>Spr\u00fchen Sie vor der Verwendung mit Silberknete zuerst ein Antihaftmittel auf. Zum Beispiel Oliven\u00f6l oder <strong>Coolslip<\/strong> <\/p>\n","protected":false},"excerpt":{"rendered":"<p>Silikonform mit Libelle, Libellenfliege.<\/p>\n<p>F\u00fcr Gr\u00f6\u00dfen, siehe Fotos<\/p>\n<p>Geeignet f\u00fcr Silberton, Metallton, Ton, UV-Harz, Harz, Acryl, Epoxid usw.<\/p>\n<p>Bespr\u00fchen Sie die Silberknete vor der Verwendung mit einem Antihaftmittel. Zum Beispiel Oliven\u00f6l oder <strong><a href=\"https:\/\/www.esquell.nl\/p\/coolslip-antiplak-formule\">Coolslip<\/a><\/strong> <\/p>\n","protected":false},"featured_media":24852,"comment_status":"closed","ping_status":"closed","template":"","meta":{"_acf_changed":false,"_seopress_robots_primary_cat":"none","_seopress_titles_title":"","_seopress_titles_desc":"","_seopress_robots_index":""},"more":[],"product_brand":[6365],"product_cat":[15620,7717],"product_tag":[6684,9902,18976,6458,8949,6921,7076,18977,18980,18981,19612,6494,18978,12428,18979,15083,6680,7547,10311,6611,18544,18562,6679,7545,6421,6455,6682,8092,6777,10284,6419,6779,6558,14707,6697],"class_list":{"0":"post-24848","1":"product","2":"type-product","3":"status-publish","4":"has-post-thumbnail","6":"product_brand-l1","7":"product_cat-schimmelpilze","8":"product_cat-verkauf","9":"product_tag-anhanger","10":"product_tag-antihaftmittel","11":"product_tag-begium","12":"product_tag-belgien","13":"product_tag-brosche","14":"product_tag-charme","15":"product_tag-charme-2","16":"product_tag-coolsslip","17":"product_tag-cosplay","18":"product_tag-cosplay-schmuck","19":"product_tag-cosplay-schmuck-2","20":"product_tag-diy","21":"product_tag-estragon","22":"product_tag-fantasie","23":"product_tag-fliege-2","24":"product_tag-formen-2","25":"product_tag-frankreich","26":"product_tag-frankreich-2","27":"product_tag-hager","28":"product_tag-kalteschutz","29":"product_tag-libelle","30":"product_tag-libelle-2","31":"product_tag-luxemburg","32":"product_tag-luxemburg-2","33":"product_tag-machen","34":"product_tag-niederlande","35":"product_tag-ohrringe","36":"product_tag-ring","37":"product_tag-ringe","38":"product_tag-schimmelpilz-2","39":"product_tag-schmuck","40":"product_tag-selbstgemacht","41":"product_tag-sie-selbst","42":"product_tag-silikon","43":"product_tag-tasten","44":"product_shipping_class-standard","46":"first","47":"outofstock","48":"sale","49":"taxable","50":"shipping-taxable","51":"purchasable","52":"product-type-simple"},"acf":[],"_links":{"self":[{"href":"https:\/\/esquell.eu\/de\/wp-json\/wp\/v2\/product\/24848","targetHints":{"allow":["GET"]}}],"collection":[{"href":"https:\/\/esquell.eu\/de\/wp-json\/wp\/v2\/product"}],"about":[{"href":"https:\/\/esquell.eu\/de\/wp-json\/wp\/v2\/types\/product"}],"replies":[{"embeddable":true,"href":"https:\/\/esquell.eu\/de\/wp-json\/wp\/v2\/comments?post=24848"}],"wp:featuredmedia":[{"embeddable":true,"href":"https:\/\/esquell.eu\/de\/wp-json\/wp\/v2\/media\/24852"}],"wp:attachment":[{"href":"https:\/\/esquell.eu\/de\/wp-json\/wp\/v2\/media?parent=24848"}],"wp:term":[{"taxonomy":"more","embeddable":true,"href":"https:\/\/esquell.eu\/de\/wp-json\/wp\/v2\/more?post=24848"},{"taxonomy":"product_brand","embeddable":true,"href":"https:\/\/esquell.eu\/de\/wp-json\/wp\/v2\/product_brand?post=24848"},{"taxonomy":"product_cat","embeddable":true,"href":"https:\/\/esquell.eu\/de\/wp-json\/wp\/v2\/product_cat?post=24848"},{"taxonomy":"product_tag","embeddable":true,"href":"https:\/\/esquell.eu\/de\/wp-json\/wp\/v2\/product_tag?post=24848"}],"curies":[{"name":"wp","href":"https:\/\/api.w.org\/{rel}","templated":true}]}}