{"id":24814,"date":"2025-04-03T09:25:46","date_gmt":"2025-04-03T09:25:46","guid":{"rendered":"https:\/\/esquell.eu\/product\/silikonform-clover-4-fuer-anhaenger-ohrringe-charms-usw\/"},"modified":"2025-04-03T09:25:46","modified_gmt":"2025-04-03T09:25:46","slug":"silikonform-clover-4-fuer-anhaenger-ohrringe-charms-usw","status":"publish","type":"product","link":"https:\/\/esquell.eu\/de\/produkt\/silikonform-clover-4-fuer-anhaenger-ohrringe-charms-usw\/","title":{"rendered":"Silikonform Clover 4 f\u00fcr Anh\u00e4nger, Ohrringe, Charms usw."},"content":{"rendered":"<p>Silikonform. Kleeblatt 4. Die Gr\u00f6\u00dfe des Klees ist 2*3cm  <\/p>\n<p>Geeignet f\u00fcr Silver Clay, Metal Clay, Bronze und Kupfer Clay, Fimo und andere Polymer Clays.<\/p>\n","protected":false},"excerpt":{"rendered":"<p>Silikonform. Kleeblatt 4. Die Gr\u00f6\u00dfe des Klees ist 2*3cm  <\/p>\n<p>Geeignet f\u00fcr Silver Clay, Metal Clay, Bronze und Kupfer Clay, Fimo und andere Polymer Clays.<\/p>\n<p>&nbsp;<\/p>\n","protected":false},"featured_media":8286,"comment_status":"closed","ping_status":"closed","template":"","meta":{"_acf_changed":false,"_seopress_robots_primary_cat":"none","_seopress_titles_title":"","_seopress_titles_desc":"","_seopress_robots_index":""},"more":[],"product_brand":[6365],"product_cat":[15620],"product_tag":[10701,6506,8259,6948,6684,6924,14337,6944,18947,7812,6458,6790,12714,6887,8514,18946,18936,6903,6921,8942,16269,17929,7810,6883,7733,6881,6494,12839,9375,6793,8014,8477,10034,18926,7672,15083,12307,6769,18943,6822,18944,9678,11644,9609,9865,18920,6946,8487,12150,6786,6885,18940,18319,6905,6932,8498,6421,8491,6441,6455,6682,6788,18941,7674,12842,10284,6419,6820,8500,10473,6779,6558,17148,6490,14707,6913,18932,8494,11713,18942,18938,6556,9584,18928,8547,9226,7511,7561,6784,18934,18922,18924,15628,16266,10105,18930,6783,18945,6911],"class_list":{"0":"post-24814","1":"product","2":"type-product","3":"status-publish","4":"has-post-thumbnail","6":"product_brand-l1","7":"product_cat-schimmelpilze","8":"product_tag-10701","9":"product_tag-6506","10":"product_tag-acryl","11":"product_tag-almere","12":"product_tag-anhanger","13":"product_tag-anhanger-2","14":"product_tag-anhanger-5","15":"product_tag-assen","16":"product_tag-bar","17":"product_tag-beilen","18":"product_tag-belgien","19":"product_tag-bestellung","20":"product_tag-bettelarmband","21":"product_tag-biegsames-silber","22":"product_tag-blick","23":"product_tag-bolsward","24":"product_tag-broger","25":"product_tag-bronze-ton","26":"product_tag-charme","27":"product_tag-charme-3","28":"product_tag-charme-5","29":"product_tag-charme-6","30":"product_tag-coevorden","31":"product_tag-deutschland","32":"product_tag-deutschland-2","33":"product_tag-deutsland","34":"product_tag-diy","35":"product_tag-dokkum","36":"product_tag-drachten","37":"product_tag-einkaufen","38":"product_tag-einkaufen-2","39":"product_tag-emmen","40":"product_tag-epoxid","41":"product_tag-epoxid-schmuck-2","42":"product_tag-fimo","43":"product_tag-formen-2","44":"product_tag-giethoorn","45":"product_tag-goldton","46":"product_tag-gorredijk","47":"product_tag-groningen","48":"product_tag-gruppe","49":"product_tag-hardenberg","50":"product_tag-harlingen","51":"product_tag-harz","52":"product_tag-harz-2","53":"product_tag-harz-schmuck-2","54":"product_tag-heerenveen","55":"product_tag-hoogeveen","56":"product_tag-hoogezand","57":"product_tag-kaufen","58":"product_tag-kaufen-2","59":"product_tag-klazienaveeen","60":"product_tag-klee-2","61":"product_tag-kupferton","62":"product_tag-leeuwarden","63":"product_tag-lemmer","64":"product_tag-machen","65":"product_tag-meppel","66":"product_tag-metallton","67":"product_tag-niederlande","68":"product_tag-ohrringe","69":"product_tag-online","70":"product_tag-oosterwolde-appelscha","71":"product_tag-polymer-clay","72":"product_tag-roden","73":"product_tag-schimmelpilz-2","74":"product_tag-schmuck","75":"product_tag-schmuck-2","76":"product_tag-schmuck-selber-machen","77":"product_tag-schmuck-selber-machen-2","78":"product_tag-selbstgemacht","79":"product_tag-sie-selbst","80":"product_tag-silber-6","81":"product_tag-silberton","82":"product_tag-silikon","83":"product_tag-silveribelgie","84":"product_tag-stadskanaal","85":"product_tag-steenwijk","86":"product_tag-stiens","87":"product_tag-surhuisterveen","88":"product_tag-ter-apel","89":"product_tag-ton-3","90":"product_tag-ton-4","91":"product_tag-ton-anhanger-2","92":"product_tag-ton-ohrringe","93":"product_tag-tonkunst-2","94":"product_tag-tonschmuck","95":"product_tag-tonschmuck-2","96":"product_tag-unter-2","97":"product_tag-veendam-stadskanaal","98":"product_tag-vier","99":"product_tag-vierblattriges-kleeblatt","100":"product_tag-vorlage-2","101":"product_tag-vorlagen-3","102":"product_tag-winschoten","103":"product_tag-winsum","104":"product_tag-wobei","105":"product_tag-workum","106":"product_tag-zilverkleinederland","107":"product_shipping_class-standard","109":"first","110":"instock","111":"taxable","112":"shipping-taxable","113":"purchasable","114":"product-type-simple"},"acf":[],"_links":{"self":[{"href":"https:\/\/esquell.eu\/de\/wp-json\/wp\/v2\/product\/24814","targetHints":{"allow":["GET"]}}],"collection":[{"href":"https:\/\/esquell.eu\/de\/wp-json\/wp\/v2\/product"}],"about":[{"href":"https:\/\/esquell.eu\/de\/wp-json\/wp\/v2\/types\/product"}],"replies":[{"embeddable":true,"href":"https:\/\/esquell.eu\/de\/wp-json\/wp\/v2\/comments?post=24814"}],"wp:featuredmedia":[{"embeddable":true,"href":"https:\/\/esquell.eu\/de\/wp-json\/wp\/v2\/media\/8286"}],"wp:attachment":[{"href":"https:\/\/esquell.eu\/de\/wp-json\/wp\/v2\/media?parent=24814"}],"wp:term":[{"taxonomy":"more","embeddable":true,"href":"https:\/\/esquell.eu\/de\/wp-json\/wp\/v2\/more?post=24814"},{"taxonomy":"product_brand","embeddable":true,"href":"https:\/\/esquell.eu\/de\/wp-json\/wp\/v2\/product_brand?post=24814"},{"taxonomy":"product_cat","embeddable":true,"href":"https:\/\/esquell.eu\/de\/wp-json\/wp\/v2\/product_cat?post=24814"},{"taxonomy":"product_tag","embeddable":true,"href":"https:\/\/esquell.eu\/de\/wp-json\/wp\/v2\/product_tag?post=24814"}],"curies":[{"name":"wp","href":"https:\/\/api.w.org\/{rel}","templated":true}]}}