{"id":24794,"date":"2025-04-03T09:25:46","date_gmt":"2025-04-03T09:25:46","guid":{"rendered":"https:\/\/esquell.eu\/product\/form-fuer-ringe-in-8-verschiedenen-groessen-mt-15-bis-19\/"},"modified":"2026-02-14T10:23:51","modified_gmt":"2026-02-14T10:23:51","slug":"form-fuer-ringe-in-8-verschiedenen-groessen-mt-15-bis-19","status":"publish","type":"product","link":"https:\/\/esquell.eu\/de\/produkt\/form-fuer-ringe-in-8-verschiedenen-groessen-mt-15-bis-19\/","title":{"rendered":"Form f\u00fcr Ringe in 8 verschiedenen Gr\u00f6\u00dfen. mt 15 bis 19"},"content":{"rendered":"<div class=\"product-addition-content\">\n<p>Form f\u00fcr Ringe in 8 verschiedenen Gr\u00f6\u00dfen. F\u00fcr Ringe der Gr\u00f6\u00dfen 15 bis 19. <\/p>\n<p>F\u00fcr UV-Harz, Harz, Silberton.<\/p>\n<p>Ring Vorlage<\/p>\n<\/div>\n","protected":false},"excerpt":{"rendered":"<p>Form f\u00fcr Ringe in 8 verschiedenen Gr\u00f6\u00dfen. F\u00fcr Ringe der Gr\u00f6\u00dfen 15 bis 19. <\/p>\n<p>F\u00fcr UV-Harz, Harz, Silberton.<\/p>\n<p>Ring Vorlage<\/p>\n","protected":false},"featured_media":24795,"comment_status":"closed","ping_status":"closed","template":"","meta":{"_acf_changed":false,"_seopress_robots_primary_cat":"none","_seopress_titles_title":"","_seopress_titles_desc":"","_seopress_robots_index":""},"more":[],"product_brand":[6365],"product_cat":[15620],"product_tag":[10429,8013,18862,8016,18863,7080,18861,7103,12355,7560,8259,9081,18870,6492,18866,6790,6494,10034,6895,7672,15083,7680,7017,17261,17990,11308,9609,9865,11260,6897,17259,11261,6786,6885,6421,6444,6441,8696,6788,7674,8092,6777,18865,18867,10284,10578,6419,7021,6899,6779,18864,6490,14707,18869,10286,6622,18819,6435,6556,6893,6784,10391,9465,17173,6783,18868,17174],"class_list":{"0":"post-24794","1":"product","2":"type-product","3":"status-publish","4":"has-post-thumbnail","6":"product_brand-l1","7":"product_cat-schimmelpilze","8":"product_tag-10429","9":"product_tag-8013","10":"product_tag-18862","11":"product_tag-8016","12":"product_tag-18863","13":"product_tag-7080","14":"product_tag-18861","15":"product_tag-7103","16":"product_tag-23-schmuck","17":"product_tag-3d","18":"product_tag-acryl","19":"product_tag-als","20":"product_tag-anleitungen","21":"product_tag-artclay","22":"product_tag-asche-ornament","23":"product_tag-bestellung","24":"product_tag-diy","25":"product_tag-epoxid","26":"product_tag-es","27":"product_tag-fimo","28":"product_tag-formen-2","29":"product_tag-formulare","30":"product_tag-fur","31":"product_tag-gedenkschmuck-3","32":"product_tag-gedenkschmuck-4","33":"product_tag-grosen","34":"product_tag-harz","35":"product_tag-harz-2","36":"product_tag-hund","37":"product_tag-ihr","38":"product_tag-ihre","39":"product_tag-katze","40":"product_tag-kaufen","41":"product_tag-kaufen-2","42":"product_tag-machen","43":"product_tag-metalclay","44":"product_tag-metallton","45":"product_tag-modellierung-2","46":"product_tag-online","47":"product_tag-polymer-clay","48":"product_tag-ring","49":"product_tag-ringe","50":"product_tag-ringvorlage","51":"product_tag-rosshaar","52":"product_tag-schimmelpilz-2","53":"product_tag-schimmelpilz-3","54":"product_tag-schmuck","55":"product_tag-schmuck-3","56":"product_tag-selbst","57":"product_tag-selbstgemacht","58":"product_tag-selbstklingeln","59":"product_tag-silberton","60":"product_tag-silikon","61":"product_tag-silikon-4","62":"product_tag-speicher","63":"product_tag-strukturen","64":"product_tag-tiere","65":"product_tag-ton","66":"product_tag-ton-3","67":"product_tag-tun","68":"product_tag-unter-2","69":"product_tag-uv","70":"product_tag-verschiedene","71":"product_tag-wie-2","72":"product_tag-wobei","73":"product_tag-zahn","74":"product_tag-zu-3","75":"product_shipping_class-standard","77":"first","78":"instock","79":"taxable","80":"shipping-taxable","81":"purchasable","82":"product-type-simple"},"acf":[],"_links":{"self":[{"href":"https:\/\/esquell.eu\/de\/wp-json\/wp\/v2\/product\/24794","targetHints":{"allow":["GET"]}}],"collection":[{"href":"https:\/\/esquell.eu\/de\/wp-json\/wp\/v2\/product"}],"about":[{"href":"https:\/\/esquell.eu\/de\/wp-json\/wp\/v2\/types\/product"}],"replies":[{"embeddable":true,"href":"https:\/\/esquell.eu\/de\/wp-json\/wp\/v2\/comments?post=24794"}],"wp:featuredmedia":[{"embeddable":true,"href":"https:\/\/esquell.eu\/de\/wp-json\/wp\/v2\/media\/24795"}],"wp:attachment":[{"href":"https:\/\/esquell.eu\/de\/wp-json\/wp\/v2\/media?parent=24794"}],"wp:term":[{"taxonomy":"more","embeddable":true,"href":"https:\/\/esquell.eu\/de\/wp-json\/wp\/v2\/more?post=24794"},{"taxonomy":"product_brand","embeddable":true,"href":"https:\/\/esquell.eu\/de\/wp-json\/wp\/v2\/product_brand?post=24794"},{"taxonomy":"product_cat","embeddable":true,"href":"https:\/\/esquell.eu\/de\/wp-json\/wp\/v2\/product_cat?post=24794"},{"taxonomy":"product_tag","embeddable":true,"href":"https:\/\/esquell.eu\/de\/wp-json\/wp\/v2\/product_tag?post=24794"}],"curies":[{"name":"wp","href":"https:\/\/api.w.org\/{rel}","templated":true}]}}