{"id":24764,"date":"2025-04-03T09:25:46","date_gmt":"2025-04-03T09:25:46","guid":{"rendered":"https:\/\/esquell.eu\/product\/silikonform-blaetter\/"},"modified":"2025-04-03T09:25:46","modified_gmt":"2025-04-03T09:25:46","slug":"silikonform-blaetter","status":"publish","type":"product","link":"https:\/\/esquell.eu\/de\/produkt\/silikonform-blaetter\/","title":{"rendered":"Silikonform Bl\u00e4tter"},"content":{"rendered":"<p>Silikonform mit verschiedenen Bl\u00e4ttern.<\/p>\n<p>Das kleinste Bl\u00fctenblatt ist 8 mm gro\u00df. Das gr\u00f6\u00dfte 30 mm <\/p>\n<p>F\u00fcr Ohrstecker, Anh\u00e4nger, Charms, Ringe usw.<\/p>\n<p>Zur Verwendung mit Metal Clay, Silber Clay, Bronze Clay, Kupfer Clay, Fimo, Polymer Clay, Cernit usw.<\/p>\n","protected":false},"excerpt":{"rendered":"<p>Silikonform mit verschiedenen Bl\u00e4ttern.<\/p>\n<p>Das kleinste Bl\u00fctenblatt ist 8 mm gro\u00df. Das gr\u00f6\u00dfte 30 mm <\/p>\n<p>F\u00fcr Ohrstecker, Anh\u00e4nger, Charms, Ringe usw.<\/p>\n<p>Zur Verwendung mit Metal Clay, Silber Clay, Bronze Clay, Kupfer Clay, Fimo, Polymer Clay, Cernit usw.<\/p>\n<p>Spr\u00fchen Sie vor dem Gebrauch immer mit der Coolslip Anti-Haft-Formel. Dies verhindert, dass der Ton an den Formen klebt. <\/p>\n","protected":false},"featured_media":3927,"comment_status":"closed","ping_status":"closed","template":"","meta":{"_acf_changed":false,"_seopress_robots_primary_cat":"none","_seopress_titles_title":"","_seopress_titles_desc":"","_seopress_robots_index":""},"more":[],"product_brand":[],"product_cat":[15620],"product_tag":[6446,6942,6817,6802,6924,6438,8543,6458,6415,7667,7669,8514,7700,7696,6840,6903,7676,6494,6826,8502,18821,9979,8512,7802,6842,7809,9403,7555,7682,7680,6824,6830,18818,7171,10778,6946,6836,6696,8640,6673,6786,7377,8261,6498,8394,6905,7137,7744,8504,6932,8498,6844,6421,6444,7557,8137,18817,6441,18192,6455,6832,6682,6828,8131,11262,16245,16246,7674,7133,6806,8092,6777,6928,10284,6419,17478,18824,18823,6558,6417,6812,7086,6490,18820,7340,18822,6622,6834,18819,6500,18194,6784,6795,16266,9818,6783,7064,6838,7796],"class_list":{"0":"post-24764","1":"product","2":"type-product","3":"status-publish","4":"has-post-thumbnail","6":"product_cat-schimmelpilze","7":"product_tag-aida","8":"product_tag-alkmaar","9":"product_tag-amsterdam","10":"product_tag-angebot","11":"product_tag-anhanger-2","12":"product_tag-artclaysilver","13":"product_tag-aussie","14":"product_tag-belgien","15":"product_tag-billig","16":"product_tag-blatt","17":"product_tag-blatter","18":"product_tag-blick","19":"product_tag-blume","20":"product_tag-blumen","21":"product_tag-brabant","22":"product_tag-bronze-ton","23":"product_tag-cernit","24":"product_tag-diy","25":"product_tag-drenthe","26":"product_tag-dronten","27":"product_tag-edelmetall-2","28":"product_tag-einzigartig","29":"product_tag-emmeloord","30":"product_tag-enschede","31":"product_tag-flevoland","32":"product_tag-flexibel","33":"product_tag-flexibel-2","34":"product_tag-formbare","35":"product_tag-formen-schneiden","36":"product_tag-formulare","37":"product_tag-friesland","38":"product_tag-gelderland","39":"product_tag-groiningen","40":"product_tag-gut-2","41":"product_tag-gut-4","42":"product_tag-heerenveen","43":"product_tag-holland","44":"product_tag-ideen","45":"product_tag-inspiration","46":"product_tag-japan","47":"product_tag-kaufen","48":"product_tag-klein","49":"product_tag-klein-2","50":"product_tag-kunst","51":"product_tag-kupfer-3","52":"product_tag-kupferton","53":"product_tag-kupferton-2","54":"product_tag-kutter-2","55":"product_tag-lager","56":"product_tag-leeuwarden","57":"product_tag-lemmer","58":"product_tag-limburg","59":"product_tag-machen","60":"product_tag-metalclay","61":"product_tag-metall","62":"product_tag-metall-3","63":"product_tag-metallarbeiten","64":"product_tag-metallton","65":"product_tag-nevisas","66":"product_tag-niederlande","67":"product_tag-norden","68":"product_tag-ohrringe","69":"product_tag-overijssel","70":"product_tag-personlich","71":"product_tag-personlich-2","72":"product_tag-pferd","73":"product_tag-pferde","74":"product_tag-polymer-clay","75":"product_tag-prometheus","76":"product_tag-rabatt","77":"product_tag-ring","78":"product_tag-ringe","79":"product_tag-rotterdam","80":"product_tag-schimmelpilz-2","81":"product_tag-schmuck","82":"product_tag-schmuck-vorlage-2","83":"product_tag-schmuck-vorlage-5","84":"product_tag-schmuckformen-3","85":"product_tag-sie-selbst","86":"product_tag-silber","87":"product_tag-silber-3","88":"product_tag-silberschmiede","89":"product_tag-silberton","90":"product_tag-sillikon","91":"product_tag-silverclay-co-uk","92":"product_tag-spezial","93":"product_tag-strukturen","94":"product_tag-sud","95":"product_tag-tiere","96":"product_tag-ton-2","97":"product_tag-traum","98":"product_tag-unter-2","99":"product_tag-utrecht","100":"product_tag-vorlagen-3","101":"product_tag-wertvoll","102":"product_tag-wobei","103":"product_tag-workshop","104":"product_tag-zeeland","105":"product_tag-zwolle","106":"product_shipping_class-standard","108":"first","109":"instock","110":"taxable","111":"shipping-taxable","112":"purchasable","113":"product-type-simple"},"acf":[],"_links":{"self":[{"href":"https:\/\/esquell.eu\/de\/wp-json\/wp\/v2\/product\/24764","targetHints":{"allow":["GET"]}}],"collection":[{"href":"https:\/\/esquell.eu\/de\/wp-json\/wp\/v2\/product"}],"about":[{"href":"https:\/\/esquell.eu\/de\/wp-json\/wp\/v2\/types\/product"}],"replies":[{"embeddable":true,"href":"https:\/\/esquell.eu\/de\/wp-json\/wp\/v2\/comments?post=24764"}],"wp:featuredmedia":[{"embeddable":true,"href":"https:\/\/esquell.eu\/de\/wp-json\/wp\/v2\/media\/3927"}],"wp:attachment":[{"href":"https:\/\/esquell.eu\/de\/wp-json\/wp\/v2\/media?parent=24764"}],"wp:term":[{"taxonomy":"more","embeddable":true,"href":"https:\/\/esquell.eu\/de\/wp-json\/wp\/v2\/more?post=24764"},{"taxonomy":"product_brand","embeddable":true,"href":"https:\/\/esquell.eu\/de\/wp-json\/wp\/v2\/product_brand?post=24764"},{"taxonomy":"product_cat","embeddable":true,"href":"https:\/\/esquell.eu\/de\/wp-json\/wp\/v2\/product_cat?post=24764"},{"taxonomy":"product_tag","embeddable":true,"href":"https:\/\/esquell.eu\/de\/wp-json\/wp\/v2\/product_tag?post=24764"}],"curies":[{"name":"wp","href":"https:\/\/api.w.org\/{rel}","templated":true}]}}