{"id":24693,"date":"2025-04-03T09:24:49","date_gmt":"2025-04-03T09:24:49","guid":{"rendered":"https:\/\/esquell.eu\/product\/silikon-miniformen-fuer-lippen-muender\/"},"modified":"2025-04-03T09:24:49","modified_gmt":"2025-04-03T09:24:49","slug":"silikon-miniformen-fuer-lippen-muender","status":"publish","type":"product","link":"https:\/\/esquell.eu\/de\/produkt\/silikon-miniformen-fuer-lippen-muender\/","title":{"rendered":"Silikon-Miniformen f\u00fcr Lippen, M\u00fcnder"},"content":{"rendered":"<p>Mini-Silikonform Flederm\u00e4use<\/p>\n<p>Gr\u00f6\u00dfe der gesamten Form ca. 55mm * 45mm<\/p>\n","protected":false},"excerpt":{"rendered":"<p>Silikon-Mini-Form Lippen, M\u00fcnder<\/p>\n<p>Ma\u00dfe gesamte Form ca. 55mm * 45mm<\/p>\n","protected":false},"featured_media":8306,"comment_status":"closed","ping_status":"closed","template":"","meta":{"_acf_changed":false,"_seopress_robots_primary_cat":"none","_seopress_titles_title":"","_seopress_titles_desc":"","_seopress_robots_index":""},"more":[],"product_brand":[6365],"product_cat":[15620],"product_tag":[15900,9187,7560,6446,6948,18222,6492,6438,6458,6677,6675,6881,10034,6909,18218,18757,18755,18221,18500,7680,6680,9609,9865,15759,8544,6696,6907,6673,10710,6679,6421,18220,18219,6444,6441,6373,6455,8510,8643,10284,6419,6490,14707,7340,6435,6500,6556,7511,7561,17440,15628,16266],"class_list":{"0":"post-24693","1":"product","2":"type-product","3":"status-publish","4":"has-post-thumbnail","6":"product_brand-l1","7":"product_cat-schimmelpilze","8":"product_tag-hier-ist","9":"product_tag-co-uk","10":"product_tag-3d","11":"product_tag-aida","12":"product_tag-almere","13":"product_tag-amstedam","14":"product_tag-artclay","15":"product_tag-artclaysilver","16":"product_tag-belgien","17":"product_tag-belgien-2","18":"product_tag-craftlines","19":"product_tag-deutsland","20":"product_tag-epoxid","21":"product_tag-facebook","22":"product_tag-fledermaus","23":"product_tag-fledermaus-2","24":"product_tag-fledermause","25":"product_tag-fliegen","26":"product_tag-flugel","27":"product_tag-formulare","28":"product_tag-frankreich","29":"product_tag-harz","30":"product_tag-harz-2","31":"product_tag-herz","32":"product_tag-hobby","33":"product_tag-ideen","34":"product_tag-instagram","35":"product_tag-japan","36":"product_tag-leleystad","37":"product_tag-luxemburg","38":"product_tag-machen","39":"product_tag-maus","40":"product_tag-mause","41":"product_tag-metalclay","42":"product_tag-metallton","43":"product_tag-mini","44":"product_tag-niederlande","45":"product_tag-perlenladen","46":"product_tag-pinterest","47":"product_tag-schimmelpilz-2","48":"product_tag-schmuck","49":"product_tag-silberton","50":"product_tag-silikon","51":"product_tag-silverclay-co-uk","52":"product_tag-ton","53":"product_tag-ton-2","54":"product_tag-ton-3","55":"product_tag-tonschmuck","56":"product_tag-tonschmuck-2","57":"product_tag-tonwarengeschaft","58":"product_tag-vorlage-2","59":"product_tag-vorlagen-3","60":"product_shipping_class-standard","62":"first","63":"instock","64":"taxable","65":"shipping-taxable","66":"purchasable","67":"product-type-simple"},"acf":[],"_links":{"self":[{"href":"https:\/\/esquell.eu\/de\/wp-json\/wp\/v2\/product\/24693","targetHints":{"allow":["GET"]}}],"collection":[{"href":"https:\/\/esquell.eu\/de\/wp-json\/wp\/v2\/product"}],"about":[{"href":"https:\/\/esquell.eu\/de\/wp-json\/wp\/v2\/types\/product"}],"replies":[{"embeddable":true,"href":"https:\/\/esquell.eu\/de\/wp-json\/wp\/v2\/comments?post=24693"}],"wp:featuredmedia":[{"embeddable":true,"href":"https:\/\/esquell.eu\/de\/wp-json\/wp\/v2\/media\/8306"}],"wp:attachment":[{"href":"https:\/\/esquell.eu\/de\/wp-json\/wp\/v2\/media?parent=24693"}],"wp:term":[{"taxonomy":"more","embeddable":true,"href":"https:\/\/esquell.eu\/de\/wp-json\/wp\/v2\/more?post=24693"},{"taxonomy":"product_brand","embeddable":true,"href":"https:\/\/esquell.eu\/de\/wp-json\/wp\/v2\/product_brand?post=24693"},{"taxonomy":"product_cat","embeddable":true,"href":"https:\/\/esquell.eu\/de\/wp-json\/wp\/v2\/product_cat?post=24693"},{"taxonomy":"product_tag","embeddable":true,"href":"https:\/\/esquell.eu\/de\/wp-json\/wp\/v2\/product_tag?post=24693"}],"curies":[{"name":"wp","href":"https:\/\/api.w.org\/{rel}","templated":true}]}}