{"id":24620,"date":"2025-04-03T09:24:49","date_gmt":"2025-04-03T09:24:49","guid":{"rendered":"https:\/\/esquell.eu\/product\/silikonform-kuh-stier-schaedel-kuh-hoerner\/"},"modified":"2025-04-03T09:24:49","modified_gmt":"2025-04-03T09:24:49","slug":"silikonform-kuh-stier-schaedel-kuh-hoerner","status":"publish","type":"product","link":"https:\/\/esquell.eu\/de\/produkt\/silikonform-kuh-stier-schaedel-kuh-hoerner\/","title":{"rendered":"Silikonform Kuh Stier Sch\u00e4del. Kuh, H\u00f6rner"},"content":{"rendered":"<p>Silikonform Kuh Stier Sch\u00e4del. Kuh, H\u00f6rner <\/p>\n<p>F\u00fcr Harz, Ton, Schmuckherstellung usw.<\/p>\n<p>F\u00fcr Abmessungen siehe 2. Foto<\/p>\n<p>Tipp: Bei Verwendung mit Metallton <strong><u>Coolslip <\/u><\/strong>als Anti-Haft-Mittel verwenden<\/p>\n","protected":false},"excerpt":{"rendered":"<p>Silikonform Kuh Stier Sch\u00e4del. Kuh, H\u00f6rner <\/p>\n<p>&nbsp;<\/p>\n<p>F\u00fcr Harz, Ton, Schmuckherstellung usw.<\/p>\n<p>F\u00fcr Abmessungen siehe 2. Foto<\/p>\n<p>&nbsp;<\/p>\n<p>Tipp: Bei Verwendung mit Metallton <strong><a href=\"https:\/\/www.esquell.nl\/p\/coolslip-antiplak-formule\"><u>Coolslip <\/u><\/a><\/strong>als Anti-Haft-Mittel verwenden<\/p>\n","protected":false},"featured_media":8327,"comment_status":"closed","ping_status":"closed","template":"","meta":{"_acf_changed":false,"_seopress_robots_primary_cat":"none","_seopress_titles_title":"","_seopress_titles_desc":"","_seopress_robots_index":""},"more":[],"product_brand":[6365],"product_cat":[15620],"product_tag":[8259,12729,18686,18689,9609,9865,15759,15761,18682,9655,18684,6421,10284,10578,6419,6820,14707,18694,6556,10391,18696,18692],"class_list":{"0":"post-24620","1":"product","2":"type-product","3":"status-publish","4":"has-post-thumbnail","6":"product_brand-l1","7":"product_cat-schimmelpilze","8":"product_tag-acryl","9":"product_tag-anmutig-2","10":"product_tag-bulle","11":"product_tag-cowboy","12":"product_tag-harz","13":"product_tag-harz-2","14":"product_tag-herz","15":"product_tag-herzen","16":"product_tag-horner","17":"product_tag-kuh","18":"product_tag-kuh-2","19":"product_tag-machen","20":"product_tag-schimmelpilz-2","21":"product_tag-schimmelpilz-3","22":"product_tag-schmuck","23":"product_tag-schmuck-2","24":"product_tag-silikon","25":"product_tag-stiefel","26":"product_tag-ton-3","27":"product_tag-uv","28":"product_tag-westernstiefel","29":"product_tag-westlich","30":"product_shipping_class-standard","32":"first","33":"instock","34":"taxable","35":"shipping-taxable","36":"purchasable","37":"product-type-simple"},"acf":[],"_links":{"self":[{"href":"https:\/\/esquell.eu\/de\/wp-json\/wp\/v2\/product\/24620","targetHints":{"allow":["GET"]}}],"collection":[{"href":"https:\/\/esquell.eu\/de\/wp-json\/wp\/v2\/product"}],"about":[{"href":"https:\/\/esquell.eu\/de\/wp-json\/wp\/v2\/types\/product"}],"replies":[{"embeddable":true,"href":"https:\/\/esquell.eu\/de\/wp-json\/wp\/v2\/comments?post=24620"}],"wp:featuredmedia":[{"embeddable":true,"href":"https:\/\/esquell.eu\/de\/wp-json\/wp\/v2\/media\/8327"}],"wp:attachment":[{"href":"https:\/\/esquell.eu\/de\/wp-json\/wp\/v2\/media?parent=24620"}],"wp:term":[{"taxonomy":"more","embeddable":true,"href":"https:\/\/esquell.eu\/de\/wp-json\/wp\/v2\/more?post=24620"},{"taxonomy":"product_brand","embeddable":true,"href":"https:\/\/esquell.eu\/de\/wp-json\/wp\/v2\/product_brand?post=24620"},{"taxonomy":"product_cat","embeddable":true,"href":"https:\/\/esquell.eu\/de\/wp-json\/wp\/v2\/product_cat?post=24620"},{"taxonomy":"product_tag","embeddable":true,"href":"https:\/\/esquell.eu\/de\/wp-json\/wp\/v2\/product_tag?post=24620"}],"curies":[{"name":"wp","href":"https:\/\/api.w.org\/{rel}","templated":true}]}}