{"id":24589,"date":"2025-04-03T09:24:36","date_gmt":"2025-04-03T09:24:36","guid":{"rendered":"https:\/\/esquell.eu\/product\/silikonform-zweig-mit-knospe\/"},"modified":"2025-04-03T09:24:36","modified_gmt":"2025-04-03T09:24:36","slug":"silikonform-zweig-mit-knospe","status":"publish","type":"product","link":"https:\/\/esquell.eu\/de\/produkt\/silikonform-zweig-mit-knospe\/","title":{"rendered":"Silikonform Zweig mit Knospe"},"content":{"rendered":"<p>Silikonform Zweig mit Knospe<\/p>\n<p>F\u00fcr Gr\u00f6\u00dfen, siehe Fotos<\/p>\n<p>Geeignet f\u00fcr Silberknete, Metallknete, Ton, UV-Harz, Harz, Acryl, Epoxy usw.<br \/>\nSchmuck aus Ton, Schmuckherstellung aus Ton. DIY-Schmuck. <\/p>\n<p>Spr\u00fchen Sie vor der Verwendung mit Silberknete zun\u00e4chst ein Antihaftmittel auf, z.B. Oliven\u00f6l oder Coolslip Antihaftformel f\u00fcr Metallknete<\/p>\n","protected":false},"excerpt":{"rendered":"<p>Silikonform Zweig mit Knospe<\/p>\n<p>Gr\u00f6\u00dfen siehe Bilder  <\/p>\n<p>Geeignet f\u00fcr Silberton, Metallton, Ton, UV-Harz, Harz, Acryl, Epoxid usw.<\/p>\n<p>Bespr\u00fchen Sie die Silberknete vor der Verwendung mit einem Antihaftmittel. Zum Beispiel Oliven\u00f6l oder <strong><a href=\"https:\/\/www.esquell.nl\/p\/coolslip-antiplak-formule\">Coolslip<\/a><\/strong> <\/p>\n","protected":false},"featured_media":3940,"comment_status":"closed","ping_status":"closed","template":"","meta":{"_acf_changed":false,"_seopress_robots_primary_cat":"none","_seopress_titles_title":"","_seopress_titles_desc":"","_seopress_robots_index":""},"more":[],"product_brand":[],"product_cat":[15620],"product_tag":[6446,6492,6438,6458,6677,15751,6903,7392,6494,10034,18543,18218,6680,7547,18542,18608,9609,9865,6673,6804,6498,6905,7137,18544,6679,7545,6421,6455,7674,10284,10578,6419,6820,6779,7509,6812,6490,14707,18605,6435,6500,6556,7511,7561,6449,18545,17427],"class_list":{"0":"post-24589","1":"product","2":"type-product","3":"status-publish","4":"has-post-thumbnail","6":"product_cat-schimmelpilze","7":"product_tag-aida","8":"product_tag-artclay","9":"product_tag-artclaysilver","10":"product_tag-belgien","11":"product_tag-belgien-2","12":"product_tag-blute","13":"product_tag-bronze-ton","14":"product_tag-bronzeclay","15":"product_tag-diy","16":"product_tag-epoxid","17":"product_tag-fantasie-2","18":"product_tag-fledermaus","19":"product_tag-frankreich","20":"product_tag-frankreich-2","21":"product_tag-gosplay","22":"product_tag-groshandel-2","23":"product_tag-harz","24":"product_tag-harz-2","25":"product_tag-japan","26":"product_tag-kostenlos","27":"product_tag-kunst","28":"product_tag-kupferton","29":"product_tag-kupferton-2","30":"product_tag-libelle","31":"product_tag-luxemburg","32":"product_tag-luxemburg-2","33":"product_tag-machen","34":"product_tag-niederlande","35":"product_tag-polymer-clay","36":"product_tag-schimmelpilz-2","37":"product_tag-schimmelpilz-3","38":"product_tag-schmuck","39":"product_tag-schmuck-2","40":"product_tag-selbstgemacht","41":"product_tag-senden","42":"product_tag-silber-3","43":"product_tag-silberton","44":"product_tag-silikon","45":"product_tag-taste-3","46":"product_tag-ton","47":"product_tag-ton-2","48":"product_tag-ton-3","49":"product_tag-tonschmuck","50":"product_tag-tonschmuck-2","51":"product_tag-verteiler","52":"product_tag-zweig","53":"product_tag-zweige","54":"product_shipping_class-standard","56":"first","57":"instock","58":"taxable","59":"shipping-taxable","60":"purchasable","61":"product-type-simple"},"acf":[],"_links":{"self":[{"href":"https:\/\/esquell.eu\/de\/wp-json\/wp\/v2\/product\/24589","targetHints":{"allow":["GET"]}}],"collection":[{"href":"https:\/\/esquell.eu\/de\/wp-json\/wp\/v2\/product"}],"about":[{"href":"https:\/\/esquell.eu\/de\/wp-json\/wp\/v2\/types\/product"}],"replies":[{"embeddable":true,"href":"https:\/\/esquell.eu\/de\/wp-json\/wp\/v2\/comments?post=24589"}],"wp:featuredmedia":[{"embeddable":true,"href":"https:\/\/esquell.eu\/de\/wp-json\/wp\/v2\/media\/3940"}],"wp:attachment":[{"href":"https:\/\/esquell.eu\/de\/wp-json\/wp\/v2\/media?parent=24589"}],"wp:term":[{"taxonomy":"more","embeddable":true,"href":"https:\/\/esquell.eu\/de\/wp-json\/wp\/v2\/more?post=24589"},{"taxonomy":"product_brand","embeddable":true,"href":"https:\/\/esquell.eu\/de\/wp-json\/wp\/v2\/product_brand?post=24589"},{"taxonomy":"product_cat","embeddable":true,"href":"https:\/\/esquell.eu\/de\/wp-json\/wp\/v2\/product_cat?post=24589"},{"taxonomy":"product_tag","embeddable":true,"href":"https:\/\/esquell.eu\/de\/wp-json\/wp\/v2\/product_tag?post=24589"}],"curies":[{"name":"wp","href":"https:\/\/api.w.org\/{rel}","templated":true}]}}