{"id":24575,"date":"2025-04-03T09:24:36","date_gmt":"2025-04-03T09:24:36","guid":{"rendered":"https:\/\/esquell.eu\/product\/silikonform-mit-fledermausfluegeln-mini-form\/"},"modified":"2025-04-03T09:24:36","modified_gmt":"2025-04-03T09:24:36","slug":"silikonform-mit-fledermausfluegeln-mini-form","status":"publish","type":"product","link":"https:\/\/esquell.eu\/de\/produkt\/silikonform-mit-fledermausfluegeln-mini-form\/","title":{"rendered":"Silikonform mit Fledermausfl\u00fcgeln. Mini-Form"},"content":{"rendered":"<p>Gr\u00f6\u00dfe der gesamten Form ca. 6&#215;6 cm. Flache Form. <\/p>\n<p>Verschiedene Fl\u00fcgelgr\u00f6\u00dfen, kleinste ca. 2 cm und gr\u00f6\u00dfte ca. 3 cm<\/p>\n<p>Silikonform von Fledermausfl\u00fcgeln.<br \/>\nGeeignet f\u00fcr verschiedene Tone, UV-Harz, Harz, Silberton, Kupferton, Bronzeton,<\/p>\n","protected":false},"excerpt":{"rendered":"<p>Ma\u00dfe ganze Form ca. 6&#215;6 cm (siehe Abbildung)<\/p>\n<p>Verschiedene Fl\u00fcgelgr\u00f6\u00dfen, kleinste ca. 2 cm und gr\u00f6\u00dfte ca. 3 cm<\/p>\n<p>Silikonform von Fledermausfl\u00fcgeln. Geeignet f\u00fcr verschiedene Arten von Ton, UV-Harz, Harz, Silberton, Kupferton, Bronzeton, <\/p>\n","protected":false},"featured_media":3942,"comment_status":"closed","ping_status":"closed","template":"","meta":{"_acf_changed":false,"_seopress_robots_primary_cat":"none","_seopress_titles_title":"","_seopress_titles_desc":"","_seopress_robots_index":""},"more":[],"product_brand":[],"product_cat":[15620],"product_tag":[6942,7803,6948,7798,6817,6944,9168,7812,6458,12879,6929,7084,6903,7804,7128,6494,12865,8502,8512,7802,10034,18561,6895,18543,18218,9403,15083,6769,18542,12875,18465,6822,9113,6693,9678,11644,9609,9865,6946,18571,8487,6897,6786,6691,8261,18563,18565,6905,6932,6950,8498,18562,7801,6421,11057,6441,7800,6373,18564,7686,6455,18260,18569,12099,6891,12869,7674,12877,14807,14173,6928,6940,10284,10578,15624,18567,6419,6899,6490,14707,18394,14176,6435,6556,7511,6893,6784,6795,10391,8483,16266,6814,6818,6783,14808,9119,15012,14806,7796],"class_list":{"0":"post-24575","1":"product","2":"type-product","3":"status-publish","4":"has-post-thumbnail","6":"product_cat-schimmelpilze","7":"product_tag-alkmaar","8":"product_tag-almelo","9":"product_tag-almere","10":"product_tag-amersfoort","11":"product_tag-amsterdam","12":"product_tag-assen","13":"product_tag-barneveld","14":"product_tag-beilen","15":"product_tag-belgien","16":"product_tag-beverwijk","17":"product_tag-blei","18":"product_tag-breda","19":"product_tag-bronze-ton","20":"product_tag-delft","21":"product_tag-den-haag","22":"product_tag-diy","23":"product_tag-domburg","24":"product_tag-dronten","25":"product_tag-emmeloord","26":"product_tag-enschede","27":"product_tag-epoxid","28":"product_tag-epoxid-schmuck","29":"product_tag-es","30":"product_tag-fantasie-2","31":"product_tag-fledermaus","32":"product_tag-flexibel-2","33":"product_tag-formen-2","34":"product_tag-goldton","35":"product_tag-gosplay","36":"product_tag-gouda","37":"product_tag-gronignen","38":"product_tag-groningen","39":"product_tag-haarlem","40":"product_tag-halskette","41":"product_tag-hardenberg","42":"product_tag-harlingen","43":"product_tag-harz","44":"product_tag-harz-2","45":"product_tag-heerenveen","46":"product_tag-heerhugowaard","47":"product_tag-hoogeveen","48":"product_tag-ihr","49":"product_tag-kaufen","50":"product_tag-kette","51":"product_tag-klein-2","52":"product_tag-kuchen-2","53":"product_tag-kuchenbacken","54":"product_tag-kupferton","55":"product_tag-leeuwarden","56":"product_tag-lelystad","57":"product_tag-lemmer","58":"product_tag-libelle-2","59":"product_tag-maastricht","60":"product_tag-machen","61":"product_tag-materialien","62":"product_tag-metallton","63":"product_tag-middelburg","64":"product_tag-mini","65":"product_tag-mini-form","66":"product_tag-mulleimer","67":"product_tag-niederlande","68":"product_tag-nieuwegein","69":"product_tag-noordwijk","70":"product_tag-ommen-2","71":"product_tag-online-shop","72":"product_tag-ouddorp","73":"product_tag-polymer-clay","74":"product_tag-purmerend","75":"product_tag-renesse","76":"product_tag-roosendaal","77":"product_tag-rotterdam","78":"product_tag-scheveningen","79":"product_tag-schimmelpilz-2","80":"product_tag-schimmelpilz-3","81":"product_tag-schmetterling","82":"product_tag-schmetterling-3","83":"product_tag-schmuck","84":"product_tag-selbst","85":"product_tag-silberton","86":"product_tag-silikon","87":"product_tag-silikonform","88":"product_tag-spijkenisse","89":"product_tag-ton","90":"product_tag-ton-3","91":"product_tag-tonschmuck","92":"product_tag-tun","93":"product_tag-unter-2","94":"product_tag-utrecht","95":"product_tag-uv","96":"product_tag-venlo","97":"product_tag-vorlagen-3","98":"product_tag-webshop","99":"product_tag-werkzeuge-2","100":"product_tag-wobei","101":"product_tag-woerden","102":"product_tag-zaandam","103":"product_tag-zahlen","104":"product_tag-zierikzee","105":"product_tag-zwolle","106":"product_shipping_class-standard","108":"first","109":"instock","110":"taxable","111":"shipping-taxable","112":"purchasable","113":"product-type-simple"},"acf":[],"_links":{"self":[{"href":"https:\/\/esquell.eu\/de\/wp-json\/wp\/v2\/product\/24575","targetHints":{"allow":["GET"]}}],"collection":[{"href":"https:\/\/esquell.eu\/de\/wp-json\/wp\/v2\/product"}],"about":[{"href":"https:\/\/esquell.eu\/de\/wp-json\/wp\/v2\/types\/product"}],"replies":[{"embeddable":true,"href":"https:\/\/esquell.eu\/de\/wp-json\/wp\/v2\/comments?post=24575"}],"wp:featuredmedia":[{"embeddable":true,"href":"https:\/\/esquell.eu\/de\/wp-json\/wp\/v2\/media\/3942"}],"wp:attachment":[{"href":"https:\/\/esquell.eu\/de\/wp-json\/wp\/v2\/media?parent=24575"}],"wp:term":[{"taxonomy":"more","embeddable":true,"href":"https:\/\/esquell.eu\/de\/wp-json\/wp\/v2\/more?post=24575"},{"taxonomy":"product_brand","embeddable":true,"href":"https:\/\/esquell.eu\/de\/wp-json\/wp\/v2\/product_brand?post=24575"},{"taxonomy":"product_cat","embeddable":true,"href":"https:\/\/esquell.eu\/de\/wp-json\/wp\/v2\/product_cat?post=24575"},{"taxonomy":"product_tag","embeddable":true,"href":"https:\/\/esquell.eu\/de\/wp-json\/wp\/v2\/product_tag?post=24575"}],"curies":[{"name":"wp","href":"https:\/\/api.w.org\/{rel}","templated":true}]}}