{"id":24548,"date":"2025-04-03T09:24:36","date_gmt":"2025-04-03T09:24:36","guid":{"rendered":"https:\/\/esquell.eu\/product\/silikonform-fuer-halbe-perle\/"},"modified":"2025-04-03T09:24:36","modified_gmt":"2025-04-03T09:24:36","slug":"silikonform-fuer-halbe-perle","status":"publish","type":"product","link":"https:\/\/esquell.eu\/de\/produkt\/silikonform-fuer-halbe-perle\/","title":{"rendered":"Silikonform f\u00fcr halbe Perle"},"content":{"rendered":"<p>Silikonform zur Herstellung von Halbperlen.<\/p>\n<p>1x glatt rund in 3 Gr\u00f6\u00dfen, 1 x Facette in 3 Gr\u00f6\u00dfen<\/p>\n<p>Gr\u00f6\u00dfe Kreise ca.<\/p>\n<p>8, 10 und 14 mm Durchmesser<\/p>\n","protected":false},"excerpt":{"rendered":"<p>Silikonform zur Herstellung von Halbperlen.<\/p>\n<p>1x glatt rund in 3 Gr\u00f6\u00dfen, 1 x Facette in 3 Gr\u00f6\u00dfen<\/p>\n<p>Gr\u00f6\u00dfe Kreise ca.<\/p>\n<p>8, 10 und 14 mm Durchmesser<\/p>\n","protected":false},"featured_media":8347,"comment_status":"closed","ping_status":"closed","template":"","meta":{"_acf_changed":false,"_seopress_robots_primary_cat":"none","_seopress_titles_title":"","_seopress_titles_desc":"","_seopress_robots_index":""},"more":[],"product_brand":[6365],"product_cat":[9913,15620],"product_tag":[8259,10034,12550,15083,12346,9609,9865,6421,6373,18501,9425,7524,8526,10284,6490,14707,6556,7511,7561,10391,6694,16266],"class_list":{"0":"post-24548","1":"product","2":"type-product","3":"status-publish","4":"has-post-thumbnail","6":"product_brand-l1","7":"product_cat-led-und-uv-harz","8":"product_cat-schimmelpilze","9":"product_tag-acryl","10":"product_tag-epoxid","11":"product_tag-facette","12":"product_tag-formen-2","13":"product_tag-gefuhrt","14":"product_tag-harz","15":"product_tag-harz-2","16":"product_tag-machen","17":"product_tag-mini","18":"product_tag-nailart","19":"product_tag-perle","20":"product_tag-perlen-2","21":"product_tag-perlen-3","22":"product_tag-schimmelpilz-2","23":"product_tag-silberton","24":"product_tag-silikon","25":"product_tag-ton-3","26":"product_tag-tonschmuck","27":"product_tag-tonschmuck-2","28":"product_tag-uv","29":"product_tag-von","30":"product_tag-vorlagen-3","31":"product_shipping_class-standard","33":"first","34":"instock","35":"taxable","36":"shipping-taxable","37":"purchasable","38":"product-type-simple"},"acf":[],"_links":{"self":[{"href":"https:\/\/esquell.eu\/de\/wp-json\/wp\/v2\/product\/24548","targetHints":{"allow":["GET"]}}],"collection":[{"href":"https:\/\/esquell.eu\/de\/wp-json\/wp\/v2\/product"}],"about":[{"href":"https:\/\/esquell.eu\/de\/wp-json\/wp\/v2\/types\/product"}],"replies":[{"embeddable":true,"href":"https:\/\/esquell.eu\/de\/wp-json\/wp\/v2\/comments?post=24548"}],"wp:featuredmedia":[{"embeddable":true,"href":"https:\/\/esquell.eu\/de\/wp-json\/wp\/v2\/media\/8347"}],"wp:attachment":[{"href":"https:\/\/esquell.eu\/de\/wp-json\/wp\/v2\/media?parent=24548"}],"wp:term":[{"taxonomy":"more","embeddable":true,"href":"https:\/\/esquell.eu\/de\/wp-json\/wp\/v2\/more?post=24548"},{"taxonomy":"product_brand","embeddable":true,"href":"https:\/\/esquell.eu\/de\/wp-json\/wp\/v2\/product_brand?post=24548"},{"taxonomy":"product_cat","embeddable":true,"href":"https:\/\/esquell.eu\/de\/wp-json\/wp\/v2\/product_cat?post=24548"},{"taxonomy":"product_tag","embeddable":true,"href":"https:\/\/esquell.eu\/de\/wp-json\/wp\/v2\/product_tag?post=24548"}],"curies":[{"name":"wp","href":"https:\/\/api.w.org\/{rel}","templated":true}]}}