{"id":24540,"date":"2025-04-03T09:24:36","date_gmt":"2025-04-03T09:24:36","guid":{"rendered":"https:\/\/esquell.eu\/product\/silikonform-fuer-buchstaben-anhaenger-und-charms\/"},"modified":"2025-11-18T08:09:41","modified_gmt":"2025-11-18T08:09:41","slug":"silikonform-fuer-buchstaben-anhaenger-und-charms","status":"publish","type":"product","link":"https:\/\/esquell.eu\/de\/produkt\/silikonform-fuer-buchstaben-anhaenger-und-charms\/","title":{"rendered":"Silikonform f\u00fcr Buchstaben-Anh\u00e4nger und Charms"},"content":{"rendered":"<p>Silikonform f\u00fcr Buchstabenanh\u00e4nger und Charms<\/p>\n<p>Buchstaben, Zahlen und Bilder.<\/p>\n<p>Der Durchmesser des Anh\u00e4ngers betr\u00e4gt 1 cm.<\/p>\n","protected":false},"excerpt":{"rendered":"<p>Silikonform f\u00fcr Buchstabenanh\u00e4nger und Charms<\/p>\n<p>Buchstaben, Zahlen und Bilder.<\/p>\n<p>Der Durchmesser des Anh\u00e4ngers betr\u00e4gt 1 cm.<\/p>\n","protected":false},"featured_media":24544,"comment_status":"closed","ping_status":"closed","template":"","meta":{"_acf_changed":false,"_seopress_robots_primary_cat":"none","_seopress_titles_title":"","_seopress_titles_desc":"","_seopress_robots_index":""},"more":[],"product_brand":[6365],"product_cat":[15620],"product_tag":[18529,8259,8713,6684,6458,6677,7076,6883,7733,6881,6494,11613,10034,6895,18531,15083,6680,7547,6452,9609,18532,6897,6804,7019,6679,6421,6444,6441,6455,7674,6806,10284,6419,6779,7509,6558,6490,14707,6556,6893,16266],"class_list":{"0":"post-24540","1":"product","2":"type-product","3":"status-publish","4":"has-post-thumbnail","6":"product_brand-l1","7":"product_cat-schimmelpilze","8":"product_tag-1cm","9":"product_tag-acryl","10":"product_tag-angebot-2","11":"product_tag-anhanger","12":"product_tag-belgien","13":"product_tag-belgien-2","14":"product_tag-charme-2","15":"product_tag-deutschland","16":"product_tag-deutschland-2","17":"product_tag-deutsland","18":"product_tag-diy","19":"product_tag-durchschnitt","20":"product_tag-epoxid","21":"product_tag-es","22":"product_tag-fexibel","23":"product_tag-formen-2","24":"product_tag-frankreich","25":"product_tag-frankreich-2","26":"product_tag-groshandel","27":"product_tag-harz","28":"product_tag-hitzebestandig-3","29":"product_tag-ihr","30":"product_tag-kostenlos","31":"product_tag-liefert","32":"product_tag-luxemburg","33":"product_tag-machen","34":"product_tag-metalclay","35":"product_tag-metallton","36":"product_tag-niederlande","37":"product_tag-polymer-clay","38":"product_tag-rabatt","39":"product_tag-schimmelpilz-2","40":"product_tag-schmuck","41":"product_tag-selbstgemacht","42":"product_tag-senden","43":"product_tag-sie-selbst","44":"product_tag-silberton","45":"product_tag-silikon","46":"product_tag-ton-3","47":"product_tag-tun","48":"product_tag-vorlagen-3","49":"product_shipping_class-standard","51":"first","52":"outofstock","53":"taxable","54":"shipping-taxable","55":"purchasable","56":"product-type-simple"},"acf":[],"_links":{"self":[{"href":"https:\/\/esquell.eu\/de\/wp-json\/wp\/v2\/product\/24540","targetHints":{"allow":["GET"]}}],"collection":[{"href":"https:\/\/esquell.eu\/de\/wp-json\/wp\/v2\/product"}],"about":[{"href":"https:\/\/esquell.eu\/de\/wp-json\/wp\/v2\/types\/product"}],"replies":[{"embeddable":true,"href":"https:\/\/esquell.eu\/de\/wp-json\/wp\/v2\/comments?post=24540"}],"wp:featuredmedia":[{"embeddable":true,"href":"https:\/\/esquell.eu\/de\/wp-json\/wp\/v2\/media\/24544"}],"wp:attachment":[{"href":"https:\/\/esquell.eu\/de\/wp-json\/wp\/v2\/media?parent=24540"}],"wp:term":[{"taxonomy":"more","embeddable":true,"href":"https:\/\/esquell.eu\/de\/wp-json\/wp\/v2\/more?post=24540"},{"taxonomy":"product_brand","embeddable":true,"href":"https:\/\/esquell.eu\/de\/wp-json\/wp\/v2\/product_brand?post=24540"},{"taxonomy":"product_cat","embeddable":true,"href":"https:\/\/esquell.eu\/de\/wp-json\/wp\/v2\/product_cat?post=24540"},{"taxonomy":"product_tag","embeddable":true,"href":"https:\/\/esquell.eu\/de\/wp-json\/wp\/v2\/product_tag?post=24540"}],"curies":[{"name":"wp","href":"https:\/\/api.w.org\/{rel}","templated":true}]}}