{"id":24513,"date":"2025-04-03T09:24:36","date_gmt":"2025-04-03T09:24:36","guid":{"rendered":"https:\/\/esquell.eu\/product\/silikonform-baby-figuren\/"},"modified":"2025-04-03T09:24:36","modified_gmt":"2025-04-03T09:24:36","slug":"silikonform-baby-figuren","status":"publish","type":"product","link":"https:\/\/esquell.eu\/de\/produkt\/silikonform-baby-figuren\/","title":{"rendered":"Silikonform Baby Figuren"},"content":{"rendered":"<p>Silikonform mit Babyfiguren wie:<\/p>\n<p>F\u00fc\u00dfe, Wiege, Nadel, Storch, Schaukelpferd, Rassel, B\u00e4r, etc.<\/p>\n","protected":false},"excerpt":{"rendered":"<p>Silikonform mit Babyfiguren wie F\u00fc\u00dfchen, Wiege, Stecknadel, Storch, Schaukelpferd, Rassel, B\u00e4r, etc.<\/p>\n","protected":false},"featured_media":8355,"comment_status":"closed","ping_status":"closed","template":"","meta":{"_acf_changed":false,"_seopress_robots_primary_cat":"none","_seopress_titles_title":"","_seopress_titles_desc":"","_seopress_robots_index":""},"more":[],"product_brand":[6365],"product_cat":[15620],"product_tag":[6446,6492,6438,7543,6415,18484,6494,6452,6907,6673,6421,6444,8137,6441,6373,6771,8643,7674,6419,6820,9277,18478,6779,6490,18481,6435,6556,7511,6449,16266,6814,11307],"class_list":{"0":"post-24513","1":"product","2":"type-product","3":"status-publish","4":"has-post-thumbnail","6":"product_brand-l1","7":"product_cat-schimmelpilze","8":"product_tag-aida","9":"product_tag-artclay","10":"product_tag-artclaysilver","11":"product_tag-ausbilder-2","12":"product_tag-billig","13":"product_tag-corring","14":"product_tag-diy","15":"product_tag-groshandel","16":"product_tag-instagram","17":"product_tag-japan","18":"product_tag-machen","19":"product_tag-metalclay","20":"product_tag-metall-3","21":"product_tag-metallton","22":"product_tag-mini","23":"product_tag-neu","24":"product_tag-pinterest","25":"product_tag-polymer-clay","26":"product_tag-schmuck","27":"product_tag-schmuck-2","28":"product_tag-schon","29":"product_tag-schon-3","30":"product_tag-selbstgemacht","31":"product_tag-silberton","32":"product_tag-silikonform-2","33":"product_tag-ton","34":"product_tag-ton-3","35":"product_tag-tonschmuck","36":"product_tag-verteiler","37":"product_tag-vorlagen-3","38":"product_tag-webshop","39":"product_tag-zertifiziert-2","40":"product_shipping_class-standard","42":"first","43":"instock","44":"taxable","45":"shipping-taxable","46":"purchasable","47":"product-type-simple"},"acf":[],"_links":{"self":[{"href":"https:\/\/esquell.eu\/de\/wp-json\/wp\/v2\/product\/24513","targetHints":{"allow":["GET"]}}],"collection":[{"href":"https:\/\/esquell.eu\/de\/wp-json\/wp\/v2\/product"}],"about":[{"href":"https:\/\/esquell.eu\/de\/wp-json\/wp\/v2\/types\/product"}],"replies":[{"embeddable":true,"href":"https:\/\/esquell.eu\/de\/wp-json\/wp\/v2\/comments?post=24513"}],"wp:featuredmedia":[{"embeddable":true,"href":"https:\/\/esquell.eu\/de\/wp-json\/wp\/v2\/media\/8355"}],"wp:attachment":[{"href":"https:\/\/esquell.eu\/de\/wp-json\/wp\/v2\/media?parent=24513"}],"wp:term":[{"taxonomy":"more","embeddable":true,"href":"https:\/\/esquell.eu\/de\/wp-json\/wp\/v2\/more?post=24513"},{"taxonomy":"product_brand","embeddable":true,"href":"https:\/\/esquell.eu\/de\/wp-json\/wp\/v2\/product_brand?post=24513"},{"taxonomy":"product_cat","embeddable":true,"href":"https:\/\/esquell.eu\/de\/wp-json\/wp\/v2\/product_cat?post=24513"},{"taxonomy":"product_tag","embeddable":true,"href":"https:\/\/esquell.eu\/de\/wp-json\/wp\/v2\/product_tag?post=24513"}],"curies":[{"name":"wp","href":"https:\/\/api.w.org\/{rel}","templated":true}]}}