{"id":24493,"date":"2025-04-03T09:24:26","date_gmt":"2025-04-03T09:24:26","guid":{"rendered":"https:\/\/esquell.eu\/product\/silikonform-blumen-mit-anhaengender-oese\/"},"modified":"2025-04-03T09:24:26","modified_gmt":"2025-04-03T09:24:26","slug":"silikonform-blumen-mit-anhaengender-oese","status":"publish","type":"product","link":"https:\/\/esquell.eu\/de\/produkt\/silikonform-blumen-mit-anhaengender-oese\/","title":{"rendered":"Silikonform Blumen mit anh\u00e4ngender \u00d6se"},"content":{"rendered":"<p>Silikonform Blumen<\/p>\n<p>Alle mit Aussparung f\u00fcr Anh\u00e4nger\u00f6se<\/p>\n<p>f\u00fcr Ohrringe, Anh\u00e4nger usw.<\/p>\n<p>Besonders geeignet f\u00fcr UV-Led-Harz, Harz, Epoxid<\/p>\n","protected":false},"excerpt":{"rendered":"<p>Silikonform mit Blumen<\/p>\n<p>Alle mit Aussparung f\u00fcr Anh\u00e4nger\u00f6se<\/p>\n<p>F\u00fcr die Herstellung von Ohrringen, Anh\u00e4ngern oder Anh\u00e4ngern<\/p>\n<p>Besonders geeignet f\u00fcr UV-Led Resin, Harz, Epoxid usw.<\/p>\n","protected":false},"featured_media":8361,"comment_status":"closed","ping_status":"closed","template":"","meta":{"_acf_changed":false,"_seopress_robots_primary_cat":"none","_seopress_titles_title":"","_seopress_titles_desc":"","_seopress_robots_index":""},"more":[],"product_brand":[6365],"product_cat":[9913,15620],"product_tag":[6488,6506,8259,10393,7803,6948,6817,6684,6924,6773,6438,6944,6458,6790,6887,6415,6840,7387,6903,7123,6936,7676,7076,6494,6826,8905,7802,6895,7672,9423,6842,15083,6824,6830,6934,6767,6769,9186,9609,9865,6836,6897,6786,6885,6804,6498,7131,6905,6775,6932,6950,7019,6844,6952,7813,6421,6441,6455,6832,7931,18393,6682,7959,6788,6828,7674,6928,10284,6419,6899,6779,7509,6558,6901,6417,6812,6490,14707,18394,18395,18428,6834,6781,6500,6556,6893,6784,10391,11693,9215,15628,16266,8673,6814,6818,6783,7064,6838,18397,7735],"class_list":{"0":"post-24493","1":"product","2":"type-product","3":"status-publish","4":"has-post-thumbnail","6":"product_brand-l1","7":"product_cat-led-und-uv-harz","8":"product_cat-schimmelpilze","9":"product_tag-6488","10":"product_tag-6506","11":"product_tag-acryl","12":"product_tag-acrylharz","13":"product_tag-almelo","14":"product_tag-almere","15":"product_tag-amsterdam","16":"product_tag-anhanger","17":"product_tag-anhanger-2","18":"product_tag-antwerpen","19":"product_tag-artclaysilver","20":"product_tag-assen","21":"product_tag-belgien","22":"product_tag-bestellung","23":"product_tag-biegsames-silber","24":"product_tag-billig","25":"product_tag-brabant","26":"product_tag-bronze","27":"product_tag-bronze-ton","28":"product_tag-brucke","29":"product_tag-brussel","30":"product_tag-cernit","31":"product_tag-charme-2","32":"product_tag-diy","33":"product_tag-drenthe","34":"product_tag-einsteigerpaket","35":"product_tag-enschede","36":"product_tag-es","37":"product_tag-fimo","38":"product_tag-fimo-knete","39":"product_tag-flevoland","40":"product_tag-formen-2","41":"product_tag-friesland","42":"product_tag-gelderland","43":"product_tag-gent","44":"product_tag-gold","45":"product_tag-goldton","46":"product_tag-gronigen","47":"product_tag-harz","48":"product_tag-harz-2","49":"product_tag-holland","50":"product_tag-ihr","51":"product_tag-kaufen","52":"product_tag-kaufen-2","53":"product_tag-kostenlos","54":"product_tag-kunst","55":"product_tag-kupfer","56":"product_tag-kupferton","57":"product_tag-kurzwarengeschaft","58":"product_tag-leeuwarden","59":"product_tag-lelystad","60":"product_tag-liefert","61":"product_tag-limburg","62":"product_tag-luttich","63":"product_tag-luttich-2","64":"product_tag-machen","65":"product_tag-metallton","66":"product_tag-niederlande","67":"product_tag-norden","68":"product_tag-ohrringe-2","69":"product_tag-ohrringe-5","70":"product_tag-ohrringe","71":"product_tag-ohrstecker","72":"product_tag-online","73":"product_tag-overijssel","74":"product_tag-polymer-clay","75":"product_tag-rotterdam","76":"product_tag-schimmelpilz-2","77":"product_tag-schmuck","78":"product_tag-selbst","79":"product_tag-selbstgemacht","80":"product_tag-senden","81":"product_tag-sie-selbst","82":"product_tag-sie-selbst-2","83":"product_tag-silber","84":"product_tag-silber-3","85":"product_tag-silberton","86":"product_tag-silikon","87":"product_tag-silikonform","88":"product_tag-silikonformen-2","89":"product_tag-silikonformen-3","90":"product_tag-sud","91":"product_tag-teile","92":"product_tag-ton-2","93":"product_tag-ton-3","94":"product_tag-tun","95":"product_tag-unter-2","96":"product_tag-uv","97":"product_tag-uvresin","98":"product_tag-vollig","99":"product_tag-vorlage-2","100":"product_tag-vorlagen-3","101":"product_tag-watteninseln","102":"product_tag-webshop","103":"product_tag-werkzeuge-2","104":"product_tag-wobei","105":"product_tag-workshop","106":"product_tag-zeeland","107":"product_tag-zilverklei-co-uk-esquellzilverklei","108":"product_tag-zu-verkaufen","109":"product_shipping_class-standard","111":"first","112":"instock","113":"taxable","114":"shipping-taxable","115":"purchasable","116":"product-type-simple"},"acf":[],"_links":{"self":[{"href":"https:\/\/esquell.eu\/de\/wp-json\/wp\/v2\/product\/24493","targetHints":{"allow":["GET"]}}],"collection":[{"href":"https:\/\/esquell.eu\/de\/wp-json\/wp\/v2\/product"}],"about":[{"href":"https:\/\/esquell.eu\/de\/wp-json\/wp\/v2\/types\/product"}],"replies":[{"embeddable":true,"href":"https:\/\/esquell.eu\/de\/wp-json\/wp\/v2\/comments?post=24493"}],"wp:featuredmedia":[{"embeddable":true,"href":"https:\/\/esquell.eu\/de\/wp-json\/wp\/v2\/media\/8361"}],"wp:attachment":[{"href":"https:\/\/esquell.eu\/de\/wp-json\/wp\/v2\/media?parent=24493"}],"wp:term":[{"taxonomy":"more","embeddable":true,"href":"https:\/\/esquell.eu\/de\/wp-json\/wp\/v2\/more?post=24493"},{"taxonomy":"product_brand","embeddable":true,"href":"https:\/\/esquell.eu\/de\/wp-json\/wp\/v2\/product_brand?post=24493"},{"taxonomy":"product_cat","embeddable":true,"href":"https:\/\/esquell.eu\/de\/wp-json\/wp\/v2\/product_cat?post=24493"},{"taxonomy":"product_tag","embeddable":true,"href":"https:\/\/esquell.eu\/de\/wp-json\/wp\/v2\/product_tag?post=24493"}],"curies":[{"name":"wp","href":"https:\/\/api.w.org\/{rel}","templated":true}]}}