{"id":24479,"date":"2025-04-03T09:24:26","date_gmt":"2025-04-03T09:24:26","guid":{"rendered":"https:\/\/esquell.eu\/product\/silikon-mini-form-schmetterlinge-und-bienen\/"},"modified":"2026-01-10T14:35:44","modified_gmt":"2026-01-10T14:35:44","slug":"silikon-mini-form-schmetterlinge-und-bienen","status":"publish","type":"product","link":"https:\/\/esquell.eu\/de\/produkt\/silikon-mini-form-schmetterlinge-und-bienen\/","title":{"rendered":"Silikon Mini-Form Schmetterlinge und Bienen"},"content":{"rendered":"<p>Mini-Silikonform Blumen und Bienen<\/p>\n<p>Gr\u00f6\u00dfe der ganzen Form ca. 6*6 cm,<\/p>\n<p>F\u00fcr Ton, Epoxid, Harz usw.<\/p>\n<p>Die Gr\u00f6\u00dfen der Bl\u00e4tter sind f\u00fcr Ringe, Ohrringe, Anh\u00e4nger usw. geeignet.<\/p>\n<p>Bei Verwendung mit Metallton:<\/p>\n<p>Spr\u00fchen Sie vor dem Gebrauch immer mit der Coolslip Anti-Haft-Formel. Dies verhindert, dass der Ton an den Formen klebt. <\/p>\n","protected":false},"excerpt":{"rendered":"<p>Silikon-Miniformen Blumen und Bienen<\/p>\n<p>Gr\u00f6\u00dfe der gesamten Form ca. 6*6 cm,<\/p>\n<p>F\u00fcr Ton, Epoxidharz, Resin usw.<\/p>\n<p>Die Gr\u00f6\u00dfen der Bl\u00e4tter eignen sich f\u00fcr Ringe, Ohrringe, Anh\u00e4nger usw.<\/p>\n<p>Bei Verwendung mit Metallton:<\/p>\n<p>Spr\u00fchen Sie vor dem Gebrauch immer mit <a href=\"http:\/\/www.esquell.nl\/epages\/83636376.sf\/nl_NL\/?ObjectPath=\/Shops\/83636376\/Products\/AM0007\">Coolslip Antihaft-Formel.<\/a> Dies verhindert, dass der Ton an den Formen kleben bleibt.<\/p>\n<p>&nbsp;<\/p>\n","protected":false},"featured_media":24481,"comment_status":"closed","ping_status":"closed","template":"","meta":{"_acf_changed":false,"_seopress_robots_primary_cat":"none","_seopress_titles_title":"","_seopress_titles_desc":"","_seopress_robots_index":""},"more":[],"product_brand":[6365],"product_cat":[15620],"product_tag":[7560,6446,6492,6438,7543,6458,6677,18214,7718,6675,6883,7733,6881,6494,10034,6895,18399,15083,6680,6452,9609,6897,18400,6673,7019,6679,6421,18396,6444,13740,6441,6373,6455,18247,18372,6806,10284,15624,6419,6820,18398,6779,6558,14707,7741,6781,6556,7511,6893,18213,6449,16266,6814],"class_list":{"0":"post-24479","1":"product","2":"type-product","3":"status-publish","4":"has-post-thumbnail","6":"product_brand-l1","7":"product_cat-schimmelpilze","8":"product_tag-3d","9":"product_tag-aida","10":"product_tag-artclay","11":"product_tag-artclaysilver","12":"product_tag-ausbilder-2","13":"product_tag-belgien","14":"product_tag-belgien-2","15":"product_tag-bienen","16":"product_tag-blumen-2","17":"product_tag-craftlines","18":"product_tag-deutschland","19":"product_tag-deutschland-2","20":"product_tag-deutsland","21":"product_tag-diy","22":"product_tag-epoxid","23":"product_tag-es","24":"product_tag-fehler-2","25":"product_tag-formen-2","26":"product_tag-frankreich","27":"product_tag-groshandel","28":"product_tag-harz","29":"product_tag-ihr","30":"product_tag-insekten","31":"product_tag-japan","32":"product_tag-liefert","33":"product_tag-luxemburg","34":"product_tag-machen","35":"product_tag-machen-3","36":"product_tag-metalclay","37":"product_tag-metallklammer","38":"product_tag-metallton","39":"product_tag-mini","40":"product_tag-niederlande","41":"product_tag-ornamente","42":"product_tag-ornamente-2","43":"product_tag-rabatt","44":"product_tag-schimmelpilz-2","45":"product_tag-schmetterling","46":"product_tag-schmuck","47":"product_tag-schmuck-2","48":"product_tag-selbst-2","49":"product_tag-selbstgemacht","50":"product_tag-sie-selbst","51":"product_tag-silikon","52":"product_tag-smuck","53":"product_tag-teile","54":"product_tag-ton-3","55":"product_tag-tonschmuck","56":"product_tag-tun","57":"product_tag-unter-5","58":"product_tag-verteiler","59":"product_tag-vorlagen-3","60":"product_tag-webshop","61":"product_shipping_class-standard","63":"first","64":"outofstock","65":"taxable","66":"shipping-taxable","67":"purchasable","68":"product-type-simple"},"acf":[],"_links":{"self":[{"href":"https:\/\/esquell.eu\/de\/wp-json\/wp\/v2\/product\/24479","targetHints":{"allow":["GET"]}}],"collection":[{"href":"https:\/\/esquell.eu\/de\/wp-json\/wp\/v2\/product"}],"about":[{"href":"https:\/\/esquell.eu\/de\/wp-json\/wp\/v2\/types\/product"}],"replies":[{"embeddable":true,"href":"https:\/\/esquell.eu\/de\/wp-json\/wp\/v2\/comments?post=24479"}],"wp:featuredmedia":[{"embeddable":true,"href":"https:\/\/esquell.eu\/de\/wp-json\/wp\/v2\/media\/24481"}],"wp:attachment":[{"href":"https:\/\/esquell.eu\/de\/wp-json\/wp\/v2\/media?parent=24479"}],"wp:term":[{"taxonomy":"more","embeddable":true,"href":"https:\/\/esquell.eu\/de\/wp-json\/wp\/v2\/more?post=24479"},{"taxonomy":"product_brand","embeddable":true,"href":"https:\/\/esquell.eu\/de\/wp-json\/wp\/v2\/product_brand?post=24479"},{"taxonomy":"product_cat","embeddable":true,"href":"https:\/\/esquell.eu\/de\/wp-json\/wp\/v2\/product_cat?post=24479"},{"taxonomy":"product_tag","embeddable":true,"href":"https:\/\/esquell.eu\/de\/wp-json\/wp\/v2\/product_tag?post=24479"}],"curies":[{"name":"wp","href":"https:\/\/api.w.org\/{rel}","templated":true}]}}