{"id":24426,"date":"2025-04-03T09:24:26","date_gmt":"2025-04-03T09:24:26","guid":{"rendered":"https:\/\/esquell.eu\/product\/silikonform-voegel\/"},"modified":"2026-01-10T14:35:59","modified_gmt":"2026-01-10T14:35:59","slug":"silikonform-voegel","status":"publish","type":"product","link":"https:\/\/esquell.eu\/de\/produkt\/silikonform-voegel\/","title":{"rendered":"Silikonform V\u00f6gel"},"content":{"rendered":"<p>Silikonform mit verschiedenen V\u00f6geln<\/p>\n<p>Kleinster Vogel ca. 1*1 cm<\/p>\n<p>Gr\u00f6\u00dfter Vogel Fl\u00fcgelbreite ca. 3 cm<\/p>\n","protected":false},"excerpt":{"rendered":"<p>Silikonform mit verschiedenen V\u00f6geln<\/p>\n<p>Kleinster Vogel ca. 1*1 cm<\/p>\n<p>Gr\u00f6\u00dfter Vogel Fl\u00fcgelbreite ca. 3 cm<\/p>\n","protected":false},"featured_media":24430,"comment_status":"closed","ping_status":"closed","template":"","meta":{"_acf_changed":false,"_seopress_robots_primary_cat":"none","_seopress_titles_title":"","_seopress_titles_desc":"","_seopress_robots_index":""},"more":[],"product_brand":[6365],"product_cat":[15620],"product_tag":[6488,6506,6446,7387,6675,6494,15083,6767,6452,6673,7131,6421,18363,18362,6444,6441,8922,16028,10284,10578,6419,6820,6779,15578,6417,6490,14707,6435,7511,7561,6449],"class_list":{"0":"post-24426","1":"product","2":"type-product","3":"status-publish","4":"has-post-thumbnail","6":"product_brand-l1","7":"product_cat-schimmelpilze","8":"product_tag-6488","9":"product_tag-6506","10":"product_tag-aida","11":"product_tag-bronze","12":"product_tag-craftlines","13":"product_tag-diy","14":"product_tag-formen-2","15":"product_tag-gold","16":"product_tag-groshandel","17":"product_tag-japan","18":"product_tag-kupfer","19":"product_tag-machen","20":"product_tag-maritim-2","21":"product_tag-meer","22":"product_tag-metalclay","23":"product_tag-metallton","24":"product_tag-muscheln","25":"product_tag-muscheln-2","26":"product_tag-schimmelpilz-2","27":"product_tag-schimmelpilz-3","28":"product_tag-schmuck","29":"product_tag-schmuck-2","30":"product_tag-selbstgemacht","31":"product_tag-shell","32":"product_tag-silber","33":"product_tag-silberton","34":"product_tag-silikon","35":"product_tag-ton","36":"product_tag-tonschmuck","37":"product_tag-tonschmuck-2","38":"product_tag-verteiler","39":"product_shipping_class-standard","41":"first","42":"instock","43":"taxable","44":"shipping-taxable","45":"purchasable","46":"product-type-simple"},"acf":[],"_links":{"self":[{"href":"https:\/\/esquell.eu\/de\/wp-json\/wp\/v2\/product\/24426","targetHints":{"allow":["GET"]}}],"collection":[{"href":"https:\/\/esquell.eu\/de\/wp-json\/wp\/v2\/product"}],"about":[{"href":"https:\/\/esquell.eu\/de\/wp-json\/wp\/v2\/types\/product"}],"replies":[{"embeddable":true,"href":"https:\/\/esquell.eu\/de\/wp-json\/wp\/v2\/comments?post=24426"}],"wp:featuredmedia":[{"embeddable":true,"href":"https:\/\/esquell.eu\/de\/wp-json\/wp\/v2\/media\/24430"}],"wp:attachment":[{"href":"https:\/\/esquell.eu\/de\/wp-json\/wp\/v2\/media?parent=24426"}],"wp:term":[{"taxonomy":"more","embeddable":true,"href":"https:\/\/esquell.eu\/de\/wp-json\/wp\/v2\/more?post=24426"},{"taxonomy":"product_brand","embeddable":true,"href":"https:\/\/esquell.eu\/de\/wp-json\/wp\/v2\/product_brand?post=24426"},{"taxonomy":"product_cat","embeddable":true,"href":"https:\/\/esquell.eu\/de\/wp-json\/wp\/v2\/product_cat?post=24426"},{"taxonomy":"product_tag","embeddable":true,"href":"https:\/\/esquell.eu\/de\/wp-json\/wp\/v2\/product_tag?post=24426"}],"curies":[{"name":"wp","href":"https:\/\/api.w.org\/{rel}","templated":true}]}}