{"id":24420,"date":"2025-04-03T09:24:26","date_gmt":"2025-04-03T09:24:26","guid":{"rendered":"https:\/\/esquell.eu\/product\/silikonform-kleeblaetter-4\/"},"modified":"2025-04-03T09:24:26","modified_gmt":"2025-04-03T09:24:26","slug":"silikonform-kleeblaetter-4","status":"publish","type":"product","link":"https:\/\/esquell.eu\/de\/produkt\/silikonform-kleeblaetter-4\/","title":{"rendered":"Silikonform Kleebl\u00e4tter 4"},"content":{"rendered":"<p>Silikonform mit 3 verschiedenen Gr\u00f6\u00dfen von Kleebl\u00e4ttern 4<\/p>\n<p>Geeignet f\u00fcr Anh\u00e4nger oder etwas gr\u00f6\u00dfere Ohrringe<\/p>\n<p>F\u00fcr Harz, Ton, Schmuckherstellung, Schmuckherstellung usw.<\/p>\n<p>&nbsp;<\/p>\n","protected":false},"excerpt":{"rendered":"<p>Silikonform mit 3 verschiedenen Gr\u00f6\u00dfen von Kleebl\u00e4ttern 4<\/p>\n<p>Geeignet f\u00fcr Anh\u00e4nger oder etwas gr\u00f6\u00dfere Ohrringe<\/p>\n<p>F\u00fcr Harz, Ton, Schmuckherstellung, Schmuckherstellung usw.<\/p>\n<p>&nbsp;<\/p>\n","protected":false},"featured_media":8369,"comment_status":"closed","ping_status":"closed","template":"","meta":{"_acf_changed":false,"_seopress_robots_primary_cat":"none","_seopress_titles_title":"","_seopress_titles_desc":"","_seopress_robots_index":""},"more":[],"product_brand":[6365],"product_cat":[15620],"product_tag":[8259,12729,9609,9865,15759,15761,6421,10284,6419,6820,14707,6556,10391],"class_list":{"0":"post-24420","1":"product","2":"type-product","3":"status-publish","4":"has-post-thumbnail","6":"product_brand-l1","7":"product_cat-schimmelpilze","8":"product_tag-acryl","9":"product_tag-anmutig-2","10":"product_tag-harz","11":"product_tag-harz-2","12":"product_tag-herz","13":"product_tag-herzen","14":"product_tag-machen","15":"product_tag-schimmelpilz-2","16":"product_tag-schmuck","17":"product_tag-schmuck-2","18":"product_tag-silikon","19":"product_tag-ton-3","20":"product_tag-uv","21":"product_shipping_class-standard","23":"first","24":"instock","25":"taxable","26":"shipping-taxable","27":"purchasable","28":"product-type-simple"},"acf":[],"_links":{"self":[{"href":"https:\/\/esquell.eu\/de\/wp-json\/wp\/v2\/product\/24420","targetHints":{"allow":["GET"]}}],"collection":[{"href":"https:\/\/esquell.eu\/de\/wp-json\/wp\/v2\/product"}],"about":[{"href":"https:\/\/esquell.eu\/de\/wp-json\/wp\/v2\/types\/product"}],"replies":[{"embeddable":true,"href":"https:\/\/esquell.eu\/de\/wp-json\/wp\/v2\/comments?post=24420"}],"wp:featuredmedia":[{"embeddable":true,"href":"https:\/\/esquell.eu\/de\/wp-json\/wp\/v2\/media\/8369"}],"wp:attachment":[{"href":"https:\/\/esquell.eu\/de\/wp-json\/wp\/v2\/media?parent=24420"}],"wp:term":[{"taxonomy":"more","embeddable":true,"href":"https:\/\/esquell.eu\/de\/wp-json\/wp\/v2\/more?post=24420"},{"taxonomy":"product_brand","embeddable":true,"href":"https:\/\/esquell.eu\/de\/wp-json\/wp\/v2\/product_brand?post=24420"},{"taxonomy":"product_cat","embeddable":true,"href":"https:\/\/esquell.eu\/de\/wp-json\/wp\/v2\/product_cat?post=24420"},{"taxonomy":"product_tag","embeddable":true,"href":"https:\/\/esquell.eu\/de\/wp-json\/wp\/v2\/product_tag?post=24420"}],"curies":[{"name":"wp","href":"https:\/\/api.w.org\/{rel}","templated":true}]}}