{"id":24411,"date":"2025-04-03T09:24:17","date_gmt":"2025-04-03T09:24:17","guid":{"rendered":"https:\/\/esquell.eu\/product\/silikonform-mit-9-halbkugeln-auch-als-trocknungsvorrichtung-geeignet\/"},"modified":"2026-02-14T10:23:40","modified_gmt":"2026-02-14T10:23:40","slug":"silikonform-mit-9-halbkugeln-auch-als-trocknungsvorrichtung-geeignet","status":"publish","type":"product","link":"https:\/\/esquell.eu\/de\/produkt\/silikonform-mit-9-halbkugeln-auch-als-trocknungsvorrichtung-geeignet\/","title":{"rendered":"Silikonform mit 10 Halbkugeln. Auch als Trocknungsvorrichtung geeignet"},"content":{"rendered":"<p>Silikonform mit Halbkugeln.<\/p>\n<p>Kleinster Kreis 0,3 cm im Durchmesser, gr\u00f6\u00dfter 2,2 cm im Durchmesser<\/p>\n<p>Diese Form eignet sich auch hervorragend zum Trocknen von hohlen und konvexen Formen aus Metallton.<\/p>\n<p>Die Form ist einigerma\u00dfen hitzebest\u00e4ndig und kann daher auf ein Trockentuch oder \u00e4hnliches gelegt werden.<\/p>\n<p>Bei Verwendung mit Metallton:<\/p>\n<p>Spr\u00fchen Sie vor dem Gebrauch immer mit der Coolslip Anti-Haft-Formel. Dies verhindert, dass der Ton an den Formen klebt.  (Wenn Sie die Form auf eine Trockenplatte stellen, m\u00fcssen Sie kein Antihaftmittel verwenden. Sobald sie trocken ist, l\u00f6st sich die Form von selbst).<\/p>\n<p>Weiterhin geeignet f\u00fcr die Herstellung eigener runder Cabochons aus Harz, Fimo, Harz, Epoxid, Ton usw., auch zum Kochen und Backen geeignet.<\/p>\n<p>Achtung! Die Farbe des Schimmels kann variieren.<\/p>\n","protected":false},"excerpt":{"rendered":"<p>Silikonform mit Halbkugeln.<\/p>\n<p>Kleinster Kreis mit 1 cm Durchmesser, gr\u00f6\u00dfter Kreis mit 3 cm Durchmesser<\/p>\n<p>&nbsp;<\/p>\n<p>Diese Form eignet sich auch hervorragend zum Trocknen von hohlen und konvexen Formen aus Metallton.<\/p>\n<p>Die Form ist einigerma\u00dfen hitzebest\u00e4ndig und kann daher auf ein Trockentuch oder \u00e4hnliches gelegt werden.<\/p>\n<p>&nbsp;<\/p>\n<p>Bei Verwendung mit Metallton:<\/p>\n<p>Spr\u00fchen Sie vor dem Gebrauch immer mit der <a href=\"http:\/\/www.esquell.nl\/epages\/83636376.sf\/nl_NL\/?ObjectPath=\/Shops\/83636376\/Products\/AM0007\">coolslip Antihaft-Formel.<\/a> Dies verhindert, dass der Ton an den Formen klebt. (Wenn Sie die Form auf eine Trockenplatte stellen, m\u00fcssen Sie kein Antihaftmittel verwenden. Sobald sie trocken ist, l\u00f6st sich die Form von selbst).<\/p>\n<p>&nbsp;<\/p>\n<p>Weiterhin geeignet f\u00fcr die Herstellung eigener runder Cabochons aus Harz, Fimo, Harz, Epoxid, Ton usw., auch zum Kochen und Backen geeignet.<\/p>\n","protected":false},"featured_media":30264,"comment_status":"closed","ping_status":"closed","template":"","meta":{"_acf_changed":false,"_seopress_robots_primary_cat":"none","_seopress_titles_title":"","_seopress_titles_desc":"","_seopress_robots_index":""},"more":[],"product_brand":[6365],"product_cat":[8215,15620],"product_tag":[9187,7803,9902,6773,6492,8126,6944,17962,6458,6887,6840,7387,6903,7123,6936,7957,7676,6494,6826,9820,18147,7799,8014,7802,18358,7672,6842,15083,6824,6830,6934,18356,6822,11520,18357,6836,8640,6611,6786,17362,6498,7131,8504,6932,6844,7801,6421,6444,7557,18192,6455,8392,6832,6788,6891,6938,6828,8643,8001,7674,10284,15624,6419,6889,9195,6812,6490,14707,7340,6834,6500,6556,18194,8175,10421,6784,6795,16266,6814,9818,6783,6838,7796],"class_list":{"0":"post-24411","1":"product","2":"type-product","3":"status-publish","4":"has-post-thumbnail","6":"product_brand-l1","7":"product_cat-lehm","8":"product_cat-schimmelpilze","9":"product_tag-co-uk","10":"product_tag-almelo","11":"product_tag-antihaftmittel","12":"product_tag-antwerpen","13":"product_tag-artclay","14":"product_tag-artclaysilvershop","15":"product_tag-assen","16":"product_tag-beispiele","17":"product_tag-belgien","18":"product_tag-biegsames-silber","19":"product_tag-brabant","20":"product_tag-bronze","21":"product_tag-bronze-ton","22":"product_tag-brucke","23":"product_tag-brussel","24":"product_tag-cabochon","25":"product_tag-cernit","26":"product_tag-diy","27":"product_tag-drenthe","28":"product_tag-edelmetall-lehm","29":"product_tag-eichhornchen","30":"product_tag-eindhoven","31":"product_tag-einkaufen-2","32":"product_tag-enschede","33":"product_tag-eule","34":"product_tag-fimo","35":"product_tag-flevoland","36":"product_tag-formen-2","37":"product_tag-friesland","38":"product_tag-gelderland","39":"product_tag-gent","40":"product_tag-gluhbirnen","41":"product_tag-groningen","42":"product_tag-halb-2","43":"product_tag-hirsche","44":"product_tag-holland","45":"product_tag-inspiration","46":"product_tag-kalteschutz","47":"product_tag-kaufen","48":"product_tag-kugel-2","49":"product_tag-kunst","50":"product_tag-kupfer","51":"product_tag-lager","52":"product_tag-leeuwarden","53":"product_tag-limburg","54":"product_tag-maastricht","55":"product_tag-machen","56":"product_tag-metalclay","57":"product_tag-metall","58":"product_tag-nevisas","59":"product_tag-niederlande","60":"product_tag-nop","61":"product_tag-norden","62":"product_tag-online","63":"product_tag-online-shop","64":"product_tag-ostende","65":"product_tag-overijssel","66":"product_tag-pinterest","67":"product_tag-pmc","68":"product_tag-polymer-clay","69":"product_tag-schimmelpilz-2","70":"product_tag-schmetterling","71":"product_tag-schmuck","72":"product_tag-shop","73":"product_tag-shop-2","74":"product_tag-silber-3","75":"product_tag-silberton","76":"product_tag-silikon","77":"product_tag-silverclay-co-uk","78":"product_tag-sud","79":"product_tag-ton-2","80":"product_tag-ton-3","81":"product_tag-traum","82":"product_tag-trocken","83":"product_tag-trocknungsvorlage","84":"product_tag-unter-2","85":"product_tag-utrecht","86":"product_tag-vorlagen-3","87":"product_tag-webshop","88":"product_tag-wertvoll","89":"product_tag-wobei","90":"product_tag-zeeland","91":"product_tag-zwolle","92":"product_shipping_class-standard","94":"first","95":"instock","96":"taxable","97":"shipping-taxable","98":"purchasable","99":"product-type-simple"},"acf":[],"_links":{"self":[{"href":"https:\/\/esquell.eu\/de\/wp-json\/wp\/v2\/product\/24411","targetHints":{"allow":["GET"]}}],"collection":[{"href":"https:\/\/esquell.eu\/de\/wp-json\/wp\/v2\/product"}],"about":[{"href":"https:\/\/esquell.eu\/de\/wp-json\/wp\/v2\/types\/product"}],"replies":[{"embeddable":true,"href":"https:\/\/esquell.eu\/de\/wp-json\/wp\/v2\/comments?post=24411"}],"wp:featuredmedia":[{"embeddable":true,"href":"https:\/\/esquell.eu\/de\/wp-json\/wp\/v2\/media\/30264"}],"wp:attachment":[{"href":"https:\/\/esquell.eu\/de\/wp-json\/wp\/v2\/media?parent=24411"}],"wp:term":[{"taxonomy":"more","embeddable":true,"href":"https:\/\/esquell.eu\/de\/wp-json\/wp\/v2\/more?post=24411"},{"taxonomy":"product_brand","embeddable":true,"href":"https:\/\/esquell.eu\/de\/wp-json\/wp\/v2\/product_brand?post=24411"},{"taxonomy":"product_cat","embeddable":true,"href":"https:\/\/esquell.eu\/de\/wp-json\/wp\/v2\/product_cat?post=24411"},{"taxonomy":"product_tag","embeddable":true,"href":"https:\/\/esquell.eu\/de\/wp-json\/wp\/v2\/product_tag?post=24411"}],"curies":[{"name":"wp","href":"https:\/\/api.w.org\/{rel}","templated":true}]}}