{"id":24393,"date":"2025-04-03T09:24:17","date_gmt":"2025-04-03T09:24:17","guid":{"rendered":"https:\/\/esquell.eu\/product\/silikonform-mit-verschiedenen-kleeblaettern-kleeblatt-4\/"},"modified":"2025-04-03T09:24:17","modified_gmt":"2025-04-03T09:24:17","slug":"silikonform-mit-verschiedenen-kleeblaettern-kleeblatt-4","status":"publish","type":"product","link":"https:\/\/esquell.eu\/de\/produkt\/silikonform-mit-verschiedenen-kleeblaettern-kleeblatt-4\/","title":{"rendered":"Silikonform mit verschiedenen Kleebl\u00e4ttern, Kleeblatt 4"},"content":{"rendered":"<p>Silikonform mit verschiedenen Arten von Kleebl\u00e4ttern 4.<\/p>\n<p>Gr\u00f6\u00dfe der ganzen Form ca. 5,8*7 cm<\/p>\n<p>Bei der Verwendung in Kombination mit Metal Clay empfehlen wir <u><strong>Coolslip Antihaft-Formel<br \/>\n<\/strong><\/u><\/p>\n<p>Diese Silikonform ist sehr einfach zu verwenden und zu reinigen. Das Material ist flexibel und biegsam, so dass Sie die Knoten leicht herausl\u00f6sen k\u00f6nnen, ohne sie zu besch\u00e4digen. Nach dem Gebrauch k\u00f6nnen Sie die Form einfach mit etwas Wasser und Seife reinigen. So bleibt die Form lange Zeit in gutem Zustand und Sie k\u00f6nnen sie oft wiederverwenden.   <\/p>\n","protected":false},"excerpt":{"rendered":"<p>Silikonform mit verschiedenen Arten von Kleebl\u00e4ttern 4.<\/p>\n<p>Gr\u00f6\u00dfe der ganzen Form ca. 5,8*7 cm<\/p>\n<p>Bei der Verwendung in Kombination mit Metal Clay empfehlen wir <u><strong>Coolslip Antihaft-Formel<br \/>\n<\/strong><\/u><\/p>\n<p>&nbsp;<\/p>\n<p>Diese Silikonform ist sehr einfach zu verwenden und zu reinigen. Das Material ist flexibel und biegsam, so dass Sie die Knoten leicht herausl\u00f6sen k\u00f6nnen, ohne sie zu besch\u00e4digen. Nach dem Gebrauch k\u00f6nnen Sie die Form einfach mit etwas Wasser und Seife reinigen. So bleibt die Form lange Zeit in gutem Zustand und Sie k\u00f6nnen sie oft wiederverwenden.   <\/p>\n<p>&nbsp;<\/p>\n<p>&nbsp;<\/p>\n","protected":false},"featured_media":8376,"comment_status":"closed","ping_status":"closed","template":"","meta":{"_acf_changed":false,"_seopress_robots_primary_cat":"none","_seopress_titles_title":"","_seopress_titles_desc":"","_seopress_robots_index":""},"more":[],"product_brand":[6365],"product_cat":[15620],"product_tag":[15900,6942,7803,9110,12873,7798,18250,6817,6924,6799,6797,6944,6458,10760,6929,7084,18270,6903,18256,6921,7804,8471,7128,10748,9074,6494,9155,9125,9127,7799,8477,7802,6909,7672,9423,9133,9788,18262,7331,12875,9113,9121,9982,9980,18248,6946,9136,9135,18246,7805,8487,8516,6907,18264,18259,18319,8019,6905,6932,18252,6950,7801,6421,7800,7553,6455,18260,7797,7806,7674,12877,9675,14173,6928,18268,6940,18272,6558,6417,6671,6490,9131,14176,18258,6697,9667,18274,6435,6556,18266,9166,8483,18254,9129,9119,9117,9170,9123,7796],"class_list":{"0":"post-24393","1":"product","2":"type-product","3":"status-publish","4":"has-post-thumbnail","6":"product_brand-l1","7":"product_cat-schimmelpilze","8":"product_tag-hier-ist","9":"product_tag-alkmaar","10":"product_tag-almelo","11":"product_tag-almere-tilburg","12":"product_tag-alphen-aan-den-rijn","13":"product_tag-amersfoort","14":"product_tag-amstelveen","15":"product_tag-amsterdam","16":"product_tag-anhanger-2","17":"product_tag-apeldoorn","18":"product_tag-arnheim","19":"product_tag-assen","20":"product_tag-belgien","21":"product_tag-bergen-op-zoom","22":"product_tag-blei","23":"product_tag-breda","24":"product_tag-bronze-knopfe","25":"product_tag-bronze-ton","26":"product_tag-capelle-aan-den-ijssel","27":"product_tag-charme","28":"product_tag-delft","29":"product_tag-den-bosch","30":"product_tag-den-haag","31":"product_tag-den-helder","32":"product_tag-deventer","33":"product_tag-diy","34":"product_tag-doetinchem","35":"product_tag-dordrecht","36":"product_tag-ede","37":"product_tag-eindhoven","38":"product_tag-emmen","39":"product_tag-enschede","40":"product_tag-facebook","41":"product_tag-fimo","42":"product_tag-fimo-knete","43":"product_tag-geleen","44":"product_tag-gemacht","45":"product_tag-gemacht-2","46":"product_tag-gold-3","47":"product_tag-gouda","48":"product_tag-haarlem","49":"product_tag-haarlemmermeer","50":"product_tag-hand","51":"product_tag-handgefertigt","52":"product_tag-handgefertigt-3","53":"product_tag-heerenveen","54":"product_tag-heerlen","55":"product_tag-helmond","56":"product_tag-hengelo","57":"product_tag-hilversum","58":"product_tag-hoogeveen","59":"product_tag-horn","60":"product_tag-instagram","61":"product_tag-katwijk","62":"product_tag-klee","63":"product_tag-klee-2","64":"product_tag-kupfer-2","65":"product_tag-kupferton","66":"product_tag-leeuwarden","67":"product_tag-leidschendam","68":"product_tag-lelystad","69":"product_tag-maastricht","70":"product_tag-machen","71":"product_tag-middelburg","72":"product_tag-modellierung","73":"product_tag-niederlande","74":"product_tag-nieuwegein","75":"product_tag-nijmegen","76":"product_tag-oss","77":"product_tag-polymer-clay","78":"product_tag-purmerend","79":"product_tag-roermond","80":"product_tag-roosendaal","81":"product_tag-rotterdam","82":"product_tag-schaltflachenvorlage","83":"product_tag-scheveningen","84":"product_tag-selbstknopfend","85":"product_tag-sie-selbst","86":"product_tag-silber","87":"product_tag-silber-2","88":"product_tag-silberton","89":"product_tag-sittard","90":"product_tag-spijkenisse","91":"product_tag-taste-2","92":"product_tag-tasten","93":"product_tag-tasten-2","94":"product_tag-tasten-3","95":"product_tag-ton","96":"product_tag-ton-3","97":"product_tag-tonknopfe","98":"product_tag-veenendaal","99":"product_tag-venlo","100":"product_tag-vlaardingen","101":"product_tag-westland","102":"product_tag-zaandam","103":"product_tag-zaanstad","104":"product_tag-zeist","105":"product_tag-zoetermeer","106":"product_tag-zwolle","107":"product_shipping_class-standard","109":"first","110":"instock","111":"taxable","112":"shipping-taxable","113":"purchasable","114":"product-type-simple"},"acf":[],"_links":{"self":[{"href":"https:\/\/esquell.eu\/de\/wp-json\/wp\/v2\/product\/24393","targetHints":{"allow":["GET"]}}],"collection":[{"href":"https:\/\/esquell.eu\/de\/wp-json\/wp\/v2\/product"}],"about":[{"href":"https:\/\/esquell.eu\/de\/wp-json\/wp\/v2\/types\/product"}],"replies":[{"embeddable":true,"href":"https:\/\/esquell.eu\/de\/wp-json\/wp\/v2\/comments?post=24393"}],"wp:featuredmedia":[{"embeddable":true,"href":"https:\/\/esquell.eu\/de\/wp-json\/wp\/v2\/media\/8376"}],"wp:attachment":[{"href":"https:\/\/esquell.eu\/de\/wp-json\/wp\/v2\/media?parent=24393"}],"wp:term":[{"taxonomy":"more","embeddable":true,"href":"https:\/\/esquell.eu\/de\/wp-json\/wp\/v2\/more?post=24393"},{"taxonomy":"product_brand","embeddable":true,"href":"https:\/\/esquell.eu\/de\/wp-json\/wp\/v2\/product_brand?post=24393"},{"taxonomy":"product_cat","embeddable":true,"href":"https:\/\/esquell.eu\/de\/wp-json\/wp\/v2\/product_cat?post=24393"},{"taxonomy":"product_tag","embeddable":true,"href":"https:\/\/esquell.eu\/de\/wp-json\/wp\/v2\/product_tag?post=24393"}],"curies":[{"name":"wp","href":"https:\/\/api.w.org\/{rel}","templated":true}]}}