{"id":24221,"date":"2025-04-04T05:37:11","date_gmt":"2025-04-04T05:37:11","guid":{"rendered":"https:\/\/esquell.eu\/product\/kunststoffstreifen-in-verschiedenen-staerken-zum-gleichmaessigen-ausrollen-von-ton-acs\/"},"modified":"2026-03-23T20:16:21","modified_gmt":"2026-03-23T20:16:21","slug":"kunststoffstreifen-in-verschiedenen-staerken-zum-gleichmaessigen-ausrollen-von-ton-acs","status":"publish","type":"product","link":"https:\/\/esquell.eu\/de\/produkt\/kunststoffstreifen-in-verschiedenen-staerken-zum-gleichmaessigen-ausrollen-von-ton-acs\/","title":{"rendered":"Kunststoffstreifen in verschiedenen St\u00e4rken zum gleichm\u00e4\u00dfigen Ausrollen von Ton ACS"},"content":{"rendered":"<p>Indem Sie den Ton zwischen diesen beiden Streifen ausrollen, ist es m\u00f6glich, die Dicke des Ornaments genau gleich zu gestalten.<br \/>\nIndem Sie die Streifen immer mit dem Tonroller \u00fcberrollen, ist der Ton \u00fcberall gleich dick.<\/p>\n<p>Die unterschiedlich dicken Lamellen haben unterschiedliche Farben. Dadurch sind sie leicht zu unterscheiden. <\/p>\n","protected":false},"excerpt":{"rendered":"<p>Indem Sie den Ton zwischen diesen beiden Streifen ausrollen, ist es m\u00f6glich, die Dicke des Ornaments genau gleich zu gestalten.<br \/>\nIndem Sie die Streifen immer mit dem Tonroller \u00fcberrollen, ist der Ton \u00fcberall gleich dick.<\/p>\n<p>Wenn Sie den Ton auf eine Texturmatte legen, Latten auf oder neben die Texturmatte legen und den Ton dann mit einem Tonroller rollen, entstehen sch\u00f6ne Texturen im Ton. Strukturieren Sie immer zuerst und schneiden Sie den Ton dann in Form. Durch das Ausrollen ver\u00e4ndert sich die Form des Tons.  <\/p>\n<p>Die unterschiedlich dicken Lamellen haben unterschiedliche Farben. Dadurch sind sie leicht zu unterscheiden. <\/p>\n","protected":false},"featured_media":24223,"comment_status":"closed","ping_status":"closed","template":"","meta":{"_acf_changed":false,"_seopress_robots_primary_cat":"none","_seopress_titles_title":"","_seopress_titles_desc":"","_seopress_robots_index":""},"more":[],"product_brand":[6413],"product_cat":[6596,8215],"product_tag":[18137,6446,18133,6817,6492,6699,6438,7543,15107,6458,6677,6790,6887,6840,6903,7123,6936,6675,13222,6826,6793,8577,18124,8574,6842,6680,7547,6824,6830,6934,6452,6836,6673,6786,6885,6498,6905,15169,18129,7019,6844,6679,7545,6421,6444,6441,6455,6832,18131,6891,6938,18139,6806,6419,6812,6490,15109,6834,6500,6556,7511,17008,18128,6784,6795,6449,6694,18126,6814,7441,6818,6783,6838,18135],"class_list":{"0":"post-24221","1":"product","2":"type-product","3":"status-publish","4":"has-post-thumbnail","6":"product_brand-acs","7":"product_cat-grundlegende-werkzeuge","8":"product_cat-lehm","9":"product_tag-eu-groningen","10":"product_tag-aida","11":"product_tag-aidaworldwide","12":"product_tag-amsterdam","13":"product_tag-artclay","14":"product_tag-artclayacademy","15":"product_tag-artclaysilver","16":"product_tag-ausbilder-2","17":"product_tag-ausrollen","18":"product_tag-belgien","19":"product_tag-belgien-2","20":"product_tag-bestellung","21":"product_tag-biegsames-silber","22":"product_tag-brabant","23":"product_tag-bronze-ton","24":"product_tag-brucke","25":"product_tag-brussel","26":"product_tag-craftlines","27":"product_tag-dick","28":"product_tag-drenthe","29":"product_tag-einkaufen","30":"product_tag-eu","31":"product_tag-europ","32":"product_tag-europa","33":"product_tag-flevoland","34":"product_tag-frankreich","35":"product_tag-frankreich-2","36":"product_tag-friesland","37":"product_tag-gelderland","38":"product_tag-gent","39":"product_tag-groshandel","40":"product_tag-holland","41":"product_tag-japan","42":"product_tag-kaufen","43":"product_tag-kaufen-2","44":"product_tag-kunst","45":"product_tag-kupferton","46":"product_tag-lamellen","47":"product_tag-lamellen-2","48":"product_tag-liefert","49":"product_tag-limburg","50":"product_tag-luxemburg","51":"product_tag-luxemburg-2","52":"product_tag-machen","53":"product_tag-metalclay","54":"product_tag-metallton","55":"product_tag-niederlande","56":"product_tag-norden","57":"product_tag-nur","58":"product_tag-online-shop","59":"product_tag-ostende","60":"product_tag-overijsel","61":"product_tag-rabatt","62":"product_tag-schmuck","63":"product_tag-silber-3","64":"product_tag-silberton","65":"product_tag-sogar","66":"product_tag-sud","67":"product_tag-ton-2","68":"product_tag-ton-3","69":"product_tag-tonschmuck","70":"product_tag-tonwalze","71":"product_tag-tonwalzen","72":"product_tag-unter-2","73":"product_tag-utrecht","74":"product_tag-verteiler","75":"product_tag-von","76":"product_tag-walzen","77":"product_tag-webshop","78":"product_tag-werkzeug-2","79":"product_tag-werkzeuge-2","80":"product_tag-wobei","81":"product_tag-zeeland","82":"product_tag-zertifiziert-3","83":"product_shipping_class-standard","84":"pa_dikte-03mm","85":"pa_dikte-1mm","86":"pa_dikte-2-mm","87":"pa_dikte-25mm","89":"first","90":"instock","91":"taxable","92":"shipping-taxable","93":"purchasable","94":"product-type-variable"},"acf":[],"_links":{"self":[{"href":"https:\/\/esquell.eu\/de\/wp-json\/wp\/v2\/product\/24221","targetHints":{"allow":["GET"]}}],"collection":[{"href":"https:\/\/esquell.eu\/de\/wp-json\/wp\/v2\/product"}],"about":[{"href":"https:\/\/esquell.eu\/de\/wp-json\/wp\/v2\/types\/product"}],"replies":[{"embeddable":true,"href":"https:\/\/esquell.eu\/de\/wp-json\/wp\/v2\/comments?post=24221"}],"wp:featuredmedia":[{"embeddable":true,"href":"https:\/\/esquell.eu\/de\/wp-json\/wp\/v2\/media\/24223"}],"wp:attachment":[{"href":"https:\/\/esquell.eu\/de\/wp-json\/wp\/v2\/media?parent=24221"}],"wp:term":[{"taxonomy":"more","embeddable":true,"href":"https:\/\/esquell.eu\/de\/wp-json\/wp\/v2\/more?post=24221"},{"taxonomy":"product_brand","embeddable":true,"href":"https:\/\/esquell.eu\/de\/wp-json\/wp\/v2\/product_brand?post=24221"},{"taxonomy":"product_cat","embeddable":true,"href":"https:\/\/esquell.eu\/de\/wp-json\/wp\/v2\/product_cat?post=24221"},{"taxonomy":"product_tag","embeddable":true,"href":"https:\/\/esquell.eu\/de\/wp-json\/wp\/v2\/product_tag?post=24221"}],"curies":[{"name":"wp","href":"https:\/\/api.w.org\/{rel}","templated":true}]}}