{"id":24198,"date":"2025-04-04T05:37:04","date_gmt":"2025-04-04T05:37:04","guid":{"rendered":"https:\/\/esquell.eu\/product\/poliertuch-verschiedene-groessen\/"},"modified":"2025-04-04T05:37:04","modified_gmt":"2025-04-04T05:37:04","slug":"poliertuch-verschiedene-groessen","status":"publish","type":"product","link":"https:\/\/esquell.eu\/de\/produkt\/poliertuch-verschiedene-groessen\/","title":{"rendered":"Poliertuch verschiedene Gr\u00f6\u00dfen"},"content":{"rendered":"<p>Das Poliertuch sorgt f\u00fcr zus\u00e4tzlichen Glanz auf Ihrem Schmuck. Speziell f\u00fcr die Pflege Ihres Schmucks vorbereitet. Verwenden Sie es ohne Politur, aber auch perfekt in Kombination mit Polierpaste. Bei stark verschmutzten oder fleckigen Gegenst\u00e4nden feuchten Sie das Tuch leicht mit Wasser an. Je schw\u00e4rzer das Tuch ist, desto besser ist das Ergebnis. Wenn Sie das Tuch waschen, verliert es sein Pr\u00e4parat, kann aber danach immer noch mit der Polierpaste verwendet werden.     <\/p>\n","protected":false},"excerpt":{"rendered":"<p>  Das Poliertuch 16x16cm sorgt f\u00fcr zus\u00e4tzlichen Glanz auf Ihrem Schmuck. Speziell f\u00fcr die Pflege Ihres Schmucks vorbereitet. Verwenden Sie es ohne Politur, aber auch perfekt in Kombination mit der F-311 Polierpaste. Bei stark verschmutzten oder fleckigen Gegenst\u00e4nden befeuchten Sie sie leicht mit Wasser. Je schw\u00e4rzer das Tuch, desto besser das Ergebnis. Wenn Sie das Tuch waschen, verliert es sein Pr\u00e4parat.       <\/p>\n","protected":false},"featured_media":3860,"comment_status":"closed","ping_status":"closed","template":"","meta":{"_acf_changed":false,"_seopress_robots_primary_cat":"none","_seopress_titles_title":"","_seopress_titles_desc":"","_seopress_robots_index":""},"more":[],"product_brand":[],"product_cat":[7361],"product_tag":[6446,6715,6438,7280,7543,6375,14584,6675,6793,7017,14580,7171,6673,7377,8261,7131,9539,8137,14578,9262,10504,6713,6419,7445,6814,14582,7410],"class_list":{"0":"post-24198","1":"product","2":"type-product","3":"status-publish","4":"has-post-thumbnail","6":"product_cat-schleifen-feilen-und-polieren","7":"product_tag-aida","8":"product_tag-arbeit","9":"product_tag-artclaysilver","10":"product_tag-ausbilder","11":"product_tag-ausbilder-2","12":"product_tag-burste","13":"product_tag-bursten-2","14":"product_tag-craftlines","15":"product_tag-einkaufen","16":"product_tag-fur","17":"product_tag-genau-2","18":"product_tag-gut-2","19":"product_tag-japan","20":"product_tag-klein","21":"product_tag-klein-2","22":"product_tag-kupfer","23":"product_tag-messing","24":"product_tag-metall-3","25":"product_tag-polierburste-2","26":"product_tag-polieren","27":"product_tag-polnisch-3","28":"product_tag-prazision","29":"product_tag-schmuck","30":"product_tag-stahl","31":"product_tag-webshop","32":"product_tag-werke","33":"product_tag-zertifiziert","34":"product_shipping_class-standard","35":"pa_afmeting-1616-gelb","36":"pa_afmeting-914-rot","38":"first","39":"instock","40":"taxable","41":"shipping-taxable","42":"purchasable","43":"product-type-variable"},"acf":[],"_links":{"self":[{"href":"https:\/\/esquell.eu\/de\/wp-json\/wp\/v2\/product\/24198","targetHints":{"allow":["GET"]}}],"collection":[{"href":"https:\/\/esquell.eu\/de\/wp-json\/wp\/v2\/product"}],"about":[{"href":"https:\/\/esquell.eu\/de\/wp-json\/wp\/v2\/types\/product"}],"replies":[{"embeddable":true,"href":"https:\/\/esquell.eu\/de\/wp-json\/wp\/v2\/comments?post=24198"}],"wp:featuredmedia":[{"embeddable":true,"href":"https:\/\/esquell.eu\/de\/wp-json\/wp\/v2\/media\/3860"}],"wp:attachment":[{"href":"https:\/\/esquell.eu\/de\/wp-json\/wp\/v2\/media?parent=24198"}],"wp:term":[{"taxonomy":"more","embeddable":true,"href":"https:\/\/esquell.eu\/de\/wp-json\/wp\/v2\/more?post=24198"},{"taxonomy":"product_brand","embeddable":true,"href":"https:\/\/esquell.eu\/de\/wp-json\/wp\/v2\/product_brand?post=24198"},{"taxonomy":"product_cat","embeddable":true,"href":"https:\/\/esquell.eu\/de\/wp-json\/wp\/v2\/product_cat?post=24198"},{"taxonomy":"product_tag","embeddable":true,"href":"https:\/\/esquell.eu\/de\/wp-json\/wp\/v2\/product_tag?post=24198"}],"curies":[{"name":"wp","href":"https:\/\/api.w.org\/{rel}","templated":true}]}}