{"id":24131,"date":"2025-04-04T05:37:04","date_gmt":"2025-04-04T05:37:04","guid":{"rendered":"https:\/\/esquell.eu\/product\/silberlotpaste-fuer-niedrige-temperaturen-verschiedene-inhaltsstoffe\/"},"modified":"2025-04-04T05:37:04","modified_gmt":"2025-04-04T05:37:04","slug":"silberlotpaste-fuer-niedrige-temperaturen-verschiedene-inhaltsstoffe","status":"publish","type":"product","link":"https:\/\/esquell.eu\/de\/produkt\/silberlotpaste-fuer-niedrige-temperaturen-verschiedene-inhaltsstoffe\/","title":{"rendered":"Silberlotpaste f\u00fcr niedrige Temperaturen. verschiedene Inhaltsstoffe"},"content":{"rendered":"<p>Dies ist eine nicht anlaufende L\u00f6tpaste. Hervorragend geeignet zum Verbinden verschiedener Metalle. Kann u.a. f\u00fcr Nickel, Silber, Zinn, Wei\u00dfbronze, Edelstahl, Messing und Bronze verwendet werden. Aufgrund des geringen Silbergehalts empfehlen wir, dieses Produkt nicht f\u00fcr Silbergegenst\u00e4nde zu verwenden, die eine Punzierung (925 \/ 999) erfordern, da es den Silbergehalt verringert.   <\/p>\n<p>&nbsp;<\/p>\n<p>L\u00f6ten kann man auch bei niedrigen Temperaturen. Sogar mit einem Butangas-Feuerzeug. <\/p>\n<p>&nbsp;<\/p>\n","protected":false},"excerpt":{"rendered":"<p>Dies ist eine nicht anlaufende L\u00f6tpaste. Hervorragend geeignet zum Verbinden verschiedener Metalle. Kann u.a. f\u00fcr Nickel, Silber, Zinn, Wei\u00dfbronze, Edelstahl, Messing und Bronze verwendet werden. Aufgrund des geringen Silbergehalts empfehlen wir, dieses Produkt nicht f\u00fcr Silbergegenst\u00e4nde zu verwenden, die eine Punzierung (925 \/ 999) erfordern, da es den Silbergehalt verringert.   <\/p>\n<p>&nbsp;<\/p>\n<p>L\u00f6ten kann man auch bei niedrigen Temperaturen. Sogar mit einem Butangas-Feuerzeug. <\/p>\n<p>&nbsp;<\/p>\n<p>&nbsp;<\/p>\n<p>&nbsp;<\/p>\n<p>&nbsp;<\/p>\n","protected":false},"featured_media":4722,"comment_status":"closed","ping_status":"closed","template":"","meta":{"_acf_changed":false,"_seopress_robots_primary_cat":"none","_seopress_titles_title":"","_seopress_titles_desc":"","_seopress_robots_index":""},"more":[],"product_brand":[6595],"product_cat":[6367,9857],"product_tag":[8019,18027,18028,8135,11828,11798,7134,6419,6781],"class_list":{"0":"post-24131","1":"product","2":"type-product","3":"status-publish","4":"has-post-thumbnail","6":"product_brand-coole-tools","7":"product_cat-erganzende-materialien","8":"product_cat-loten","9":"product_tag-kupfer-2","10":"product_tag-kupferlot","11":"product_tag-kupferlotpaste","12":"product_tag-loten","13":"product_tag-loten-3","14":"product_tag-lotpaste","15":"product_tag-nudeln","16":"product_tag-schmuck","17":"product_tag-teile","18":"product_shipping_class-standard","19":"pa_hoeveelheid-147-gramm","20":"pa_hoeveelheid-7-gramm","22":"first","23":"instock","24":"taxable","25":"shipping-taxable","26":"purchasable","27":"product-type-variable"},"acf":[],"_links":{"self":[{"href":"https:\/\/esquell.eu\/de\/wp-json\/wp\/v2\/product\/24131","targetHints":{"allow":["GET"]}}],"collection":[{"href":"https:\/\/esquell.eu\/de\/wp-json\/wp\/v2\/product"}],"about":[{"href":"https:\/\/esquell.eu\/de\/wp-json\/wp\/v2\/types\/product"}],"replies":[{"embeddable":true,"href":"https:\/\/esquell.eu\/de\/wp-json\/wp\/v2\/comments?post=24131"}],"wp:featuredmedia":[{"embeddable":true,"href":"https:\/\/esquell.eu\/de\/wp-json\/wp\/v2\/media\/4722"}],"wp:attachment":[{"href":"https:\/\/esquell.eu\/de\/wp-json\/wp\/v2\/media?parent=24131"}],"wp:term":[{"taxonomy":"more","embeddable":true,"href":"https:\/\/esquell.eu\/de\/wp-json\/wp\/v2\/more?post=24131"},{"taxonomy":"product_brand","embeddable":true,"href":"https:\/\/esquell.eu\/de\/wp-json\/wp\/v2\/product_brand?post=24131"},{"taxonomy":"product_cat","embeddable":true,"href":"https:\/\/esquell.eu\/de\/wp-json\/wp\/v2\/product_cat?post=24131"},{"taxonomy":"product_tag","embeddable":true,"href":"https:\/\/esquell.eu\/de\/wp-json\/wp\/v2\/product_tag?post=24131"}],"curies":[{"name":"wp","href":"https:\/\/api.w.org\/{rel}","templated":true}]}}