{"id":24093,"date":"2025-04-04T05:37:04","date_gmt":"2025-04-04T05:37:04","guid":{"rendered":"https:\/\/esquell.eu\/product\/loetpaste-fuer-kupfer-bronze-messing-und-kombinationen-von-metallen-div-inhalt\/"},"modified":"2025-12-22T10:57:16","modified_gmt":"2025-12-22T10:57:16","slug":"loetpaste-fuer-kupfer-bronze-messing-und-kombinationen-von-metallen-div-inhalt","status":"publish","type":"product","link":"https:\/\/esquell.eu\/de\/produkt\/loetpaste-fuer-kupfer-bronze-messing-und-kombinationen-von-metallen-div-inhalt\/","title":{"rendered":"L\u00f6tpaste f\u00fcr Kupfer, Bronze, Messing und Kombinationen von Metallen. Div Inhalt"},"content":{"rendered":"<p>L\u00f6tpaste. f\u00fcr Kupfer, Bronze, Messing und Kombinationen <\/p>\n<p>Diese Legierung hat eine helle, kupferfarbene Farbe und eignet sich hervorragend f\u00fcr Kupfer-, Messing-, Bronze- und Mischmetallprojekte wie Silber auf Messing oder Bronze oder Edelstahl auf Messing oder Gold. Frei von Cadmium und Indium. Flie\u00dft bei 730 Grad Celsius.<\/p>\n","protected":false},"excerpt":{"rendered":"<p>L\u00f6tpaste. f\u00fcr Kupfer, Bronze, Messing und Kombinationen <\/p>\n<p>Diese Legierung hat eine helle kupferfarbene Farbe und eignet sich hervorragend f\u00fcr Kupfer-, Messing-, Bronze- und Mischmetallprojekte wie Silber auf Messing oder Bronze oder Edelstahl auf Messing oder Gold. Frei von Cadmium und Indium. Verfl\u00fcssigt sich bei etwa 730 Grad Celsius.  <\/p>\n<p>&nbsp;<\/p>\n<p>&nbsp;<\/p>\n<p>&nbsp;<\/p>\n<p>&nbsp;<\/p>\n","protected":false},"featured_media":24094,"comment_status":"closed","ping_status":"closed","template":"","meta":{"_acf_changed":false,"_seopress_robots_primary_cat":"none","_seopress_titles_title":"","_seopress_titles_desc":"","_seopress_robots_index":""},"more":[],"product_brand":[6595],"product_cat":[6367,9857],"product_tag":[8019,18027,18028,8135,11828,11798,7134,6419,6781],"class_list":{"0":"post-24093","1":"product","2":"type-product","3":"status-publish","4":"has-post-thumbnail","6":"product_brand-coole-tools","7":"product_cat-erganzende-materialien","8":"product_cat-loten","9":"product_tag-kupfer-2","10":"product_tag-kupferlot","11":"product_tag-kupferlotpaste","12":"product_tag-loten","13":"product_tag-loten-3","14":"product_tag-lotpaste","15":"product_tag-nudeln","16":"product_tag-schmuck","17":"product_tag-teile","18":"product_shipping_class-standard","19":"pa_gram-147-gramm","20":"pa_gram-7-gramm","22":"first","23":"instock","24":"taxable","25":"shipping-taxable","26":"purchasable","27":"product-type-variable"},"acf":[],"_links":{"self":[{"href":"https:\/\/esquell.eu\/de\/wp-json\/wp\/v2\/product\/24093","targetHints":{"allow":["GET"]}}],"collection":[{"href":"https:\/\/esquell.eu\/de\/wp-json\/wp\/v2\/product"}],"about":[{"href":"https:\/\/esquell.eu\/de\/wp-json\/wp\/v2\/types\/product"}],"replies":[{"embeddable":true,"href":"https:\/\/esquell.eu\/de\/wp-json\/wp\/v2\/comments?post=24093"}],"wp:featuredmedia":[{"embeddable":true,"href":"https:\/\/esquell.eu\/de\/wp-json\/wp\/v2\/media\/24094"}],"wp:attachment":[{"href":"https:\/\/esquell.eu\/de\/wp-json\/wp\/v2\/media?parent=24093"}],"wp:term":[{"taxonomy":"more","embeddable":true,"href":"https:\/\/esquell.eu\/de\/wp-json\/wp\/v2\/more?post=24093"},{"taxonomy":"product_brand","embeddable":true,"href":"https:\/\/esquell.eu\/de\/wp-json\/wp\/v2\/product_brand?post=24093"},{"taxonomy":"product_cat","embeddable":true,"href":"https:\/\/esquell.eu\/de\/wp-json\/wp\/v2\/product_cat?post=24093"},{"taxonomy":"product_tag","embeddable":true,"href":"https:\/\/esquell.eu\/de\/wp-json\/wp\/v2\/product_tag?post=24093"}],"curies":[{"name":"wp","href":"https:\/\/api.w.org\/{rel}","templated":true}]}}