{"id":24066,"date":"2025-04-04T05:36:53","date_gmt":"2025-04-04T05:36:53","guid":{"rendered":"https:\/\/esquell.eu\/product\/starterkit-silberknete-xxl-sehr-umfangreich-mit-silberknete-inklusive-silber-und-werkzeug\/"},"modified":"2026-02-14T10:24:47","modified_gmt":"2026-02-14T10:24:47","slug":"starterkit-silberknete-xxl-sehr-umfangreich-mit-silberknete-inklusive-silber-und-werkzeug","status":"publish","type":"product","link":"https:\/\/esquell.eu\/de\/produkt\/starterkit-silberknete-xxl-sehr-umfangreich-mit-silberknete-inklusive-silber-und-werkzeug\/","title":{"rendered":"Starterkit Silberknete XXL sehr umfangreich mit Silberknete inklusive Silber und Werkzeug"},"content":{"rendered":"<p><strong>Alles, was Sie brauchen, um Ihren eigenen Silberschmuck zu Hause herzustellen,  <\/strong><\/p>\n<p><strong>Alles, was Sie brauchen, um Ihren eigenen Silberschmuck zu Hause herzustellen  <\/strong><\/p>\n<p>Sehr umfangreiches Starterset mit 2x 7 Gramm Silberknete, 5 Gramm Spr\u00fchknete, Werkzeuge f\u00fcr Ringe, Werkzeuge zum Brennen und L\u00f6ten, Modellieren, Herstellen von Ringen, Schleifen, Feilen und Polieren usw. Sie k\u00f6nnen sofort loslegen!<\/p>\n<p>Verkaufswert ca. \u20ac 289.00<\/p>\n<p><strong>Enth\u00e4lt die Schritt-f\u00fcr-Schritt-Beschreibung von 1 Projekt (Blatt-Anh\u00e4nger) +<br \/>\n<\/strong><\/p>\n<p><strong> <u><a href=\"https:\/\/youtube.com\/playlist?list=PLNV9RRmkyYO2aNRoLNnIsMgcqqvCUWXJK&amp;si=CIbzX7ngiDCq4fSP\">15 Online-Projekte mit Schritt-f\u00fcr-Schritt-Anleitung<\/a><br \/>\n<\/u><\/strong><\/p>\n<p><strong><u><br \/>\n<\/u><\/strong>Inhalt der Verpackung<strong><u><br \/>\n<\/u><\/strong><\/p>\n<ul>\n<li>2x Silber Ton 7 Gramm<\/li>\n<\/ul>\n<ul>\n<li>1 x 5 g Spr\u00fchkleber \/ Spritze<\/li>\n<li>Coolslip Antihaft-Formel (f\u00fcr Formen und Texturen)<\/li>\n<\/ul>\n<ul>\n<li>Arbeitsmatte mit Gitter A4<\/li>\n<\/ul>\n<ul>\n<li>Vermiculitplatte Oberfl\u00e4che zum Brennen und L\u00f6ten Hitzebest\u00e4ndig<\/li>\n<\/ul>\n<ul>\n<li>Handfackel. Die Fackel kann mit Butangas gef\u00fcllt werden (erh\u00e4ltlich in Baum\u00e4rkten usw.). <\/li>\n<\/ul>\n<ul>\n<li>1x Dosierspritze<\/li>\n<\/ul>\n<ul>\n<li>4x Extra D\u00fcsen in verschiedenen St\u00e4rken<\/li>\n<\/ul>\n<ul>\n<li>Lehmrolle zum Ausrollen des Lehmes<\/li>\n<\/ul>\n<ul>\n<li>Zirkelausstecher, 8er Set z.B. zum Durchstechen von L\u00f6chern f\u00fcr Ohrringe und Anh\u00e4nger<\/li>\n<\/ul>\n<ul>\n<li>Bohrfutter f\u00fcr Bohrer und Fr\u00e4ser, u.a.<\/li>\n<li>Bohrer, verschiedene Gr\u00f6\u00dfen zum Bohren in getrockneten Ton oder Metalle.<\/li>\n<\/ul>\n<ul>\n<li>Mini-Silikonform f\u00fcr die Herstellung kleiner Ornamente aus Metallton<\/li>\n<\/ul>\n<ul>\n<li>Schmuckschablone zum Ausschneiden von Formen aus dem Ton, ausgeschnitten mit dem Nadelstift in diesem Paket<\/li>\n<\/ul>\n<ul>\n<li>Abstandshalter Zum gleichm\u00e4\u00dfigen Ausrollen der Knete in 2 verschiedenen Dicken<\/li>\n<\/ul>\n<ul>\n<li>Aufnahmestift zum Aufnehmen von Zirkonia und kleinen Perlen<\/li>\n<\/ul>\n<ul>\n<li>Zirkonia 5 St\u00fcck Sortiment (Zusammensetzung kann vom Bild abweichen)<\/li>\n<\/ul>\n<ul>\n<li>3M Schleifpads 3 St\u00fcck Weiche, flexible Schleifpads f\u00fcr den Trocken- und Nassschliff. Geeignet f\u00fcr getrockneten Ton und eingebrannte Metalle. <\/li>\n<\/ul>\n<ul>\n<li>Loomer oder Tonmesser, um den Ton gerade zu schneiden<\/li>\n<\/ul>\n<ul>\n<li>Achat-Stift, f\u00fcr Hochglanzpolitur, Poliermaschine<\/li>\n<\/ul>\n<ul>\n<li>Pinzette hitzebest\u00e4ndig<\/li>\n<\/ul>\n<ul>\n<li>Pinzette Auto-Lock hitzebest\u00e4ndig, auch zum L\u00f6ten geeignet<\/li>\n<\/ul>\n<ul>\n<li>Modellierspatel, 5er Set, f\u00fcr Modelliermasse. Die abgerundete Metallspitze kann auch zum Polieren von schwer zug\u00e4nglichen Stellen verwendet werden <\/li>\n<\/ul>\n<ul>\n<li>Diamantfeilen, 5er Set. Verschiedene Formen <\/li>\n<\/ul>\n<ul>\n<li>Teflon-Trockenmatte, zum Trocknen des Tons auf einem hitzebest\u00e4ndigen Trockenblatt.<\/li>\n<\/ul>\n<ul>\n<li>Schleifpapier 1x grob 1x fein, Zum Schleifen von Ton oder Metallen<\/li>\n<\/ul>\n<ul>\n<li>Polierb\u00fcrste<\/li>\n<\/ul>\n<ul>\n<li>Poliertuch klein<\/li>\n<\/ul>\n<ul>\n<li>Polierpaste f\u00fcr die Hochglanzpolitur<\/li>\n<\/ul>\n<ul>\n<li>Nadelwerkzeug, Nadelstift. Zum Ausschneiden des Tons <\/li>\n<\/ul>\n<ul>\n<li>Ringstab Holz<\/li>\n<\/ul>\n<ul>\n<li>Ringb\u00fcndel in Japangr\u00f6\u00dfen speziell f\u00fcr Art Clay Silver. Eine Ringgr\u00f6\u00dfentabelle wird mitgeliefert. <\/li>\n<\/ul>\n<ul>\n<li>Blitz-Fleck<\/li>\n<\/ul>\n<ul>\n<li>Flugblatt<\/li>\n<\/ul>\n<ul>\n<li>Ringgr\u00f6\u00dfen-Tabelle<\/li>\n<li>Beschreibung von 1 Projekt, mit dem Sie beginnen k\u00f6nnen (Blattanh\u00e4nger)<\/li>\n<\/ul>\n","protected":false},"excerpt":{"rendered":"<p><strong>Alles, was Sie brauchen, um Ihren eigenen Silberschmuck zu Hause herzustellen,<br \/>\n<\/strong><\/p>\n<p><strong>Alles, was Sie brauchen, um Ihren eigenen Silberschmuck zu Hause herzustellen<\/strong><\/p>\n<p>Sehr umfangreiches Starterset mit 2x 7 Gramm Silberknete, 5 Gramm Spr\u00fchknete, Werkzeuge f\u00fcr Ringe, Werkzeuge zum Brennen und L\u00f6ten, Modellieren, Herstellen von Ringen, Schleifen, Feilen und Polieren usw. Sie k\u00f6nnen sofort loslegen!<\/p>\n<p>Verkaufswert ca. \u20ac 299.00<\/p>\n<p><strong>Enth\u00e4lt die Schritt-f\u00fcr-Schritt-Beschreibung von 1 Projekt (Blatt-Anh\u00e4nger) +<br \/>\n<\/strong><\/p>\n<p><strong><u><a href=\"https:\/\/youtube.com\/playlist?list=PLNV9RRmkyYO2aNRoLNnIsMgcqqvCUWXJK&amp;si=CIbzX7ngiDCq4fSP\">15 Online-Projekte mit Schritt-f\u00fcr-Schritt-Anleitung<\/a><br \/>\n<\/u><\/strong><\/p>\n<p><strong><u><br \/>\n<\/u><\/strong>Inhalt der Verpackung<strong><u><br \/>\n<\/u><\/strong><\/p>\n<ul>\n<li>2x Silber Ton 7 Gramm<\/li>\n<\/ul>\n<ul>\n<li>1 x 5 g Spr\u00fchkleber \/ Spritze<\/li>\n<li>Coolslip Antihaft-Formel (f\u00fcr Formen und Texturen)<\/li>\n<\/ul>\n<ul>\n<li>Arbeitsmatte mit Gitter A5<\/li>\n<\/ul>\n<ul>\n<li>Vermiculitplatte zum Backen und L\u00f6ten Hitzebest\u00e4ndig<\/li>\n<\/ul>\n<ul>\n<li>Handfackel. Die Fackel kann mit Butangas gef\u00fcllt werden (erh\u00e4ltlich in Baum\u00e4rkten usw.). <\/li>\n<\/ul>\n<ul>\n<li>1x Dosierspritze<\/li>\n<\/ul>\n<ul>\n<li>4x Extra D\u00fcsen in verschiedenen St\u00e4rken<\/li>\n<\/ul>\n<ul>\n<li>Lehmrolle zum Ausrollen des Lehmes<\/li>\n<\/ul>\n<ul>\n<li>Ausstechformen 4er Set (kann vom Foto abweichen). <\/li>\n<li>Zirkelausstecher, 8er Set z.B. zum Durchstechen von L\u00f6chern f\u00fcr Ohrringe und Anh\u00e4nger<\/li>\n<\/ul>\n<ul>\n<li>Bohrfutter f\u00fcr Bohrer und Fr\u00e4ser, u.a.<\/li>\n<li>Bohrer, verschiedene Gr\u00f6\u00dfen zum Bohren in getrockneten Ton oder Metalle.<\/li>\n<\/ul>\n<ul>\n<li>Mini-Silikonform f\u00fcr die Herstellung kleiner Ornamente aus Metallton<\/li>\n<\/ul>\n<ul>\n<li>Schmuckschablone zum Ausschneiden von Formen aus dem Ton, ausgeschnitten mit dem Nadelstift in diesem Paket<\/li>\n<\/ul>\n<ul>\n<li>Abstandshalter Zum gleichm\u00e4\u00dfigen Ausrollen der Knete in 3 verschiedenen Dicken<\/li>\n<\/ul>\n<ul>\n<li>Aufnahmestift zum Aufnehmen von Zirkonia und kleinen Perlen<\/li>\n<\/ul>\n<ul>\n<li>Zirkonia 8 St\u00fcck Sortiment (Zusammensetzung kann vom Bild abweichen)<\/li>\n<\/ul>\n<ul>\n<li>3M Schleifpads 3 St\u00fcck Weiche, flexible Schleifpads f\u00fcr den Trocken- und Nassschliff. Geeignet f\u00fcr getrockneten Ton und eingebrannte Metalle. <\/li>\n<\/ul>\n<ul>\n<li>Loomer oder Tonmesser, um den Ton gerade zu schneiden<\/li>\n<\/ul>\n<ul>\n<li>Achat-Stift, f\u00fcr Hochglanzpolitur, Poliermaschine<\/li>\n<\/ul>\n<ul>\n<li>Pinzette hitzebest\u00e4ndig<\/li>\n<\/ul>\n<ul>\n<li>Pinzette Auto-Lock hitzebest\u00e4ndig, auch zum L\u00f6ten geeignet<\/li>\n<\/ul>\n<ul>\n<li>Modellierspatel, 5er Set, f\u00fcr Modelliermasse. Die abgerundete Metallspitze kann auch zum Polieren von schwer zug\u00e4nglichen Stellen verwendet werden <\/li>\n<\/ul>\n<ul>\n<li>Diamantfeilen, 5er Set. Verschiedene Formen <\/li>\n<\/ul>\n<ul>\n<li>Teflon-Trockenmatte, zum Trocknen des Tons auf einem hitzebest\u00e4ndigen Trockenblatt.<\/li>\n<\/ul>\n<ul>\n<li>Schleifpapier 1x grob 1x fein, Zum Schleifen von Ton oder Metallen<\/li>\n<\/ul>\n<ul>\n<li>Polierb\u00fcrste<\/li>\n<\/ul>\n<ul>\n<li>Poliertuch klein<\/li>\n<\/ul>\n<ul>\n<li>Polierpaste f\u00fcr die Hochglanzpolitur<\/li>\n<\/ul>\n<ul>\n<li>Nadelwerkzeug, Nadelstift. Zum Ausschneiden des Tons <\/li>\n<\/ul>\n<ul>\n<li>Trockengestell aus Edelstahl &#8211; Backgestell. Auch f\u00fcr das Backen auf dem Gasherd geeignet. <\/li>\n<\/ul>\n<ul>\n<li>Ringstab Holz<\/li>\n<\/ul>\n<ul>\n<li>Ringb\u00fcndel in Japangr\u00f6\u00dfen speziell f\u00fcr Art Clay Silver. Eine Ringgr\u00f6\u00dfentabelle wird mitgeliefert. <\/li>\n<\/ul>\n<ul>\n<li>Blitz-Fleck<\/li>\n<\/ul>\n<ul>\n<li>Flugblatt<\/li>\n<\/ul>\n<ul>\n<li>Ringgr\u00f6\u00dfen-Tabelle<\/li>\n<li>Beschreibung von 1 Projekt, mit dem Sie beginnen k\u00f6nnen (Blattanh\u00e4nger)<\/li>\n<\/ul>\n<p>&nbsp;<\/p>\n<p>&nbsp;<\/p>\n<p>&nbsp;<\/p>\n<p>&nbsp;<\/p>\n<p>&nbsp;<\/p>\n","protected":false},"featured_media":30541,"comment_status":"closed","ping_status":"closed","template":"","meta":{"_acf_changed":false,"_seopress_robots_primary_cat":"none","_seopress_titles_title":"","_seopress_titles_desc":"","_seopress_robots_index":""},"more":[],"product_brand":[],"product_cat":[7918],"product_tag":[6446,6817,18021,18024,6802,6773,18023,7999,18025,6492,6438,8126,7543,6458,6677,6887,6415,15185,6903,6936,8559,6675,18012,6883,7733,6881,6826,8905,18016,17192,6909,6842,6680,7547,6824,6830,6934,6822,18014,18019,6836,6696,8640,6907,6673,6786,6905,8583,8504,7019,6844,6679,7345,18013,6441,18026,6455,6832,6788,6938,6828,14475,8643,6806,6928,7342,6889,6417,8102,6490,7340,18017,7507,7923,6834,6784,6795,6449,7276,6814,7441,6605,18015,6783,7064,6838,7410],"class_list":{"0":"post-24066","1":"product","2":"type-product","3":"status-publish","4":"has-post-thumbnail","6":"product_cat-starter-pakete","7":"product_tag-aida","8":"product_tag-amsterdam","9":"product_tag-anfanger","10":"product_tag-anfanger-2","11":"product_tag-angebot","12":"product_tag-antwerpen","13":"product_tag-anweisung","14":"product_tag-arbeitsbeschreibung","15":"product_tag-arrclaysilver","16":"product_tag-artclay","17":"product_tag-artclaysilver","18":"product_tag-artclaysilvershop","19":"product_tag-ausbilder-2","20":"product_tag-belgien","21":"product_tag-belgien-2","22":"product_tag-biegsames-silber","23":"product_tag-billig","24":"product_tag-bonn","25":"product_tag-bronze-ton","26":"product_tag-brussel","27":"product_tag-cooltools","28":"product_tag-craftlines","29":"product_tag-der-traum-von-nevada","30":"product_tag-deutschland","31":"product_tag-deutschland-2","32":"product_tag-deutsland","33":"product_tag-drenthe","34":"product_tag-einsteigerpaket","35":"product_tag-einsteigerpakete-3","36":"product_tag-esquell","37":"product_tag-facebook","38":"product_tag-flevoland","39":"product_tag-frankreich","40":"product_tag-frankreich-2","41":"product_tag-friesland","42":"product_tag-gelderland","43":"product_tag-gent","44":"product_tag-groningen","45":"product_tag-grundlegend","46":"product_tag-grundlegende-werkzeuge","47":"product_tag-holland","48":"product_tag-ideen","49":"product_tag-inspiration","50":"product_tag-instagram","51":"product_tag-japan","52":"product_tag-kaufen","53":"product_tag-kupferton","54":"product_tag-kurs","55":"product_tag-lager","56":"product_tag-liefert","57":"product_tag-limburg","58":"product_tag-luxemburg","59":"product_tag-metalclayuk","60":"product_tag-metalclayworld","61":"product_tag-metallton","62":"product_tag-muchen","63":"product_tag-niederlande","64":"product_tag-norden","65":"product_tag-online","66":"product_tag-ostende","67":"product_tag-overijssel","68":"product_tag-paris","69":"product_tag-pinterest","70":"product_tag-rabatt","71":"product_tag-rotterdam","72":"product_tag-sandsturm","73":"product_tag-shop","74":"product_tag-silber","75":"product_tag-silber-ton-workshop","76":"product_tag-silberton","77":"product_tag-silverclay-co-uk","78":"product_tag-starterpakete","79":"product_tag-starterset","80":"product_tag-starterset-2","81":"product_tag-sud","82":"product_tag-unter-2","83":"product_tag-utrecht","84":"product_tag-verteiler","85":"product_tag-vorteilhaft","86":"product_tag-webshop","87":"product_tag-werkzeug-2","88":"product_tag-werkzeuge","89":"product_tag-wo-sie-kaufen-konnen","90":"product_tag-wobei","91":"product_tag-workshop","92":"product_tag-zeeland","93":"product_tag-zertifiziert","94":"product_shipping_class-standard","95":"pa_startpakket-xl-starterpaket-sehr-umfangreich","97":"first","98":"instock","99":"sale","100":"taxable","101":"shipping-taxable","102":"purchasable","103":"product-type-simple"},"acf":[],"_links":{"self":[{"href":"https:\/\/esquell.eu\/de\/wp-json\/wp\/v2\/product\/24066","targetHints":{"allow":["GET"]}}],"collection":[{"href":"https:\/\/esquell.eu\/de\/wp-json\/wp\/v2\/product"}],"about":[{"href":"https:\/\/esquell.eu\/de\/wp-json\/wp\/v2\/types\/product"}],"replies":[{"embeddable":true,"href":"https:\/\/esquell.eu\/de\/wp-json\/wp\/v2\/comments?post=24066"}],"wp:featuredmedia":[{"embeddable":true,"href":"https:\/\/esquell.eu\/de\/wp-json\/wp\/v2\/media\/30541"}],"wp:attachment":[{"href":"https:\/\/esquell.eu\/de\/wp-json\/wp\/v2\/media?parent=24066"}],"wp:term":[{"taxonomy":"more","embeddable":true,"href":"https:\/\/esquell.eu\/de\/wp-json\/wp\/v2\/more?post=24066"},{"taxonomy":"product_brand","embeddable":true,"href":"https:\/\/esquell.eu\/de\/wp-json\/wp\/v2\/product_brand?post=24066"},{"taxonomy":"product_cat","embeddable":true,"href":"https:\/\/esquell.eu\/de\/wp-json\/wp\/v2\/product_cat?post=24066"},{"taxonomy":"product_tag","embeddable":true,"href":"https:\/\/esquell.eu\/de\/wp-json\/wp\/v2\/product_tag?post=24066"}],"curies":[{"name":"wp","href":"https:\/\/api.w.org\/{rel}","templated":true}]}}