{"id":24003,"date":"2025-04-04T05:36:53","date_gmt":"2025-04-04T05:36:53","guid":{"rendered":"https:\/\/esquell.eu\/product\/starterpaket-klein\/"},"modified":"2025-04-04T05:36:53","modified_gmt":"2025-04-04T05:36:53","slug":"starterpaket-klein","status":"publish","type":"product","link":"https:\/\/esquell.eu\/de\/produkt\/starterpaket-klein\/","title":{"rendered":"Starterpaket Klein."},"content":{"rendered":"<p>Starterkit S. Nur Werkzeuge.<\/p>\n<p><strong>Enth\u00e4lt die Schritt-f\u00fcr-Schritt-Beschreibung von 1 Projekt (Blatt-Anh\u00e4nger) +<br \/>\n<\/strong><\/p>\n<p><strong><u><a href=\"https:\/\/youtube.com\/playlist?list=PLNV9RRmkyYO2aNRoLNnIsMgcqqvCUWXJK&amp;si=CIbzX7ngiDCq4fSP\">15 Online-Projekte mit Schritt-f\u00fcr-Schritt-Anleitung<\/a><br \/>\n<\/u><\/strong><\/p>\n<p>Packungsinhalt:<\/p>\n<ul>\n<li>Lehmwalze<\/li>\n<li>2x Leisten \/ Abstandshalter 1mm<\/li>\n<li>2x Leisten \/ Abstandshalter 1,5 mm<\/li>\n<li>3x Schleifpads f\u00fcr Metallton<\/li>\n<li>Lomer oder Tonmesser aus rostfreiem Stahl<\/li>\n<li>Modellierspatel, 5er-Set, f\u00fcr Modelliermasse.<br \/>\nDie abgerundete Metallspitze kann auch zum Polieren an schwer zug\u00e4nglichen Stellen verwendet werden.<\/li>\n<\/ul>\n<ul>\n<li>Pinzette hitzebest\u00e4ndig<\/li>\n<li>Teflonmatte, Arbeitsmatte, Trockenmatte braun<\/li>\n<\/ul>\n<ul>\n<li>Polierb\u00fcrste \/ Stahlb\u00fcrste<\/li>\n<\/ul>\n<ul>\n<li>Micor Feile rund<\/li>\n<li>Nadelwerkzeug, Claypick, Nadelstift zum Ausstechen des Tons<\/li>\n<\/ul>\n<ul>\n<li>Poliertuch klein.<\/li>\n<li>Informationsbrosch\u00fcre<\/li>\n<li>Beschreibung 1 Projekt<\/li>\n<\/ul>\n","protected":false},"excerpt":{"rendered":"<p>Starterpaket S<\/p>\n<p>Mit 7 Gramm Silberton<\/p>\n<p><strong>Enth\u00e4lt die Schritt-f\u00fcr-Schritt-Beschreibung von 1 Projekt (Blatt-Anh\u00e4nger) +<br \/>\n<\/strong><\/p>\n<p><strong> <u><a href=\"https:\/\/youtube.com\/playlist?list=PLNV9RRmkyYO2aNRoLNnIsMgcqqvCUWXJK&amp;si=CIbzX7ngiDCq4fSP\">15 Online-Projekte mit Schritt-f\u00fcr-Schritt-Anleitung<\/a><br \/>\n<\/u><\/strong><\/p>\n<p><strong><u> <\/u><\/strong><\/p>\n<p>Packungsinhalt:<\/p>\n<ul>\n<li>Lehmwalze<\/li>\n<li>2x Leisten \/ Abstandshalter 1mm<\/li>\n<li>2x Leisten \/ Abstandshalter 1,5 mm<\/li>\n<li>3x Schleifpads f\u00fcr Metallton<\/li>\n<li>Lomer oder Tonmesser aus rostfreiem Stahl<\/li>\n<li>Modellierspatel, 5er-Set, f\u00fcr Modelliermasse.<br \/>\nDie abgerundete Metallspitze kann auch zum Polieren an schwer zug\u00e4nglichen Stellen verwendet werden.<\/li>\n<\/ul>\n<ul>\n<li>Pinzette hitzebest\u00e4ndig<\/li>\n<li>Teflonmatte, Arbeitsmatte, Trockenmatte braun<\/li>\n<\/ul>\n<ul>\n<li>Polierb\u00fcrste \/ Stahlb\u00fcrste<\/li>\n<\/ul>\n<ul>\n<li>Micor Feile rund<\/li>\n<li>Nadelwerkzeug, Claypick, Nadelstift zum Ausstechen des Tons<\/li>\n<\/ul>\n<ul>\n<li>Poliertuch klein.<\/li>\n<li>Informationsbrosch\u00fcre<\/li>\n<li>Beschreibung 1 Projekt<\/li>\n<\/ul>\n<p>&nbsp;<\/p>\n<p>&nbsp;<\/p>\n<p>&nbsp;<\/p>\n","protected":false},"featured_media":4765,"comment_status":"closed","ping_status":"closed","template":"","meta":{"_acf_changed":false,"_seopress_robots_primary_cat":"none","_seopress_titles_title":"","_seopress_titles_desc":"","_seopress_robots_index":""},"more":[],"product_brand":[10821],"product_cat":[6596,7918],"product_tag":[9197,15900,6817,6802,6924,7058,14337,6492,8349,8330,6415,6840,7387,6903,7676,6921,7076,6603,8559,17992,6494,6826,9079,8907,9193,9979,17989,11264,6895,7672,8178,6842,6824,7074,17990,6830,6767,6769,6822,6692,8763,6836,6897,9184,6786,6691,6498,7131,6905,17864,17991,6844,6421,6444,7557,8137,6441,7553,17993,6771,8392,6832,8395,8770,9199,6682,8946,9200,6788,6891,6828,11262,8001,7674,8092,6777,6419,7021,6899,6889,9195,6558,6901,6490,7507,7923,6834,8608,6435,6500,6556,6893,6394,6784,6795,7072,6814,6690,6605,6818,8658,6783,7064,6838],"class_list":{"0":"post-24003","1":"product","2":"type-product","3":"status-publish","4":"has-post-thumbnail","6":"product_brand-div","7":"product_cat-grundlegende-werkzeuge","8":"product_cat-starter-pakete","9":"product_tag-9197","10":"product_tag-hier-ist","11":"product_tag-amsterdam","12":"product_tag-angebot","13":"product_tag-anhanger-2","14":"product_tag-anhanger-3","15":"product_tag-anhanger-5","16":"product_tag-artclay","17":"product_tag-ascheschmuck","18":"product_tag-biegsames-silber-2","19":"product_tag-billig","20":"product_tag-brabant","21":"product_tag-bronze","22":"product_tag-bronze-ton","23":"product_tag-cernit","24":"product_tag-charme","25":"product_tag-charme-2","26":"product_tag-cool","27":"product_tag-cooltools","28":"product_tag-die-5","29":"product_tag-diy","30":"product_tag-drenthe","31":"product_tag-einascherung","32":"product_tag-einsteigerpakete","33":"product_tag-einsteigerpakete-2","34":"product_tag-einzigartig","35":"product_tag-entwurf","36":"product_tag-erinnerung","37":"product_tag-es","38":"product_tag-fimo","39":"product_tag-fingerabdruck","40":"product_tag-flevoland","41":"product_tag-friesland","42":"product_tag-gedenkschmuck","43":"product_tag-gedenkschmuck-4","44":"product_tag-gelderland","45":"product_tag-gold","46":"product_tag-goldton","47":"product_tag-groningen","48":"product_tag-handbuch","49":"product_tag-handbucher","50":"product_tag-holland","51":"product_tag-ihr","52":"product_tag-internet","53":"product_tag-kaufen","54":"product_tag-kette","55":"product_tag-kunst","56":"product_tag-kupfer","57":"product_tag-kupferton","58":"product_tag-liebe-2","59":"product_tag-liebe-3","60":"product_tag-limburg","61":"product_tag-machen","62":"product_tag-metalclay","63":"product_tag-metall","64":"product_tag-metall-3","65":"product_tag-metallton","66":"product_tag-modellierung","67":"product_tag-nachbarschaft","68":"product_tag-neu","69":"product_tag-nop","70":"product_tag-norden","71":"product_tag-nordholland","72":"product_tag-ohrring","73":"product_tag-ohrring-2","74":"product_tag-ohrringe","75":"product_tag-ohrstecker-2","76":"product_tag-ohrstecker-3","77":"product_tag-online","78":"product_tag-online-shop","79":"product_tag-overijssel","80":"product_tag-personlich-2","81":"product_tag-pmc","82":"product_tag-polymer-clay","83":"product_tag-ring","84":"product_tag-ringe","85":"product_tag-schmuck","86":"product_tag-schmuck-3","87":"product_tag-selbst","88":"product_tag-shop","89":"product_tag-shop-2","90":"product_tag-sie-selbst","91":"product_tag-sie-selbst-2","92":"product_tag-silberton","93":"product_tag-starterset","94":"product_tag-starterset-2","95":"product_tag-sud","96":"product_tag-sudholland","97":"product_tag-ton","98":"product_tag-ton-2","99":"product_tag-ton-3","100":"product_tag-tun","101":"product_tag-unter","102":"product_tag-unter-2","103":"product_tag-utrecht","104":"product_tag-wattenmeer","105":"product_tag-webshop","106":"product_tag-werkstatten","107":"product_tag-werkzeuge","108":"product_tag-werkzeuge-2","109":"product_tag-wissensbasis","110":"product_tag-wobei","111":"product_tag-workshop","112":"product_tag-zeeland","113":"product_shipping_class-standard","115":"first","116":"instock","117":"taxable","118":"shipping-taxable","119":"purchasable","120":"product-type-simple"},"acf":[],"_links":{"self":[{"href":"https:\/\/esquell.eu\/de\/wp-json\/wp\/v2\/product\/24003","targetHints":{"allow":["GET"]}}],"collection":[{"href":"https:\/\/esquell.eu\/de\/wp-json\/wp\/v2\/product"}],"about":[{"href":"https:\/\/esquell.eu\/de\/wp-json\/wp\/v2\/types\/product"}],"replies":[{"embeddable":true,"href":"https:\/\/esquell.eu\/de\/wp-json\/wp\/v2\/comments?post=24003"}],"wp:featuredmedia":[{"embeddable":true,"href":"https:\/\/esquell.eu\/de\/wp-json\/wp\/v2\/media\/4765"}],"wp:attachment":[{"href":"https:\/\/esquell.eu\/de\/wp-json\/wp\/v2\/media?parent=24003"}],"wp:term":[{"taxonomy":"more","embeddable":true,"href":"https:\/\/esquell.eu\/de\/wp-json\/wp\/v2\/more?post=24003"},{"taxonomy":"product_brand","embeddable":true,"href":"https:\/\/esquell.eu\/de\/wp-json\/wp\/v2\/product_brand?post=24003"},{"taxonomy":"product_cat","embeddable":true,"href":"https:\/\/esquell.eu\/de\/wp-json\/wp\/v2\/product_cat?post=24003"},{"taxonomy":"product_tag","embeddable":true,"href":"https:\/\/esquell.eu\/de\/wp-json\/wp\/v2\/product_tag?post=24003"}],"curies":[{"name":"wp","href":"https:\/\/api.w.org\/{rel}","templated":true}]}}