{"id":23942,"date":"2025-04-04T05:32:44","date_gmt":"2025-04-04T05:32:44","guid":{"rendered":"https:\/\/esquell.eu\/product\/zaepfchen-oval-aus-999er-feinsilber-verschiedene-groessen\/"},"modified":"2025-04-04T05:32:44","modified_gmt":"2025-04-04T05:32:44","slug":"zaepfchen-oval-aus-999er-feinsilber-verschiedene-groessen","status":"publish","type":"product","link":"https:\/\/esquell.eu\/de\/produkt\/zaepfchen-oval-aus-999er-feinsilber-verschiedene-groessen\/","title":{"rendered":"Z\u00e4pfchen oval aus 999er Feinsilber. Verschiedene Gr\u00f6\u00dfen"},"content":{"rendered":"<p>Putter oval 999er Feinsilber.<\/p>\n<p>Verschiedene Gr\u00f6\u00dfen<\/p>\n<p>Glatte Kante.<br \/>\nF\u00fcr Strasssteine, Cabochons, Natursteine, Edelsteine, Halbedelsteine<\/p>\n<p>Geeignet f\u00fcr das Co-Brennen in Metallton. Beim gemeinsamen Brennen mit Silberton empfehlen wir Art Clay Silver Overlay Paste f\u00fcr eine gute Haftung. <\/p>\n","protected":false},"excerpt":{"rendered":"<p>Kittdosen oval 999er Feinsilber.<\/p>\n<p>Verschiedene Gr\u00f6\u00dfen<\/p>\n<p>Glatter Rand.<\/p>\n<p>Geeignet zum Mitbrennen in Metallton.<\/p>\n","protected":false},"featured_media":5714,"comment_status":"closed","ping_status":"closed","template":"","meta":{"_acf_changed":false,"_seopress_robots_primary_cat":"none","_seopress_titles_title":"","_seopress_titles_desc":"","_seopress_robots_index":""},"more":[],"product_brand":[7173],"product_cat":[11005,11006],"product_tag":[6508,6506,7957,7451,8484,11021,11061,11086,7461,6994,6510,6444,6432,6424,7023,6417,6671,6812,8022,6996,7439,6429,7457,7068,8004],"class_list":{"0":"post-23942","1":"product","2":"type-product","3":"status-publish","4":"has-post-thumbnail","6":"product_brand-rio","7":"product_cat-siedlungen-und-chatons","8":"product_cat-teile-die-fur-das-co-brennen-mit-metallton-geeignet-sind","9":"product_tag-6508","10":"product_tag-6506","11":"product_tag-cabochon","12":"product_tag-chaton","13":"product_tag-cz","14":"product_tag-cz-stein","15":"product_tag-einbetten","16":"product_tag-eingebettet","17":"product_tag-einstellbox","18":"product_tag-gut","19":"product_tag-lunette","20":"product_tag-metalclay","21":"product_tag-real","22":"product_tag-rein","23":"product_tag-rein-3","24":"product_tag-silber","25":"product_tag-silber-2","26":"product_tag-silber-3","27":"product_tag-silberlehm","28":"product_tag-sollid","29":"product_tag-stein-3","30":"product_tag-wirklich","31":"product_tag-zetkast","32":"product_tag-zirkoniumdioxid","33":"product_tag-zirkoniumdioxid-2","34":"product_shipping_class-standard","35":"pa_afmeting-10-14-mm","36":"pa_afmeting-1012-mm","37":"pa_afmeting-108-mm","38":"pa_afmeting-64-mm","40":"first","41":"instock","42":"taxable","43":"shipping-taxable","44":"purchasable","45":"product-type-variable"},"acf":[],"_links":{"self":[{"href":"https:\/\/esquell.eu\/de\/wp-json\/wp\/v2\/product\/23942","targetHints":{"allow":["GET"]}}],"collection":[{"href":"https:\/\/esquell.eu\/de\/wp-json\/wp\/v2\/product"}],"about":[{"href":"https:\/\/esquell.eu\/de\/wp-json\/wp\/v2\/types\/product"}],"replies":[{"embeddable":true,"href":"https:\/\/esquell.eu\/de\/wp-json\/wp\/v2\/comments?post=23942"}],"wp:featuredmedia":[{"embeddable":true,"href":"https:\/\/esquell.eu\/de\/wp-json\/wp\/v2\/media\/5714"}],"wp:attachment":[{"href":"https:\/\/esquell.eu\/de\/wp-json\/wp\/v2\/media?parent=23942"}],"wp:term":[{"taxonomy":"more","embeddable":true,"href":"https:\/\/esquell.eu\/de\/wp-json\/wp\/v2\/more?post=23942"},{"taxonomy":"product_brand","embeddable":true,"href":"https:\/\/esquell.eu\/de\/wp-json\/wp\/v2\/product_brand?post=23942"},{"taxonomy":"product_cat","embeddable":true,"href":"https:\/\/esquell.eu\/de\/wp-json\/wp\/v2\/product_cat?post=23942"},{"taxonomy":"product_tag","embeddable":true,"href":"https:\/\/esquell.eu\/de\/wp-json\/wp\/v2\/product_tag?post=23942"}],"curies":[{"name":"wp","href":"https:\/\/api.w.org\/{rel}","templated":true}]}}