{"id":23821,"date":"2025-04-04T05:32:15","date_gmt":"2025-04-04T05:32:15","guid":{"rendered":"https:\/\/esquell.eu\/product\/jum-ringe-verbindungsoesen-aus-edelstahl-goldfarben-verschiedene-groessen-pro-25-stueck\/"},"modified":"2025-11-18T08:12:03","modified_gmt":"2025-11-18T08:12:03","slug":"jum-ringe-verbindungsoesen-aus-edelstahl-goldfarben-verschiedene-groessen-pro-25-stueck","status":"publish","type":"product","link":"https:\/\/esquell.eu\/de\/produkt\/jum-ringe-verbindungsoesen-aus-edelstahl-goldfarben-verschiedene-groessen-pro-25-stueck\/","title":{"rendered":"Jum-Ringe, Verbindungs\u00f6sen aus Edelstahl goldfarben verschiedene Gr\u00f6\u00dfen. Pro 25 St\u00fcck"},"content":{"rendered":"<p>Offene Sprungringe \/ Spannringe aus Edelstahl.<br \/>\nVerschiedene Durchmesser<\/p>\n<p>Zum Verbinden von Komponenten wie Verschl\u00fcssen, Anh\u00e4ngern, Anh\u00e4ngern und Abstandshaltern, Perlen, usw.<br \/>\nUnverzichtbar f\u00fcr jeden, der seinen eigenen Schmuck herstellt.<\/p>\n<p>Goldfarben, farbecht.<br \/>\nVerpackt zu 25 St\u00fcck.<\/p>\n","protected":false},"excerpt":{"rendered":"<p>Offene Jum-Ringe aus Edelstahl zum Verbinden von Komponenten wie Spangen, Anh\u00e4ngern, Anh\u00e4ngern und Abstandshaltern, Perlen, Perlen usw.<br \/>\nUnverzichtbar f\u00fcr alle, die ihren eigenen Schmuck herstellen.<\/p>\n<p>Goldfarben, farbecht.<br \/>\nVerpackt zu 25 St\u00fcck.<\/p>\n","protected":false},"featured_media":23822,"comment_status":"closed","ping_status":"closed","template":"","meta":{"_acf_changed":false,"_seopress_robots_primary_cat":"none","_seopress_titles_title":"","_seopress_titles_desc":"","_seopress_robots_index":""},"more":[],"product_brand":[6365],"product_cat":[12594],"product_tag":[16351,12391,16332,6948,6684,21672,10755,16333,14333,8530,16352,6458,8354,6790,6415,7387,12300,7076,9029,6883,6881,6494,9978,8506,6895,12326,6909,12298,16360,7672,7017,7808,6767,6452,12389,12078,6696,6897,8640,6907,12784,6786,16354,6804,12083,7131,6775,7019,6421,6455,6682,7931,6788,6891,11182,7524,8643,7674,8005,8092,6777,8528,11421,13887,7742,10486,16335,16371,6419,6820,7021,16368,8500,6899,6779,7509,6889,6558,6417,12837,16345,16377,10753,12786,16380,7445,10492,6781,6556,16387,6893,6784,7575,8628,12785,16340,16384,16394,16358,16356,6814,6429,6783,7735],"class_list":{"0":"post-23821","1":"product","2":"type-product","3":"status-publish","4":"has-post-thumbnail","6":"product_brand-l1","7":"product_cat-andere-metalle","8":"product_tag-ablenkungsringe-2","9":"product_tag-allergen","10":"product_tag-allergie","11":"product_tag-almere","12":"product_tag-anhanger","13":"product_tag-anneau","14":"product_tag-anschluss","15":"product_tag-anziehen","16":"product_tag-auge-2","17":"product_tag-augen","18":"product_tag-augen-verdrehen","19":"product_tag-belgien","20":"product_tag-bestatigen","21":"product_tag-bestellung","22":"product_tag-billig","23":"product_tag-bronze","24":"product_tag-bunt","25":"product_tag-charme-2","26":"product_tag-charme-4","27":"product_tag-deutschland","28":"product_tag-deutsland","29":"product_tag-diy","30":"product_tag-edelmetall","31":"product_tag-einfadeln","32":"product_tag-es","33":"product_tag-ey","34":"product_tag-facebook","35":"product_tag-farbe","36":"product_tag-farbecht","37":"product_tag-fimo","38":"product_tag-fur","39":"product_tag-glas","40":"product_tag-gold","41":"product_tag-groshandel","42":"product_tag-hypo","43":"product_tag-hypoallergen","44":"product_tag-ideen","45":"product_tag-ihr","46":"product_tag-inspiration","47":"product_tag-instagram","48":"product_tag-jumprings","49":"product_tag-kaufen","50":"product_tag-knickauge","51":"product_tag-kostenlos","52":"product_tag-kostenlos-2","53":"product_tag-kupfer","54":"product_tag-kurzwarengeschaft","55":"product_tag-liefert","56":"product_tag-machen","57":"product_tag-niederlande","58":"product_tag-ohrringe","59":"product_tag-ohrringe-2","60":"product_tag-online","61":"product_tag-online-shop","62":"product_tag-osen-verbinden","63":"product_tag-perlen-2","64":"product_tag-pinterest","65":"product_tag-polymer-clay","66":"product_tag-porzellan-2","67":"product_tag-ring","68":"product_tag-ringe","69":"product_tag-ringe-2","70":"product_tag-rost","71":"product_tag-rostfrei-3","72":"product_tag-rostfreier-stahl","73":"product_tag-rostfreier-stahl-3","74":"product_tag-rostfreier-stahl-5","75":"product_tag-scharniere-2","76":"product_tag-schmuck","77":"product_tag-schmuck-2","78":"product_tag-schmuck-3","79":"product_tag-schmuck-aus-rostfreiem-stahl","80":"product_tag-schmuck-selber-machen","81":"product_tag-selbst","82":"product_tag-selbstgemacht","83":"product_tag-senden","84":"product_tag-shop","85":"product_tag-sie-selbst","86":"product_tag-silber","87":"product_tag-silberschmuck-5","88":"product_tag-spaltringe","89":"product_tag-spanndraht","90":"product_tag-spannring","91":"product_tag-springend","92":"product_tag-sprungring","93":"product_tag-stahl","94":"product_tag-stehlen","95":"product_tag-teile","96":"product_tag-ton-3","97":"product_tag-touto","98":"product_tag-tun","99":"product_tag-unter-2","100":"product_tag-uv-harz","101":"product_tag-verbinden","102":"product_tag-verbindungsauge","103":"product_tag-verbindungsauge-2","104":"product_tag-verbindungsring-2","105":"product_tag-verbindungsring-3","106":"product_tag-verblassen","107":"product_tag-von-3","108":"product_tag-webshop","109":"product_tag-wirklich","110":"product_tag-wobei","111":"product_tag-zu-verkaufen","112":"product_shipping_class-standard","113":"pa_diameter-3mm","114":"pa_diameter-4mm","115":"pa_diameter-5mm","116":"pa_diameter-6mm","117":"pa_diameter-7mm","118":"pa_diameter-8mm","120":"first","121":"instock","122":"taxable","123":"shipping-taxable","124":"purchasable","125":"product-type-variable"},"acf":[],"_links":{"self":[{"href":"https:\/\/esquell.eu\/de\/wp-json\/wp\/v2\/product\/23821","targetHints":{"allow":["GET"]}}],"collection":[{"href":"https:\/\/esquell.eu\/de\/wp-json\/wp\/v2\/product"}],"about":[{"href":"https:\/\/esquell.eu\/de\/wp-json\/wp\/v2\/types\/product"}],"replies":[{"embeddable":true,"href":"https:\/\/esquell.eu\/de\/wp-json\/wp\/v2\/comments?post=23821"}],"wp:featuredmedia":[{"embeddable":true,"href":"https:\/\/esquell.eu\/de\/wp-json\/wp\/v2\/media\/23822"}],"wp:attachment":[{"href":"https:\/\/esquell.eu\/de\/wp-json\/wp\/v2\/media?parent=23821"}],"wp:term":[{"taxonomy":"more","embeddable":true,"href":"https:\/\/esquell.eu\/de\/wp-json\/wp\/v2\/more?post=23821"},{"taxonomy":"product_brand","embeddable":true,"href":"https:\/\/esquell.eu\/de\/wp-json\/wp\/v2\/product_brand?post=23821"},{"taxonomy":"product_cat","embeddable":true,"href":"https:\/\/esquell.eu\/de\/wp-json\/wp\/v2\/product_cat?post=23821"},{"taxonomy":"product_tag","embeddable":true,"href":"https:\/\/esquell.eu\/de\/wp-json\/wp\/v2\/product_tag?post=23821"}],"curies":[{"name":"wp","href":"https:\/\/api.w.org\/{rel}","templated":true}]}}