{"id":23777,"date":"2025-04-04T05:32:15","date_gmt":"2025-04-04T05:32:15","guid":{"rendered":"https:\/\/esquell.eu\/product\/chaton-rundstein-div-groessen-premium-k-0027k-0028k-0029k-0030\/"},"modified":"2026-03-23T20:17:02","modified_gmt":"2026-03-23T20:17:02","slug":"chaton-rundstein-div-groessen-premium-k-0027k-0028k-0029k-0030","status":"publish","type":"product","link":"https:\/\/esquell.eu\/de\/produkt\/chaton-rundstein-div-groessen-premium-k-0027k-0028k-0029k-0030\/","title":{"rendered":"Chaton Rundstein Div. Gr\u00f6\u00dfen Premium (K-0027,K-0028,K-0029,K-0030)"},"content":{"rendered":"<p>Mengenrabatt pro 5 St\u00fcck<\/p>\n<p>Exklusiv von Art Clay. Premium Qualit\u00e4t <\/p>\n<p>Silber.<br \/>\nGeeignet zum Mitbrennen in Silberton<br \/>\nVorgefr\u00e4ster Chaton\/ L\u00fcnette\/ Fassungsgeh\u00e4use. 2mm, 3mm, 4mm oder 5mm <\/p>\n<p>Geeignet f\u00fcr Zirkoniumdioxid einschlie\u00dflich. CZ-Steine, kubischer Zirkoniumdioxid <\/p>\n","protected":false},"excerpt":{"rendered":"<p>Silber. Geeignet zum Mitbrennen in Silberton<br \/>\nVorgefr\u00e4ster Chaton\/ L\u00fcnette\/ Fassungsgeh\u00e4use. 2mm, 3mm, 4mm, 5mm  <\/p>\n<p>Geeignet f\u00fcr Zirkoniumdioxid einschlie\u00dflich. CZ-Steine, kubischer Zirkoniumdioxid <\/p>\n","protected":false},"featured_media":23782,"comment_status":"closed","ping_status":"closed","template":"","meta":{"_acf_changed":false,"_seopress_robots_primary_cat":"none","_seopress_titles_title":"","_seopress_titles_desc":"","_seopress_robots_index":""},"more":[],"product_brand":[6413],"product_cat":[11005,11006],"product_tag":[10696,10699,10701,8609,12103,6446,6699,17895,6438,7551,7280,6458,6415,7463,11060,6675,8484,6494,8359,11061,11086,7461,7953,8535,6680,7547,6452,6673,11016,7019,6679,6421,6444,6441,10628,6455,6891,6419,7435,6514,7455,6417,7354,7086,17894,6464,6781,17892,7511,17890,6449,6818,11307,7457,7068,8004],"class_list":{"0":"post-23777","1":"product","2":"type-product","3":"status-publish","4":"has-post-thumbnail","6":"product_brand-acs","7":"product_cat-siedlungen-und-chatons","8":"product_cat-teile-die-fur-das-co-brennen-mit-metallton-geeignet-sind","9":"product_tag-10696","10":"product_tag-10699","11":"product_tag-10701","12":"product_tag-8609","13":"product_tag-12103","14":"product_tag-aida","15":"product_tag-artclayacademy","16":"product_tag-artclayeurope","17":"product_tag-artclaysilver","18":"product_tag-artclayworld","19":"product_tag-ausbilder","20":"product_tag-belgien","21":"product_tag-billig","22":"product_tag-bruhgruppe","23":"product_tag-chatons","24":"product_tag-craftlines","25":"product_tag-cz","26":"product_tag-diy","27":"product_tag-edelsteine","28":"product_tag-einbetten","29":"product_tag-eingebettet","30":"product_tag-einstellbox","31":"product_tag-einstellung","32":"product_tag-einstellung-2","33":"product_tag-frankreich","34":"product_tag-frankreich-2","35":"product_tag-groshandel","36":"product_tag-japan","37":"product_tag-kubisch","38":"product_tag-liefert","39":"product_tag-luxemburg","40":"product_tag-machen","41":"product_tag-metalclay","42":"product_tag-metallton","43":"product_tag-mm","44":"product_tag-niederlande","45":"product_tag-online-shop","46":"product_tag-schmuck","47":"product_tag-setzen","48":"product_tag-setzkasten","49":"product_tag-setzkasten-2","50":"product_tag-silber","51":"product_tag-silberschmied","52":"product_tag-silberschmiede","53":"product_tag-silberschmiede-webshop","54":"product_tag-stein","55":"product_tag-teile","56":"product_tag-teile-materialien","57":"product_tag-tonschmuck","58":"product_tag-uk","59":"product_tag-verteiler","60":"product_tag-werkzeuge-2","61":"product_tag-zertifiziert-2","62":"product_tag-zetkast","63":"product_tag-zirkoniumdioxid","64":"product_tag-zirkoniumdioxid-2","65":"product_shipping_class-standard","66":"pa_afmeting-2mm-1-stuck","67":"pa_afmeting-2mm-5-stuck","68":"pa_afmeting-3mm-1-stuck","69":"pa_afmeting-3mm-5-stuck","70":"pa_afmeting-4mm-1-stuck","71":"pa_afmeting-4mm-5-stuck","72":"pa_afmeting-5mm-1-stuck","73":"pa_afmeting-5mm-5-stuck","75":"first","76":"instock","77":"taxable","78":"shipping-taxable","79":"purchasable","80":"product-type-variable"},"acf":[],"_links":{"self":[{"href":"https:\/\/esquell.eu\/de\/wp-json\/wp\/v2\/product\/23777","targetHints":{"allow":["GET"]}}],"collection":[{"href":"https:\/\/esquell.eu\/de\/wp-json\/wp\/v2\/product"}],"about":[{"href":"https:\/\/esquell.eu\/de\/wp-json\/wp\/v2\/types\/product"}],"replies":[{"embeddable":true,"href":"https:\/\/esquell.eu\/de\/wp-json\/wp\/v2\/comments?post=23777"}],"wp:featuredmedia":[{"embeddable":true,"href":"https:\/\/esquell.eu\/de\/wp-json\/wp\/v2\/media\/23782"}],"wp:attachment":[{"href":"https:\/\/esquell.eu\/de\/wp-json\/wp\/v2\/media?parent=23777"}],"wp:term":[{"taxonomy":"more","embeddable":true,"href":"https:\/\/esquell.eu\/de\/wp-json\/wp\/v2\/more?post=23777"},{"taxonomy":"product_brand","embeddable":true,"href":"https:\/\/esquell.eu\/de\/wp-json\/wp\/v2\/product_brand?post=23777"},{"taxonomy":"product_cat","embeddable":true,"href":"https:\/\/esquell.eu\/de\/wp-json\/wp\/v2\/product_cat?post=23777"},{"taxonomy":"product_tag","embeddable":true,"href":"https:\/\/esquell.eu\/de\/wp-json\/wp\/v2\/product_tag?post=23777"}],"curies":[{"name":"wp","href":"https:\/\/api.w.org\/{rel}","templated":true}]}}