{"id":23705,"date":"2025-04-04T05:32:05","date_gmt":"2025-04-04T05:32:05","guid":{"rendered":"https:\/\/esquell.eu\/product\/perlenfoermige-kappe-aus-rostfreiem-stahl-hypoallergen-verschiedene-groessen-preis-verpackt-pro-10-stueck\/"},"modified":"2025-04-04T05:32:05","modified_gmt":"2025-04-04T05:32:05","slug":"perlenfoermige-kappe-aus-rostfreiem-stahl-hypoallergen-verschiedene-groessen-preis-verpackt-pro-10-stueck","status":"publish","type":"product","link":"https:\/\/esquell.eu\/de\/produkt\/perlenfoermige-kappe-aus-rostfreiem-stahl-hypoallergen-verschiedene-groessen-preis-verpackt-pro-10-stueck\/","title":{"rendered":"Perlenf\u00f6rmige Kappe aus rostfreiem Stahl. Hypoallergen. Verschiedene Gr\u00f6\u00dfen. Preis \/ verpackt pro 10 St\u00fcck"},"content":{"rendered":"<div class=\"product-addition-content\">\n<p>Perlenkappen aus Edelstahl, rund und glatt. Farbe Silber <\/p>\n<p>6mm ( f\u00fcr Perlen von 6-7 mm)<\/p>\n<p>8mm ( f\u00fcr 8-9 mm Perlen)<\/p>\n<p>10mm ( f\u00fcr Perlen von 10-12mm)<\/p>\n<p>Edelstahl l\u00f6st keine allergischen Reaktionen aus. Schmuck aus rostfreiem Stahl ist der perfekte Schmuck, denn er ist hypoallergen, so dass eine allergische Reaktion selten auftritt. Er wird auch als Chirurgenstahl oder Edelstahl bezeichnet und wird zum Beispiel f\u00fcr Geschw\u00fcrkn\u00f6pfe verwendet, die nach dem Schie\u00dfen von Ohrringen getragen werden. Schmuck aus rostfreiem Stahl wird auch als medizinischer Schmuck bezeichnet.   <\/p>\n<\/div>\n","protected":false},"excerpt":{"rendered":"<p>Perlenkappen aus Edelstahl, rund und glatt. Farbe Silber <\/p>\n<p>6mm ( f\u00fcr Perlen von 6-7 mm)<\/p>\n<p>8mm ( f\u00fcr 8-9 mm Perlen)<\/p>\n<p>10mm ( f\u00fcr Perlen von 10-12mm)<\/p>\n<p>Edelstahl l\u00f6st keine allergischen Reaktionen aus. Schmuck aus rostfreiem Stahl ist der perfekte Schmuck, denn er ist hypoallergen, so dass eine allergische Reaktion selten auftritt. Er wird auch als Chirurgenstahl oder Edelstahl bezeichnet und wird zum Beispiel f\u00fcr Geschw\u00fcrkn\u00f6pfe verwendet, die nach dem Schie\u00dfen von Ohrringen getragen werden. Schmuck aus rostfreiem Stahl wird auch als medizinischer Schmuck bezeichnet.   <\/p>\n","protected":false},"featured_media":7818,"comment_status":"closed","ping_status":"closed","template":"","meta":{"_acf_changed":false,"_seopress_robots_primary_cat":"none","_seopress_titles_title":"","_seopress_titles_desc":"","_seopress_robots_index":""},"more":[],"product_brand":[6365],"product_cat":[11510],"product_tag":[6942,12391,17255,17829,6948,7798,6817,6802,16567,7919,6797,6944,7812,6790,6415,6929,6840,7084,17257,6494,6826,8502,7332,8506,8512,8477,6895,6824,6830,6822,6693,14329,17699,17842,6836,8487,12389,12078,6897,6786,13320,6691,9542,12083,8504,6932,6950,6844,7801,6421,7756,8137,7800,16655,6771,6455,6832,6682,7931,6788,13324,6828,7524,8526,8510,17844,16654,17831,8532,6777,11421,12070,13887,7742,16335,6928,6419,6899,6889,6901,7995,17836,7445,10495,13250,6834,6893,6784,6795,17839,6814,6783,6838,17833,7796],"class_list":{"0":"post-23705","1":"product","2":"type-product","3":"status-publish","4":"has-post-thumbnail","6":"product_brand-l1","7":"product_cat-perlen","8":"product_tag-alkmaar","9":"product_tag-allergen","10":"product_tag-allergisch","11":"product_tag-allergisch-2","12":"product_tag-almere","13":"product_tag-amersfoort","14":"product_tag-amsterdam","15":"product_tag-angebot","16":"product_tag-antwort","17":"product_tag-armbander-2","18":"product_tag-arnheim","19":"product_tag-assen","20":"product_tag-beilen","21":"product_tag-bestellung","22":"product_tag-billig","23":"product_tag-blei","24":"product_tag-brabant","25":"product_tag-breda","26":"product_tag-chirurgisch","27":"product_tag-diy","28":"product_tag-drenthe","29":"product_tag-dronten","30":"product_tag-edel","31":"product_tag-einfadeln","32":"product_tag-emmeloord","33":"product_tag-emmen","34":"product_tag-es","35":"product_tag-friesland","36":"product_tag-gelderland","37":"product_tag-groningen","38":"product_tag-halskette","39":"product_tag-halsketten","40":"product_tag-haube","41":"product_tag-hererenveen","42":"product_tag-holland","43":"product_tag-hoogeveen","44":"product_tag-hypo","45":"product_tag-hypoallergen","46":"product_tag-ihr","47":"product_tag-kaufen","48":"product_tag-keine-2","49":"product_tag-kette","50":"product_tag-ketten","51":"product_tag-kostenlos-2","52":"product_tag-lager","53":"product_tag-leeuwarden","54":"product_tag-lelystad","55":"product_tag-limburg","56":"product_tag-maastricht","57":"product_tag-machen","58":"product_tag-metall-2","59":"product_tag-metall-3","60":"product_tag-middelburg","61":"product_tag-mutze-2","62":"product_tag-neu","63":"product_tag-niederlande","64":"product_tag-norden","65":"product_tag-ohrringe","66":"product_tag-ohrringe-2","67":"product_tag-online","68":"product_tag-oosterhout","69":"product_tag-overijssel","70":"product_tag-perlen-2","71":"product_tag-perlen-3","72":"product_tag-perlenladen","73":"product_tag-perlenladen-3","74":"product_tag-perlenmutze","75":"product_tag-perlenmutze-2","76":"product_tag-perlenmutzen","77":"product_tag-ringe","78":"product_tag-rost","79":"product_tag-rostfrei-2","80":"product_tag-rostfrei-3","81":"product_tag-rostfreier-stahl","82":"product_tag-rostfreier-stahl-5","83":"product_tag-rotterdam","84":"product_tag-schmuck","85":"product_tag-selbst","86":"product_tag-shop","87":"product_tag-sie-selbst-2","88":"product_tag-silber-4","89":"product_tag-silber-7","90":"product_tag-stahl","91":"product_tag-stahl-2","92":"product_tag-stahl-3","93":"product_tag-sud","94":"product_tag-tun","95":"product_tag-unter-2","96":"product_tag-utrecht","97":"product_tag-watteninseln-2","98":"product_tag-webshop","99":"product_tag-wobei","100":"product_tag-zeeland","101":"product_tag-zilvertone","102":"product_tag-zwolle","103":"product_shipping_class-standard","105":"first","106":"instock","107":"taxable","108":"shipping-taxable","109":"purchasable","110":"product-type-variable"},"acf":[],"_links":{"self":[{"href":"https:\/\/esquell.eu\/de\/wp-json\/wp\/v2\/product\/23705","targetHints":{"allow":["GET"]}}],"collection":[{"href":"https:\/\/esquell.eu\/de\/wp-json\/wp\/v2\/product"}],"about":[{"href":"https:\/\/esquell.eu\/de\/wp-json\/wp\/v2\/types\/product"}],"replies":[{"embeddable":true,"href":"https:\/\/esquell.eu\/de\/wp-json\/wp\/v2\/comments?post=23705"}],"wp:featuredmedia":[{"embeddable":true,"href":"https:\/\/esquell.eu\/de\/wp-json\/wp\/v2\/media\/7818"}],"wp:attachment":[{"href":"https:\/\/esquell.eu\/de\/wp-json\/wp\/v2\/media?parent=23705"}],"wp:term":[{"taxonomy":"more","embeddable":true,"href":"https:\/\/esquell.eu\/de\/wp-json\/wp\/v2\/more?post=23705"},{"taxonomy":"product_brand","embeddable":true,"href":"https:\/\/esquell.eu\/de\/wp-json\/wp\/v2\/product_brand?post=23705"},{"taxonomy":"product_cat","embeddable":true,"href":"https:\/\/esquell.eu\/de\/wp-json\/wp\/v2\/product_cat?post=23705"},{"taxonomy":"product_tag","embeddable":true,"href":"https:\/\/esquell.eu\/de\/wp-json\/wp\/v2\/product_tag?post=23705"}],"curies":[{"name":"wp","href":"https:\/\/api.w.org\/{rel}","templated":true}]}}