{"id":23703,"date":"2025-04-04T05:37:19","date_gmt":"2025-04-04T05:37:19","guid":{"rendered":"https:\/\/esquell.eu\/product\/div-spannzangen-bohrfutter-adapter-sets-fuer-dremel-oder-andere-multitools\/"},"modified":"2025-04-04T05:37:19","modified_gmt":"2025-04-04T05:37:19","slug":"div-spannzangen-bohrfutter-adapter-sets-fuer-dremel-oder-andere-multitools","status":"publish","type":"product","link":"https:\/\/esquell.eu\/de\/produkt\/div-spannzangen-bohrfutter-adapter-sets-fuer-dremel-oder-andere-multitools\/","title":{"rendered":"Div Spannzangen-\/Bohrfutter-\/Adapter-Sets f\u00fcr Dremel oder andere Multitools"},"content":{"rendered":"<p>4-teiliges oder 7-teiliges Set von Spannzangen zur Montage verschiedener Zubeh\u00f6rteile f\u00fcr Multitool, Dremel, Rotationswerkzeug.<\/p>\n<p>Passbereich f\u00fcr Welle von 1- 3,2mm<\/p>\n<p>Hinweis! Nur das 7-teilige Set enth\u00e4lt den zus\u00e4tzlichen schwarzen Becher. <\/p>\n","protected":false},"excerpt":{"rendered":"<p>7-teiliges Set von Spannzangen f\u00fcr die Montage von verschiedenem Zubeh\u00f6r f\u00fcr das Multitool, Dremel, Rotarytool.<\/p>\n<p>Passend f\u00fcr Wellen von 1- 3,2mm<\/p>\n<p>N\u00fctzliches Zubeh\u00f6r f\u00fcr unsere<\/p>\n","protected":false},"featured_media":4106,"comment_status":"closed","ping_status":"closed","template":"","meta":{"_acf_changed":false,"_seopress_robots_primary_cat":"none","_seopress_titles_title":"","_seopress_titles_desc":"","_seopress_robots_index":""},"more":[],"product_brand":[6365],"product_cat":[6367,7361],"product_tag":[6715,14605,13627,12088,14516,17826,14530,14702,17828,14521,10240,6723,7373],"class_list":{"0":"post-23703","1":"product","2":"type-product","3":"status-publish","4":"has-post-thumbnail","6":"product_brand-l1","7":"product_cat-erganzende-materialien","8":"product_cat-schleifen-feilen-und-polieren","9":"product_tag-arbeit","10":"product_tag-asseccoire","11":"product_tag-asseccoires","12":"product_tag-bohren","13":"product_tag-drahtlos","14":"product_tag-dremel-multitool","15":"product_tag-elektrisch-2","16":"product_tag-microtool","17":"product_tag-minibohrmaschine","18":"product_tag-minitool","19":"product_tag-prazise","20":"product_tag-prazisionsarbeit","21":"product_tag-werkzeug","22":"product_shipping_class-standard","24":"first","25":"instock","26":"taxable","27":"shipping-taxable","28":"purchasable","29":"product-type-variable"},"acf":[],"_links":{"self":[{"href":"https:\/\/esquell.eu\/de\/wp-json\/wp\/v2\/product\/23703","targetHints":{"allow":["GET"]}}],"collection":[{"href":"https:\/\/esquell.eu\/de\/wp-json\/wp\/v2\/product"}],"about":[{"href":"https:\/\/esquell.eu\/de\/wp-json\/wp\/v2\/types\/product"}],"replies":[{"embeddable":true,"href":"https:\/\/esquell.eu\/de\/wp-json\/wp\/v2\/comments?post=23703"}],"wp:featuredmedia":[{"embeddable":true,"href":"https:\/\/esquell.eu\/de\/wp-json\/wp\/v2\/media\/4106"}],"wp:attachment":[{"href":"https:\/\/esquell.eu\/de\/wp-json\/wp\/v2\/media?parent=23703"}],"wp:term":[{"taxonomy":"more","embeddable":true,"href":"https:\/\/esquell.eu\/de\/wp-json\/wp\/v2\/more?post=23703"},{"taxonomy":"product_brand","embeddable":true,"href":"https:\/\/esquell.eu\/de\/wp-json\/wp\/v2\/product_brand?post=23703"},{"taxonomy":"product_cat","embeddable":true,"href":"https:\/\/esquell.eu\/de\/wp-json\/wp\/v2\/product_cat?post=23703"},{"taxonomy":"product_tag","embeddable":true,"href":"https:\/\/esquell.eu\/de\/wp-json\/wp\/v2\/product_tag?post=23703"}],"curies":[{"name":"wp","href":"https:\/\/api.w.org\/{rel}","templated":true}]}}