{"id":23606,"date":"2025-04-04T05:31:28","date_gmt":"2025-04-04T05:31:28","guid":{"rendered":"https:\/\/esquell.eu\/product\/geschenkgutschein-betrag-ihrer-wahl\/"},"modified":"2025-11-13T14:50:29","modified_gmt":"2025-11-13T14:50:29","slug":"geschenkgutschein-betrag-ihrer-wahl","status":"publish","type":"product","link":"https:\/\/esquell.eu\/de\/produkt\/geschenkgutschein-betrag-ihrer-wahl\/","title":{"rendered":"Geschenkgutschein Betrag Ihrer Wahl"},"content":{"rendered":"<p>Dieser kreative Geschenkgutschein kann in unserem Webshop oder bei einem Workshop Ihrer Wahl eingel\u00f6st werden.<\/p>\n<p>Macht Spa\u00df zu schenken und noch mehr Spa\u00df zu bekommen.<\/p>\n<p>Der Geschenkgutschein ist mindestens 3 Jahre lang g\u00fcltig.<\/p>\n<p>Kann in Teilen verwendet werden: Der Geschenkgutschein kann in mehreren Teilbetr\u00e4gen eingel\u00f6st werden.<\/p>\n<p>Wenn Sie einen physischen Geschenkgutschein w\u00fcnschen, geben Sie dies bitte bei der Bestellung im Kommentarfeld an und w\u00e4hlen Sie die entsprechende Versandoption.<\/p>\n<p>Stellen Sie sicher, dass Ihre E-Mail-Adresse korrekt angegeben ist, damit der Versand des digitalen Geschenkgutscheins korrekt erfolgen kann.<\/p>\n","protected":false},"excerpt":{"rendered":"<p>Dieser kreative Geschenkgutschein kann in unserem Gesch\u00e4ft oder f\u00fcr einen Workshop Ihrer Wahl eingel\u00f6st werden.<\/p>\n<p>&nbsp;<\/p>\n<p>Es macht Spa\u00df zu geben und noch mehr Spa\u00df zu bekommen.<\/p>\n<p>Der Geschenkgutschein ist 3 Jahre lang g\u00fcltig.<\/p>\n<p>&nbsp;<\/p>\n<p>* Wir k\u00f6nnen den Geschenkgutschein f\u00fcr Sie personalisieren, mit dem Namen des Empf\u00e4ngers versehen oder ihn speziell f\u00fcr einen Workshop Ihrer Wahl oder nur f\u00fcr den Webshop gestalten.<\/p>\n<p>&nbsp;<\/p>\n<p>M\u00f6chten Sie lieber ein nachhaltiges Geschenk machen oder erhalten? W\u00e4hrend eines Art Clay Silberschmuck-Workshops werden wir mit recyceltem Silber arbeiten. <\/p>\n<p>&nbsp;<\/p>\n<p>Nach Zahlungseingang erhalten Sie Ihren Geschenkgutschein per E-Mail. Bitte \u00fcberpr\u00fcfen Sie die Richtigkeit Ihrer E-Mail-Adresse, bevor Sie Ihre Bestellung aufgeben. M\u00f6chten Sie lieber einen personalisierten Geschenkgutschein oder einen physischen Geschenkgutschein erhalten. Dann senden Sie eine E-Mail an info@esquell mit den Informationen, die wir f\u00fcr die Personalisierung ben\u00f6tigen.  <\/p>\n<p>&nbsp;<\/p>\n<p>&nbsp;<\/p>\n","protected":false},"featured_media":11049,"comment_status":"closed","ping_status":"closed","template":"","meta":{"_acf_changed":false,"_seopress_robots_primary_cat":"none","_seopress_titles_title":"","_seopress_titles_desc":"","_seopress_robots_index":""},"more":[],"product_brand":[10821],"product_cat":[17761,11955],"product_tag":[11880,17809,17812,17780,6494,17815,8123,17782,17767,21669,17792,21670,17777,21668,17820,8544,17439,8105,17778,8158,17822,6421,8579,17762,17789,17800,17765,17803,6419,8104,17806,6671,7507,17818,6814,6690,7064],"class_list":{"0":"post-23606","1":"product","2":"type-product","3":"status-publish","4":"has-post-thumbnail","6":"product_brand-div","7":"product_cat-geschenkgutschein","8":"product_cat-neu","9":"product_tag-a","10":"product_tag-bon","11":"product_tag-cadeabon","12":"product_tag-creativekado","13":"product_tag-diy","14":"product_tag-ein-erlebnis","15":"product_tag-geben","16":"product_tag-geben-2","17":"product_tag-geschenk","18":"product_tag-geschenk-2","19":"product_tag-geschenke","20":"product_tag-geschenke-2","21":"product_tag-geschenkgutschein","22":"product_tag-geschenkgutschein-2","23":"product_tag-gewerkschaft","24":"product_tag-hobby","25":"product_tag-hobby-materialien","26":"product_tag-kreativ","27":"product_tag-kreatives-geschenk","28":"product_tag-kreativitatsausflug","29":"product_tag-lustig","30":"product_tag-machen","31":"product_tag-nachhaltig","32":"product_tag-nachhaltig-3","33":"product_tag-nachhaltiges-geschenk","34":"product_tag-oko","35":"product_tag-person","36":"product_tag-recycling","37":"product_tag-schmuck","38":"product_tag-schmuck-workshop","39":"product_tag-schon-2","40":"product_tag-silber-2","41":"product_tag-starterset","42":"product_tag-sustainablekado","43":"product_tag-webshop","44":"product_tag-werkstatten","45":"product_tag-workshop","47":"first","48":"instock","49":"taxable","50":"shipping-taxable","51":"purchasable","52":"product-type-variable"},"acf":[],"_links":{"self":[{"href":"https:\/\/esquell.eu\/de\/wp-json\/wp\/v2\/product\/23606","targetHints":{"allow":["GET"]}}],"collection":[{"href":"https:\/\/esquell.eu\/de\/wp-json\/wp\/v2\/product"}],"about":[{"href":"https:\/\/esquell.eu\/de\/wp-json\/wp\/v2\/types\/product"}],"replies":[{"embeddable":true,"href":"https:\/\/esquell.eu\/de\/wp-json\/wp\/v2\/comments?post=23606"}],"wp:featuredmedia":[{"embeddable":true,"href":"https:\/\/esquell.eu\/de\/wp-json\/wp\/v2\/media\/11049"}],"wp:attachment":[{"href":"https:\/\/esquell.eu\/de\/wp-json\/wp\/v2\/media?parent=23606"}],"wp:term":[{"taxonomy":"more","embeddable":true,"href":"https:\/\/esquell.eu\/de\/wp-json\/wp\/v2\/more?post=23606"},{"taxonomy":"product_brand","embeddable":true,"href":"https:\/\/esquell.eu\/de\/wp-json\/wp\/v2\/product_brand?post=23606"},{"taxonomy":"product_cat","embeddable":true,"href":"https:\/\/esquell.eu\/de\/wp-json\/wp\/v2\/product_cat?post=23606"},{"taxonomy":"product_tag","embeddable":true,"href":"https:\/\/esquell.eu\/de\/wp-json\/wp\/v2\/product_tag?post=23606"}],"curies":[{"name":"wp","href":"https:\/\/api.w.org\/{rel}","templated":true}]}}