{"id":23562,"date":"2025-04-04T05:37:11","date_gmt":"2025-04-04T05:37:11","guid":{"rendered":"https:\/\/esquell.eu\/product\/keramische-beschichtungsfluessigkeit-fuer-elex-lite-verschiedene-farben-inhalt-200ml\/"},"modified":"2026-01-13T16:49:38","modified_gmt":"2026-01-13T16:49:38","slug":"keramische-beschichtungsfluessigkeit-fuer-elex-lite-verschiedene-farben-inhalt-200ml","status":"publish","type":"product","link":"https:\/\/esquell.eu\/de\/produkt\/keramische-beschichtungsfluessigkeit-fuer-elex-lite-verschiedene-farben-inhalt-200ml\/","title":{"rendered":"Keramische Beschichtungsfl\u00fcssigkeit f\u00fcr Elex lite. Verschiedene Farben Inhalt 200ml"},"content":{"rendered":"<p>Keramische Beschichtung f\u00fcr Elex lite. f\u00fcr Farbe oder Anlaufschutz <\/p>\n<p>Eine Anti-Anlauf-Beschichtung ist eine Beschichtung, die verhindert, dass Silberschmuck stumpf oder verf\u00e4rbt\/schwarz wird. F\u00fcr eine Anti-Anlauf-Beschichtung w\u00e4hlen Sie die Ceramic Clear. <\/p>\n<p>Mit den anderen Farben geben Sie dem Silber eine keramische Beschichtung in Farbe.<\/p>\n<p>Inhalt 200 ml<\/p>\n","protected":false},"excerpt":{"rendered":"<p>Keramische Beschichtung f\u00fcr Elex lite. f\u00fcr Farbe oder Anlaufschutz <\/p>\n<p>&nbsp;<\/p>\n<p>Eine Anti-Anlauf-Beschichtung ist eine Beschichtung, die verhindert, dass Silberschmuck stumpf oder verf\u00e4rbt\/schwarz wird. F\u00fcr eine Anti-Anlauf-Beschichtung w\u00e4hlen Sie die Ceramic Clear. <\/p>\n<p>&nbsp;<\/p>\n<p>Mit den anderen Farben geben Sie dem Silber eine keramische Beschichtung in Farbe.<\/p>\n<p>&nbsp;<\/p>\n<p>Inhalt 200 ml<\/p>\n<p>&nbsp;<\/p>\n<p>&nbsp;<\/p>\n<p>&nbsp;<\/p>\n<p>&nbsp;<\/p>\n","protected":false},"featured_media":4113,"comment_status":"closed","ping_status":"closed","template":"","meta":{"_acf_changed":false,"_seopress_robots_primary_cat":"none","_seopress_titles_title":"","_seopress_titles_desc":"","_seopress_robots_index":""},"more":[],"product_brand":[6413],"product_cat":[6367],"product_tag":[10443,13368,7363,10899,13367,7371,11194,6419,6417],"class_list":{"0":"post-23562","1":"product","2":"type-product","3":"status-publish","4":"has-post-thumbnail","6":"product_brand-acs","7":"product_cat-erganzende-materialien","8":"product_tag-beschichtung","9":"product_tag-beschichtung-2","10":"product_tag-elex","11":"product_tag-keramik-3","12":"product_tag-keramik-5","13":"product_tag-maschine","14":"product_tag-niedrig","15":"product_tag-schmuck","16":"product_tag-silber","17":"product_shipping_class-standard","18":"pa_kleur-keramik-blau-f-1351","19":"pa_kleur-keramik-gold-f-1346","20":"pa_kleur-keramik-grun-f-1372","21":"pa_kleur-keramik-klar-f-1353","22":"pa_kleur-keramik-schwarz-f-2233","23":"pa_kleur-keramisch-braun-f-1373","24":"pa_kleur-keramisch-himmelblau-f-1371","25":"pa_kleur-keramisch-rosa-f-1369","26":"pa_kleur-keramisch-violett-f-1350","28":"first","29":"instock","30":"taxable","31":"shipping-taxable","32":"purchasable","33":"product-type-variable"},"acf":[],"_links":{"self":[{"href":"https:\/\/esquell.eu\/de\/wp-json\/wp\/v2\/product\/23562","targetHints":{"allow":["GET"]}}],"collection":[{"href":"https:\/\/esquell.eu\/de\/wp-json\/wp\/v2\/product"}],"about":[{"href":"https:\/\/esquell.eu\/de\/wp-json\/wp\/v2\/types\/product"}],"replies":[{"embeddable":true,"href":"https:\/\/esquell.eu\/de\/wp-json\/wp\/v2\/comments?post=23562"}],"wp:featuredmedia":[{"embeddable":true,"href":"https:\/\/esquell.eu\/de\/wp-json\/wp\/v2\/media\/4113"}],"wp:attachment":[{"href":"https:\/\/esquell.eu\/de\/wp-json\/wp\/v2\/media?parent=23562"}],"wp:term":[{"taxonomy":"more","embeddable":true,"href":"https:\/\/esquell.eu\/de\/wp-json\/wp\/v2\/more?post=23562"},{"taxonomy":"product_brand","embeddable":true,"href":"https:\/\/esquell.eu\/de\/wp-json\/wp\/v2\/product_brand?post=23562"},{"taxonomy":"product_cat","embeddable":true,"href":"https:\/\/esquell.eu\/de\/wp-json\/wp\/v2\/product_cat?post=23562"},{"taxonomy":"product_tag","embeddable":true,"href":"https:\/\/esquell.eu\/de\/wp-json\/wp\/v2\/product_tag?post=23562"}],"curies":[{"name":"wp","href":"https:\/\/api.w.org\/{rel}","templated":true}]}}