{"id":23549,"date":"2025-04-04T05:31:47","date_gmt":"2025-04-04T05:31:47","guid":{"rendered":"https:\/\/esquell.eu\/product\/perlenkappe-925-silber-10-mm-glatt-und-glaenzend\/"},"modified":"2025-04-04T05:31:47","modified_gmt":"2025-04-04T05:31:47","slug":"perlenkappe-925-silber-10-mm-glatt-und-glaenzend","status":"publish","type":"product","link":"https:\/\/esquell.eu\/de\/produkt\/perlenkappe-925-silber-10-mm-glatt-und-glaenzend\/","title":{"rendered":"Perlenkappe 925 Silber. 10 mm Glatt und gl\u00e4nzend."},"content":{"rendered":"<p>Perlenbesetzte Kappen. 925 Sterling Silber.  Verschiedene Gr\u00f6\u00dfen.<\/p>\n<p>Glatt und gl\u00e4nzend.<\/p>\n<p>4mm, 6mm, 8mm und 10mm<\/p>\n","protected":false},"excerpt":{"rendered":"<p>Perlenbesetzte Kappen. 925 Sterling Silber.  Verschiedene Gr\u00f6\u00dfen.<\/p>\n<p>Glatt und gl\u00e4nzend.<\/p>\n<p>10mm<\/p>\n<p>&nbsp;<\/p>\n","protected":false},"featured_media":7830,"comment_status":"closed","ping_status":"closed","template":"","meta":{"_acf_changed":false,"_seopress_robots_primary_cat":"none","_seopress_titles_title":"","_seopress_titles_desc":"","_seopress_robots_index":""},"more":[],"product_brand":[6992],"product_cat":[11510],"product_tag":[9187,13546,6488,6506,16332,17255,8713,6689,7919,6695,6790,6415,6840,14955,6494,6826,8359,6895,6842,8091,6824,7017,6830,6822,17699,10822,17705,6836,12078,6897,6786,9542,6775,6844,7801,6421,17702,11057,17708,16655,7317,11511,7178,6832,6682,6788,6828,9425,7524,8510,16654,8532,6419,6899,6889,6558,6901,6812,6417,6671,7086,6490,7340,6920,6834,6781,6893,6784,6795,6814,6690,6783,7064,6838],"class_list":{"0":"post-23549","1":"product","2":"type-product","3":"status-publish","4":"has-post-thumbnail","6":"product_brand-ayu","7":"product_cat-perlen","8":"product_tag-co-uk","9":"product_tag-com","10":"product_tag-6488","11":"product_tag-6506","12":"product_tag-allergie","13":"product_tag-allergisch","14":"product_tag-angebot-2","15":"product_tag-armband","16":"product_tag-armbander-2","17":"product_tag-ausbildung","18":"product_tag-bestellung","19":"product_tag-billig","20":"product_tag-brabant","21":"product_tag-corona","22":"product_tag-diy","23":"product_tag-drenthe","24":"product_tag-edelsteine","25":"product_tag-es","26":"product_tag-flevoland","27":"product_tag-freigabe","28":"product_tag-friesland","29":"product_tag-fur","30":"product_tag-gelderland","31":"product_tag-groningen","32":"product_tag-haube","33":"product_tag-hochwertige","34":"product_tag-hochwertige-2","35":"product_tag-holland","36":"product_tag-hypoallergen","37":"product_tag-ihr","38":"product_tag-kaufen","39":"product_tag-ketten","40":"product_tag-kurzwarengeschaft","41":"product_tag-limburg","42":"product_tag-maastricht","43":"product_tag-machen","44":"product_tag-machen-sie-es-selbst-4","45":"product_tag-materialien","46":"product_tag-meisterklasse","47":"product_tag-mutze-2","48":"product_tag-naturstein","49":"product_tag-natursteinperlen","50":"product_tag-nicht","51":"product_tag-norden","52":"product_tag-ohrringe","53":"product_tag-online","54":"product_tag-overijssel","55":"product_tag-perle","56":"product_tag-perlen-2","57":"product_tag-perlenladen","58":"product_tag-perlenmutze","59":"product_tag-perlenmutzen","60":"product_tag-schmuck","61":"product_tag-selbst","62":"product_tag-shop","63":"product_tag-sie-selbst","64":"product_tag-sie-selbst-2","65":"product_tag-silber-3","66":"product_tag-silber","67":"product_tag-silber-2","68":"product_tag-silberschmiede","69":"product_tag-silberton","70":"product_tag-silverclay-co-uk","71":"product_tag-sterling","72":"product_tag-sud","73":"product_tag-teile","74":"product_tag-tun","75":"product_tag-unter-2","76":"product_tag-utrecht","77":"product_tag-webshop","78":"product_tag-werkstatten","79":"product_tag-wobei","80":"product_tag-workshop","81":"product_tag-zeeland","82":"product_shipping_class-standard","83":"pa_diameter-10mm","84":"pa_diameter-4mm","85":"pa_diameter-6mm","86":"pa_diameter-8mm","88":"first","89":"instock","90":"taxable","91":"shipping-taxable","92":"purchasable","93":"product-type-variable"},"acf":[],"_links":{"self":[{"href":"https:\/\/esquell.eu\/de\/wp-json\/wp\/v2\/product\/23549","targetHints":{"allow":["GET"]}}],"collection":[{"href":"https:\/\/esquell.eu\/de\/wp-json\/wp\/v2\/product"}],"about":[{"href":"https:\/\/esquell.eu\/de\/wp-json\/wp\/v2\/types\/product"}],"replies":[{"embeddable":true,"href":"https:\/\/esquell.eu\/de\/wp-json\/wp\/v2\/comments?post=23549"}],"wp:featuredmedia":[{"embeddable":true,"href":"https:\/\/esquell.eu\/de\/wp-json\/wp\/v2\/media\/7830"}],"wp:attachment":[{"href":"https:\/\/esquell.eu\/de\/wp-json\/wp\/v2\/media?parent=23549"}],"wp:term":[{"taxonomy":"more","embeddable":true,"href":"https:\/\/esquell.eu\/de\/wp-json\/wp\/v2\/more?post=23549"},{"taxonomy":"product_brand","embeddable":true,"href":"https:\/\/esquell.eu\/de\/wp-json\/wp\/v2\/product_brand?post=23549"},{"taxonomy":"product_cat","embeddable":true,"href":"https:\/\/esquell.eu\/de\/wp-json\/wp\/v2\/product_cat?post=23549"},{"taxonomy":"product_tag","embeddable":true,"href":"https:\/\/esquell.eu\/de\/wp-json\/wp\/v2\/product_tag?post=23549"}],"curies":[{"name":"wp","href":"https:\/\/api.w.org\/{rel}","templated":true}]}}