{"id":23471,"date":"2025-04-04T05:31:08","date_gmt":"2025-04-04T05:31:08","guid":{"rendered":"https:\/\/esquell.eu\/product\/mischung-fuer-die-herstellung-von-silikonformen-blaue-mischung-2-komponenten-verschiedene-inhalte-f-0117\/"},"modified":"2025-12-22T10:55:57","modified_gmt":"2025-12-22T10:55:57","slug":"mischung-fuer-die-herstellung-von-silikonformen-blaue-mischung-2-komponenten-verschiedene-inhalte-f-0117","status":"publish","type":"product","link":"https:\/\/esquell.eu\/de\/produkt\/mischung-fuer-die-herstellung-von-silikonformen-blaue-mischung-2-komponenten-verschiedene-inhalte-f-0117\/","title":{"rendered":"Mischung f\u00fcr die Herstellung von Silikonformen Blaue Mischung. 2 Komponenten Verschiedene Inhalte (F- 0117)"},"content":{"rendered":"<p>Wenn Sie die beiden Komponenten mischen, entsteht eine Mischung, aus der Sie eine Form herstellen k\u00f6nnen, in die Sie eine beliebige Form oder ein Relief dr\u00fccken k\u00f6nnen. Sobald die Form getrocknet ist, haben Sie eine Form, in der Sie denselben Abdruck mehrmals machen k\u00f6nnen. Die Mischung h\u00e4lt der Hitze eines Haartrockners stand, zum Beispiel.   <\/p>\n<p>Erh\u00e4ltlich mit verschiedenen Inhalten.<\/p>\n","protected":false},"excerpt":{"rendered":"<p>Wenn Sie die beiden Farben mischen, entsteht eine Mischung, aus der Sie eine Form herstellen k\u00f6nnen, in die Sie eine beliebige Form oder ein Relief dr\u00fccken k\u00f6nnen. Sobald die Form getrocknet ist, haben Sie eine Form, in der Sie denselben Abdruck mehrmals machen k\u00f6nnen. Die Mischung h\u00e4lt der Hitze eines Haartrockners stand, zum Beispiel. 2 mal 25 Gramm.    <\/p>\n<p>Verh\u00e4ltnis 1:1<\/p>\n","protected":false},"featured_media":23526,"comment_status":"closed","ping_status":"closed","template":"","meta":{"_acf_changed":false,"_seopress_robots_primary_cat":"none","_seopress_titles_title":"","_seopress_titles_desc":"","_seopress_robots_index":""},"more":[],"product_brand":[6413],"product_cat":[6367,15620],"product_tag":[10696,17651,6446,6699,8349,6458,6677,8634,7250,17650,14866,6494,8577,8574,10209,8178,14474,17625,17630,7809,15083,17641,17642,6680,7547,7017,7074,9788,6452,17627,17626,17628,6673,9413,17629,17640,9078,6679,7545,6421,17620,17624,6455,6806,10284,6419,6820,10321,6558,14707,10286,6697,17639,6449,6690,17633],"class_list":{"0":"post-23471","1":"product","2":"type-product","3":"status-publish","4":"has-post-thumbnail","6":"product_brand-acs","7":"product_cat-erganzende-materialien","8":"product_cat-schimmelpilze","9":"product_tag-10696","10":"product_tag-2komponenten","11":"product_tag-aida","12":"product_tag-artclayacademy","13":"product_tag-ascheschmuck","14":"product_tag-belgien","15":"product_tag-belgien-2","16":"product_tag-blatter-2","17":"product_tag-blau-2","18":"product_tag-bluemix","19":"product_tag-craflines","20":"product_tag-diy","21":"product_tag-eu","22":"product_tag-europa","23":"product_tag-europa-2","24":"product_tag-fingerabdruck","25":"product_tag-fingerabdruck-2","26":"product_tag-fingerabdruck-3","27":"product_tag-fingerabdruck-schmuck","28":"product_tag-flexibel","29":"product_tag-formen-2","30":"product_tag-formenbau","31":"product_tag-formmischung","32":"product_tag-frankreich","33":"product_tag-frankreich-2","34":"product_tag-fur","35":"product_tag-gedenkschmuck","36":"product_tag-gemacht","37":"product_tag-groshandel","38":"product_tag-haare","39":"product_tag-hundenase","40":"product_tag-hundepfoten","41":"product_tag-japan","42":"product_tag-juwel","43":"product_tag-katzenpfoten","44":"product_tag-komponenten","45":"product_tag-kremationsschmuck","46":"product_tag-luxemburg","47":"product_tag-luxemburg-2","48":"product_tag-machen","49":"product_tag-mischen","50":"product_tag-natur","51":"product_tag-niederlande","52":"product_tag-rabatt","53":"product_tag-schimmelpilz-2","54":"product_tag-schmuck","55":"product_tag-schmuck-2","56":"product_tag-schnell","57":"product_tag-sie-selbst","58":"product_tag-silikon","59":"product_tag-speicher","60":"product_tag-tasten","61":"product_tag-trocknen","62":"product_tag-verteiler","63":"product_tag-werkstatten","64":"product_tag-zertifizierung","65":"product_shipping_class-standard","67":"first","68":"instock","69":"taxable","70":"shipping-taxable","71":"purchasable","72":"product-type-variable"},"acf":[],"_links":{"self":[{"href":"https:\/\/esquell.eu\/de\/wp-json\/wp\/v2\/product\/23471","targetHints":{"allow":["GET"]}}],"collection":[{"href":"https:\/\/esquell.eu\/de\/wp-json\/wp\/v2\/product"}],"about":[{"href":"https:\/\/esquell.eu\/de\/wp-json\/wp\/v2\/types\/product"}],"replies":[{"embeddable":true,"href":"https:\/\/esquell.eu\/de\/wp-json\/wp\/v2\/comments?post=23471"}],"wp:featuredmedia":[{"embeddable":true,"href":"https:\/\/esquell.eu\/de\/wp-json\/wp\/v2\/media\/23526"}],"wp:attachment":[{"href":"https:\/\/esquell.eu\/de\/wp-json\/wp\/v2\/media?parent=23471"}],"wp:term":[{"taxonomy":"more","embeddable":true,"href":"https:\/\/esquell.eu\/de\/wp-json\/wp\/v2\/more?post=23471"},{"taxonomy":"product_brand","embeddable":true,"href":"https:\/\/esquell.eu\/de\/wp-json\/wp\/v2\/product_brand?post=23471"},{"taxonomy":"product_cat","embeddable":true,"href":"https:\/\/esquell.eu\/de\/wp-json\/wp\/v2\/product_cat?post=23471"},{"taxonomy":"product_tag","embeddable":true,"href":"https:\/\/esquell.eu\/de\/wp-json\/wp\/v2\/product_tag?post=23471"}],"curies":[{"name":"wp","href":"https:\/\/api.w.org\/{rel}","templated":true}]}}