{"id":23356,"date":"2025-04-03T09:29:21","date_gmt":"2025-04-03T09:29:21","guid":{"rendered":"https:\/\/esquell.eu\/product\/schablone-schablone-mit-verschiedenen-federn\/"},"modified":"2025-04-03T09:29:21","modified_gmt":"2025-04-03T09:29:21","slug":"schablone-schablone-mit-verschiedenen-federn","status":"publish","type":"product","link":"https:\/\/esquell.eu\/de\/produkt\/schablone-schablone-mit-verschiedenen-federn\/","title":{"rendered":"Schablone, Schablone mit verschiedenen Federn"},"content":{"rendered":"<p>Zeichenschablone mit verschiedenen Gr\u00f6\u00dfen von Kreisen. Auch f\u00fcr die Herstellung von Schmuck wie Ohrringe, Ringe, Glieder, Anh\u00e4nger und Charms geeignet. <\/p>\n<p>Die Schablone ist aus stabilem, nicht biegsamem, transparentem Acryl hergestellt. Aufgrund der Festigkeit der Schablone lassen sich die Formen leicht mit dem Claypick (Nadelwerkzeug, kleine Nadel) herstellen. <\/p>\n","protected":false},"excerpt":{"rendered":"<p>Zeichnungsschablone mit verschiedenen Gr\u00f6\u00dfen von Formen. Auch f\u00fcr die Herstellung von Schmuck wie Ohrringe, Ringe, Glieder, Anh\u00e4nger und Charms geeignet. <\/p>\n<p>Die Schablone ist aus stabilem, nicht biegsamem, transparentem Acryl hergestellt. Die Festigkeit der Schablone macht es einfach, die Formen mit dem Claypick (Nadelwerkzeug) auszuschneiden. <\/p>\n<p>Die Schablonen k\u00f6nnen auch als Reliefformen verwendet werden, indem Sie sie vorsichtig in den Ton dr\u00fccken.<\/p>\n<p>*Die Farbe kann variieren.<\/p>\n","protected":false},"featured_media":3881,"comment_status":"closed","ping_status":"closed","template":"","meta":{"_acf_changed":false,"_seopress_robots_primary_cat":"none","_seopress_titles_title":"","_seopress_titles_desc":"","_seopress_robots_index":""},"more":[],"product_brand":[6595],"product_cat":[11398],"product_tag":[6492,6438,15496,6903,7676,17472,9619,17465,13759,8681,7672,8700,12708,7809,8774,15083,7752,7680,8544,9490,9413,17471,6786,6885,8105,6498,6905,6444,6441,17467,14951,14953,6788,6891,8782,7674,7692,9378,8783,17466,6419,6820,7021,17468,17464,17478,17528,14369,17463,14370,17469,8587,7246,6490,6435,6500,6556,15040,9226,7511,7561,7748,7240,10717,6784,9686,16899,9206,17473,7373,6605,6818,6783,17470,7735],"class_list":{"0":"post-23356","1":"product","2":"type-product","3":"status-publish","4":"has-post-thumbnail","6":"product_brand-coole-tools","7":"product_cat-schablonen-fur-die-schmuckherstellung","8":"product_tag-artclay","9":"product_tag-artclaysilver","10":"product_tag-ausschneiden","11":"product_tag-bronze-ton","12":"product_tag-cernit","13":"product_tag-cernit-schmuck-2","14":"product_tag-cernit-schmuck","15":"product_tag-dreieck","16":"product_tag-entwurfe","17":"product_tag-fallen-lassen","18":"product_tag-fimo","19":"product_tag-fimo-schmuck","20":"product_tag-fimojewelry","21":"product_tag-flexibel","22":"product_tag-fondant","23":"product_tag-formen-2","24":"product_tag-formular","25":"product_tag-formulare","26":"product_tag-hobby","27":"product_tag-hobby-shop-2","28":"product_tag-juwel","29":"product_tag-juwelen-vorlage","30":"product_tag-kaufen","31":"product_tag-kaufen-2","32":"product_tag-kreativ","33":"product_tag-kunst","34":"product_tag-kupferton","35":"product_tag-metalclay","36":"product_tag-metallton","37":"product_tag-modelle","38":"product_tag-nadel","39":"product_tag-nadelwerkzeug","40":"product_tag-online","41":"product_tag-online-shop","42":"product_tag-platz","43":"product_tag-polymer-clay","44":"product_tag-polymer-clay-schmuck","45":"product_tag-polymer-clay-schmuck-2","46":"product_tag-rechteck","47":"product_tag-ressourcen","48":"product_tag-schmuck","49":"product_tag-schmuck-2","50":"product_tag-schmuck-3","51":"product_tag-schmuck-vorlage","53":"product_tag-schmuck-vorlage-2","54":"product_tag-schmuck-vorlage-3","55":"product_tag-schmuckdesign","56":"product_tag-schmuckdesigns-2","57":"product_tag-schmuckformen","58":"product_tag-schmuckvorlagen","59":"product_tag-schneiden","60":"product_tag-semi","61":"product_tag-silberton","62":"product_tag-ton","63":"product_tag-ton-2","64":"product_tag-ton-3","65":"product_tag-tone","66":"product_tag-tonkunst-2","67":"product_tag-tonschmuck","68":"product_tag-tonschmuck-2","69":"product_tag-tonwerkzeuge","70":"product_tag-transparent","71":"product_tag-um","72":"product_tag-unter-2","73":"product_tag-verschiedene-2","74":"product_tag-vorlage-3","75":"product_tag-vorlagen","76":"product_tag-webshop-bestellen","77":"product_tag-werkzeug","78":"product_tag-werkzeuge","79":"product_tag-werkzeuge-2","80":"product_tag-wobei","81":"product_tag-zeichenvorlagen","82":"product_tag-zu-verkaufen","83":"product_shipping_class-standard","85":"first","86":"instock","87":"taxable","88":"shipping-taxable","89":"purchasable","90":"product-type-simple"},"acf":[],"_links":{"self":[{"href":"https:\/\/esquell.eu\/de\/wp-json\/wp\/v2\/product\/23356","targetHints":{"allow":["GET"]}}],"collection":[{"href":"https:\/\/esquell.eu\/de\/wp-json\/wp\/v2\/product"}],"about":[{"href":"https:\/\/esquell.eu\/de\/wp-json\/wp\/v2\/types\/product"}],"replies":[{"embeddable":true,"href":"https:\/\/esquell.eu\/de\/wp-json\/wp\/v2\/comments?post=23356"}],"wp:featuredmedia":[{"embeddable":true,"href":"https:\/\/esquell.eu\/de\/wp-json\/wp\/v2\/media\/3881"}],"wp:attachment":[{"href":"https:\/\/esquell.eu\/de\/wp-json\/wp\/v2\/media?parent=23356"}],"wp:term":[{"taxonomy":"more","embeddable":true,"href":"https:\/\/esquell.eu\/de\/wp-json\/wp\/v2\/more?post=23356"},{"taxonomy":"product_brand","embeddable":true,"href":"https:\/\/esquell.eu\/de\/wp-json\/wp\/v2\/product_brand?post=23356"},{"taxonomy":"product_cat","embeddable":true,"href":"https:\/\/esquell.eu\/de\/wp-json\/wp\/v2\/product_cat?post=23356"},{"taxonomy":"product_tag","embeddable":true,"href":"https:\/\/esquell.eu\/de\/wp-json\/wp\/v2\/product_tag?post=23356"}],"curies":[{"name":"wp","href":"https:\/\/api.w.org\/{rel}","templated":true}]}}