{"id":23196,"date":"2025-04-03T09:29:02","date_gmt":"2025-04-03T09:29:02","guid":{"rendered":"https:\/\/esquell.eu\/product\/texturmatte-gummi-ca-2215-cm-schmuck-kuenstler-elemente-blaetter-und-samen-tex-150\/"},"modified":"2025-04-03T09:29:02","modified_gmt":"2025-04-03T09:29:02","slug":"texturmatte-gummi-ca-2215-cm-schmuck-kuenstler-elemente-blaetter-und-samen-tex-150","status":"publish","type":"product","link":"https:\/\/esquell.eu\/de\/produkt\/texturmatte-gummi-ca-2215-cm-schmuck-kuenstler-elemente-blaetter-und-samen-tex-150\/","title":{"rendered":"Texturmatte Gummi ca. 22*15 cm Schmuck K\u00fcnstler Elemente &#8211; Bl\u00e4tter und Samen TEX-150"},"content":{"rendered":"<p>Strukturmatte Gummi ca. 22*15 cm<br \/>\nAnh\u00e4nger und Charms<br \/>\nClay Schmuck, Ton, Metallton, Silberton<\/p>\n","protected":false},"excerpt":{"rendered":"<p>Texturmatte mit Elementen f\u00fcr Schmuckhersteller<br \/>\nDas zweite Foto ist ein Beispiel f\u00fcr eines der Elemente in Ton.<br \/>\nRinge &amp; Armreifen Die Texturen eignen sich perfekt f\u00fcr die Herstellung von Armb\u00e4ndern in mehreren Gr\u00f6\u00dfen oder Ringen mit zarten Designs. Machen Sie passende Anh\u00e4nger und Ohrringe mit denselben Kacheln.<x id=\"gid_2\"><\/x>Diese Texturen sind flexibel, abwaschbar und k\u00f6nnen mit jedem weichen Ton verwendet werden. Betr\u00e4ufeln Sie sie mit der CoolSlip Anti-Haft-Formel, bevor Sie beginnen.  <\/p>\n<p>&nbsp;<\/p>\n<p>Bei der Verwendung mit Silber-, Kupfer-, Bronze- und Goldton spr\u00fchen Sie die strukturierten Matten zun\u00e4chst mit der Anti-Haft-Formel <a href=\"https:\/\/www.esquell.nl\/p\/textuurmat-rubber-5-10-cm-veertjes?ObjectPath=\/Shops\/83636376\/Products\/AM0007\">coolslip<\/a> <\/p>\n<p>Wenn Sie mit Fimo, Cernit, Premo, Sculpy usw. arbeiten, verwenden Sie z.B. Talkumpuder, um ein Verkleben zu verhindern.<\/p>\n<p>&nbsp;<\/p>\n","protected":false},"featured_media":8168,"comment_status":"closed","ping_status":"closed","template":"","meta":{"_acf_changed":false,"_seopress_robots_primary_cat":"none","_seopress_titles_title":"","_seopress_titles_desc":"","_seopress_robots_index":""},"more":[],"product_brand":[6595],"product_cat":[12225],"product_tag":[6446,6492,8559,6675,6494,17453,7680,6452,6673,17452,6421,6441,6419,17451,17454,6779,6558,6626,15219,6622,9204,11403,6556,7511],"class_list":{"0":"post-23196","1":"product","2":"type-product","3":"status-publish","4":"has-post-thumbnail","6":"product_brand-coole-tools","7":"product_cat-texturen-und-stempel","8":"product_tag-aida","9":"product_tag-artclay","10":"product_tag-cooltools","11":"product_tag-craftlines","12":"product_tag-diy","13":"product_tag-elemente","14":"product_tag-formulare","15":"product_tag-groshandel","16":"product_tag-japan","17":"product_tag-kunstler","18":"product_tag-machen","19":"product_tag-metallton","20":"product_tag-schmuck","21":"product_tag-schmuck-kunstler-elemente","22":"product_tag-seads","23":"product_tag-selbstgemacht","24":"product_tag-sie-selbst","25":"product_tag-stanzen","26":"product_tag-stanzmatte","27":"product_tag-strukturen","28":"product_tag-textur","29":"product_tag-texturmatte","30":"product_tag-ton-3","31":"product_tag-tonschmuck","32":"product_shipping_class-standard","34":"first","35":"instock","36":"taxable","37":"shipping-taxable","38":"purchasable","39":"product-type-simple"},"acf":[],"_links":{"self":[{"href":"https:\/\/esquell.eu\/de\/wp-json\/wp\/v2\/product\/23196","targetHints":{"allow":["GET"]}}],"collection":[{"href":"https:\/\/esquell.eu\/de\/wp-json\/wp\/v2\/product"}],"about":[{"href":"https:\/\/esquell.eu\/de\/wp-json\/wp\/v2\/types\/product"}],"replies":[{"embeddable":true,"href":"https:\/\/esquell.eu\/de\/wp-json\/wp\/v2\/comments?post=23196"}],"wp:featuredmedia":[{"embeddable":true,"href":"https:\/\/esquell.eu\/de\/wp-json\/wp\/v2\/media\/8168"}],"wp:attachment":[{"href":"https:\/\/esquell.eu\/de\/wp-json\/wp\/v2\/media?parent=23196"}],"wp:term":[{"taxonomy":"more","embeddable":true,"href":"https:\/\/esquell.eu\/de\/wp-json\/wp\/v2\/more?post=23196"},{"taxonomy":"product_brand","embeddable":true,"href":"https:\/\/esquell.eu\/de\/wp-json\/wp\/v2\/product_brand?post=23196"},{"taxonomy":"product_cat","embeddable":true,"href":"https:\/\/esquell.eu\/de\/wp-json\/wp\/v2\/product_cat?post=23196"},{"taxonomy":"product_tag","embeddable":true,"href":"https:\/\/esquell.eu\/de\/wp-json\/wp\/v2\/product_tag?post=23196"}],"curies":[{"name":"wp","href":"https:\/\/api.w.org\/{rel}","templated":true}]}}