{"id":23119,"date":"2025-04-03T09:28:46","date_gmt":"2025-04-03T09:28:46","guid":{"rendered":"https:\/\/esquell.eu\/product\/stanzmatte-silikon-farnblatt-1518-cm\/"},"modified":"2025-04-03T09:28:46","modified_gmt":"2025-04-03T09:28:46","slug":"stanzmatte-silikon-farnblatt-1518-cm","status":"publish","type":"product","link":"https:\/\/esquell.eu\/de\/produkt\/stanzmatte-silikon-farnblatt-1518-cm\/","title":{"rendered":"Stanzmatte Silikon Farnblatt 15*18 cm"},"content":{"rendered":"<p>Briefmarkenbogen. Blatt mit verschiedenen Bl\u00e4ttern. <\/p>\n<p>Verschiedene Bl\u00e4tter und Farnbl\u00e4tter in verschiedenen Gr\u00f6\u00dfen<\/p>\n<div class=\"product-addition-content\">\n<p>Geeignet, um weichem Ton Textur zu verleihen.<\/p>\n<\/div>\n","protected":false},"excerpt":{"rendered":"<p>Briefmarkenbogen. Verschiedene Bl\u00e4tter und Farnblatt in verschiedenen Gr\u00f6\u00dfen <\/p>\n<p>Geeignet, um weichem Ton Textur zu verleihen.<\/p>\n","protected":false},"featured_media":8180,"comment_status":"closed","ping_status":"closed","template":"","meta":{"_acf_changed":false,"_seopress_robots_primary_cat":"none","_seopress_titles_title":"","_seopress_titles_desc":"","_seopress_robots_index":""},"more":[],"product_brand":[6365],"product_cat":[12225],"product_tag":[6446,11405,6624,16021,6494,8646,8691,6909,16022,6907,6673,6421,6444,6441,8643,7674,6419,6779,6889,6490,15219,6556,7511,6814],"class_list":{"0":"post-23119","1":"product","2":"type-product","3":"status-publish","4":"has-post-thumbnail","6":"product_brand-l1","7":"product_cat-texturen-und-stempel","8":"product_tag-aida","9":"product_tag-briefmarke","10":"product_tag-briefmarken","11":"product_tag-briefmarkenbogen","12":"product_tag-diy","13":"product_tag-drucken","14":"product_tag-etsy","15":"product_tag-facebook","16":"product_tag-flikr","17":"product_tag-instagram","18":"product_tag-japan","19":"product_tag-machen","20":"product_tag-metalclay","21":"product_tag-metallton","22":"product_tag-pinterest","23":"product_tag-polymer-clay","24":"product_tag-schmuck","25":"product_tag-selbstgemacht","26":"product_tag-shop","27":"product_tag-silberton","28":"product_tag-stanzmatte","29":"product_tag-ton-3","30":"product_tag-tonschmuck","31":"product_tag-webshop","32":"product_shipping_class-standard","34":"first","35":"instock","36":"taxable","37":"shipping-taxable","38":"purchasable","39":"product-type-simple"},"acf":[],"_links":{"self":[{"href":"https:\/\/esquell.eu\/de\/wp-json\/wp\/v2\/product\/23119","targetHints":{"allow":["GET"]}}],"collection":[{"href":"https:\/\/esquell.eu\/de\/wp-json\/wp\/v2\/product"}],"about":[{"href":"https:\/\/esquell.eu\/de\/wp-json\/wp\/v2\/types\/product"}],"replies":[{"embeddable":true,"href":"https:\/\/esquell.eu\/de\/wp-json\/wp\/v2\/comments?post=23119"}],"wp:featuredmedia":[{"embeddable":true,"href":"https:\/\/esquell.eu\/de\/wp-json\/wp\/v2\/media\/8180"}],"wp:attachment":[{"href":"https:\/\/esquell.eu\/de\/wp-json\/wp\/v2\/media?parent=23119"}],"wp:term":[{"taxonomy":"more","embeddable":true,"href":"https:\/\/esquell.eu\/de\/wp-json\/wp\/v2\/more?post=23119"},{"taxonomy":"product_brand","embeddable":true,"href":"https:\/\/esquell.eu\/de\/wp-json\/wp\/v2\/product_brand?post=23119"},{"taxonomy":"product_cat","embeddable":true,"href":"https:\/\/esquell.eu\/de\/wp-json\/wp\/v2\/product_cat?post=23119"},{"taxonomy":"product_tag","embeddable":true,"href":"https:\/\/esquell.eu\/de\/wp-json\/wp\/v2\/product_tag?post=23119"}],"curies":[{"name":"wp","href":"https:\/\/api.w.org\/{rel}","templated":true}]}}