{"id":23011,"date":"2025-04-03T09:28:06","date_gmt":"2025-04-03T09:28:06","guid":{"rendered":"https:\/\/esquell.eu\/product\/texturmatte-gummi-mehndi-bordueren-ca-1013-cm\/"},"modified":"2025-04-03T09:28:06","modified_gmt":"2025-04-03T09:28:06","slug":"texturmatte-gummi-mehndi-bordueren-ca-1013-cm","status":"publish","type":"product","link":"https:\/\/esquell.eu\/de\/produkt\/texturmatte-gummi-mehndi-bordueren-ca-1013-cm\/","title":{"rendered":"Texturmatte Gummi-Mehndi-Bord\u00fcren ca. 10*13 cm"},"content":{"rendered":"<p>Texturierte Matte mit Kanten<br \/>\nDas zweite Foto zeigt die Textur in Ton.<br \/>\nRinge &amp; Armreifen Texturen eignen sich perfekt f\u00fcr die Herstellung von Armb\u00e4ndern in mehreren Gr\u00f6\u00dfen oder Ringen mit filigranen Designs. Machen Sie passende Anh\u00e4nger und Ohrringe mit denselben Kacheln.<br \/>\nDiese Texturen sind flexibel, abwaschbar und k\u00f6nnen mit jedem weichen Ton verwendet werden. Betr\u00e4ufeln Sie sie mit der CoolSlip Anti-Haft-Formel, bevor Sie beginnen.  <\/p>\n<p>Bei der Verwendung mit Silber-, Kupfer-, Bronze- und Goldton spr\u00fchen Sie die strukturierten Matten zun\u00e4chst mit der Anti-Haft-Formel coolslip<\/p>\n<p>Wenn Sie mit Fimo, Cernit, Premo, Sculpy usw. arbeiten, verwenden Sie z.B. Talkumpuder, um ein Verkleben zu verhindern.<\/p>\n","protected":false},"excerpt":{"rendered":"<p>Rings &amp; Bangles Texture &#8211;<br \/>\nDas zweite Foto zeigt die Textur in Ton.<br \/>\nRings &amp; Bangles Textures eignen sich perfekt f\u00fcr die Herstellung von Armb\u00e4ndern oder Ringen mit filigranen Motiven in verschiedenen Gr\u00f6\u00dfen. Machen Sie passende Anh\u00e4nger und Ohrringe mit denselben Kacheln.<x id=\"gid_2\"><\/x>Diese Texturen sind flexibel, abwaschbar und k\u00f6nnen mit jedem weichen Ton verwendet werden. Betr\u00e4ufeln Sie sie mit der CoolSlip Anti-Haft-Formel, bevor Sie beginnen.  <\/p>\n<p>&nbsp;<\/p>\n<p>Bei der Verwendung mit Silber-, Kupfer-, Bronze- und Goldton spr\u00fchen Sie die strukturierten Matten zun\u00e4chst mit der Anti-Haft-Formel <a href=\"https:\/\/www.esquell.nl\/p\/textuurmat-rubber-5-10-cm-veertjes?ObjectPath=\/Shops\/83636376\/Products\/AM0007\">coolslip<\/a> <\/p>\n<p>Wenn Sie mit Fimo, Cernit, Premo, Sculpy usw. arbeiten, verwenden Sie z.B. Talkumpuder, um ein Verkleben zu verhindern.<\/p>\n<p>&nbsp;<\/p>\n","protected":false},"featured_media":8206,"comment_status":"closed","ping_status":"closed","template":"","meta":{"_acf_changed":false,"_seopress_robots_primary_cat":"none","_seopress_titles_title":"","_seopress_titles_desc":"","_seopress_robots_index":""},"more":[],"product_brand":[6595],"product_cat":[12225],"product_tag":[6446,6492,6675,6494,7680,17384,6452,6673,15786,6421,6441,6419,6779,6558,6626,15219,6622,11403,6556,7511,7915],"class_list":{"0":"post-23011","1":"product","2":"type-product","3":"status-publish","4":"has-post-thumbnail","6":"product_brand-coole-tools","7":"product_cat-texturen-und-stempel","8":"product_tag-aida","9":"product_tag-artclay","10":"product_tag-craftlines","11":"product_tag-diy","12":"product_tag-formulare","13":"product_tag-grafik","14":"product_tag-groshandel","15":"product_tag-japan","16":"product_tag-kanten-2","17":"product_tag-machen","18":"product_tag-metallton","19":"product_tag-schmuck","20":"product_tag-selbstgemacht","21":"product_tag-sie-selbst","22":"product_tag-stanzen","23":"product_tag-stanzmatte","24":"product_tag-strukturen","25":"product_tag-texturmatte","26":"product_tag-ton-3","27":"product_tag-tonschmuck","28":"product_tag-zeilen","29":"product_shipping_class-standard","31":"first","32":"instock","33":"taxable","34":"shipping-taxable","35":"purchasable","36":"product-type-simple"},"acf":[],"_links":{"self":[{"href":"https:\/\/esquell.eu\/de\/wp-json\/wp\/v2\/product\/23011","targetHints":{"allow":["GET"]}}],"collection":[{"href":"https:\/\/esquell.eu\/de\/wp-json\/wp\/v2\/product"}],"about":[{"href":"https:\/\/esquell.eu\/de\/wp-json\/wp\/v2\/types\/product"}],"replies":[{"embeddable":true,"href":"https:\/\/esquell.eu\/de\/wp-json\/wp\/v2\/comments?post=23011"}],"wp:featuredmedia":[{"embeddable":true,"href":"https:\/\/esquell.eu\/de\/wp-json\/wp\/v2\/media\/8206"}],"wp:attachment":[{"href":"https:\/\/esquell.eu\/de\/wp-json\/wp\/v2\/media?parent=23011"}],"wp:term":[{"taxonomy":"more","embeddable":true,"href":"https:\/\/esquell.eu\/de\/wp-json\/wp\/v2\/more?post=23011"},{"taxonomy":"product_brand","embeddable":true,"href":"https:\/\/esquell.eu\/de\/wp-json\/wp\/v2\/product_brand?post=23011"},{"taxonomy":"product_cat","embeddable":true,"href":"https:\/\/esquell.eu\/de\/wp-json\/wp\/v2\/product_cat?post=23011"},{"taxonomy":"product_tag","embeddable":true,"href":"https:\/\/esquell.eu\/de\/wp-json\/wp\/v2\/product_tag?post=23011"}],"curies":[{"name":"wp","href":"https:\/\/api.w.org\/{rel}","templated":true}]}}