{"id":22931,"date":"2025-04-03T09:29:12","date_gmt":"2025-04-03T09:29:12","guid":{"rendered":"https:\/\/esquell.eu\/product\/vorlage-long-empire-drop\/"},"modified":"2025-04-03T09:29:12","modified_gmt":"2025-04-03T09:29:12","slug":"vorlage-long-empire-drop","status":"publish","type":"product","link":"https:\/\/esquell.eu\/de\/produkt\/vorlage-long-empire-drop\/","title":{"rendered":"Vorlage Long empire drop"},"content":{"rendered":"<div class=\"product-addition-content\">\n<div class=\"product-addition-content\">\n<p>Enth\u00e4lt 6 Formen. Die Gr\u00f6\u00dfen sind von 19mm bis 46mm. <\/p>\n<p>Schablone f\u00fcr die Schmuckherstellung. Transparent, daher einfach zu verwenden und leicht zu positionieren.  Verwenden Sie zum Ausschneiden einen Nadelstift. Damit erzielen Sie die besten Ergebnisse. <\/p>\n<\/div>\n<\/div>\n","protected":false},"excerpt":{"rendered":"<div class=\"product-addition-content\">\n<p>Enth\u00e4lt 6 Formen. Die Gr\u00f6\u00dfen sind von 19mm bis 46mm. <\/p>\n<p>Schablone f\u00fcr die Schmuckherstellung. Transparent, daher einfach zu verwenden und leicht zu positionieren.  Verwenden Sie zum Ausschneiden einen Nadelstift. Damit erzielen Sie die besten Ergebnisse. <\/p>\n<\/div>\n<p>&nbsp;<\/p>\n<p>&nbsp;<\/p>\n<p>Schablone f\u00fcr die Schmuckherstellung. Transparent, daher einfach zu verwenden und leicht zu positionieren.  Verwenden Sie zum Ausschneiden einen Nadelstift. Damit erzielen Sie die besten Ergebnisse. <\/p>\n","protected":false},"featured_media":5469,"comment_status":"closed","ping_status":"closed","template":"","meta":{"_acf_changed":false,"_seopress_robots_primary_cat":"none","_seopress_titles_title":"","_seopress_titles_desc":"","_seopress_robots_index":""},"more":[],"product_brand":[6595],"product_cat":[11398],"product_tag":[6446,11978,6802,6492,6438,6458,6677,6790,6415,7250,7463,7676,7451,13111,13109,6675,10107,13082,6793,7461,7953,12298,7206,7672,7680,6680,7017,7237,13084,10814,13068,6452,7259,6673,6786,11016,13160,6704,9501,6510,6679,7545,6444,6441,13157,6455,6788,6891,14475,13080,13155,8786,13066,13070,9506,11512,13102,6419,6820,7998,8767,10470,8587,13106,6490,13072,13148,6556,7511,7240,6784,6449,13108,11401,16899,9206,15332,6814,6783,13104,8004],"class_list":{"0":"post-22931","1":"product","2":"type-product","3":"status-publish","4":"has-post-thumbnail","6":"product_brand-coole-tools","7":"product_cat-schablonen-fur-die-schmuckherstellung","8":"product_tag-aida","9":"product_tag-amber","10":"product_tag-angebot","11":"product_tag-artclay","12":"product_tag-artclaysilver","13":"product_tag-belgien","14":"product_tag-belgien-2","15":"product_tag-bestellung","16":"product_tag-billig","17":"product_tag-blau-2","18":"product_tag-bruhgruppe","19":"product_tag-cernit","20":"product_tag-chaton","21":"product_tag-collor","22":"product_tag-collors","23":"product_tag-craftlines","24":"product_tag-daimond","25":"product_tag-die-2","26":"product_tag-einkaufen","27":"product_tag-einstellbox","28":"product_tag-einstellung","29":"product_tag-farbe","30":"product_tag-farben","31":"product_tag-fimo","32":"product_tag-formulare","33":"product_tag-frankreich","34":"product_tag-fur","35":"product_tag-gelb-2","36":"product_tag-gem","37":"product_tag-glas-2","38":"product_tag-grosartig-2","39":"product_tag-groshandel","40":"product_tag-grun-2","41":"product_tag-japan","42":"product_tag-kaufen","43":"product_tag-kubisch","44":"product_tag-kubisch-3","45":"product_tag-loschen","46":"product_tag-loschen-2","47":"product_tag-lunette","48":"product_tag-luxemburg","49":"product_tag-luxemburg-2","50":"product_tag-metalclay","51":"product_tag-metallton","52":"product_tag-mulit","53":"product_tag-niederlande","54":"product_tag-online","55":"product_tag-online-shop","56":"product_tag-paris","57":"product_tag-pyramide","58":"product_tag-pyramide-2","59":"product_tag-reichweite","60":"product_tag-rio","61":"product_tag-riogrande","62":"product_tag-rot-2","63":"product_tag-rund-2","64":"product_tag-saphir","65":"product_tag-schmuck","66":"product_tag-schmuck-2","67":"product_tag-schmuck-4","68":"product_tag-schmuck-5","69":"product_tag-schmuckherstellung-2","70":"product_tag-schneiden","71":"product_tag-schneiden-2","72":"product_tag-silberton","73":"product_tag-steine","74":"product_tag-synthetisch-3","75":"product_tag-ton-3","76":"product_tag-tonschmuck","77":"product_tag-transparent","78":"product_tag-unter-2","79":"product_tag-verteiler","80":"product_tag-viel","81":"product_tag-vorlage","82":"product_tag-vorlage-3","83":"product_tag-vorlagen","84":"product_tag-vorlagen-2","85":"product_tag-webshop","86":"product_tag-wobei","87":"product_tag-zirkon","88":"product_tag-zirkoniumdioxid-2","89":"product_shipping_class-standard","91":"first","92":"instock","93":"taxable","94":"shipping-taxable","95":"purchasable","96":"product-type-simple"},"acf":[],"_links":{"self":[{"href":"https:\/\/esquell.eu\/de\/wp-json\/wp\/v2\/product\/22931","targetHints":{"allow":["GET"]}}],"collection":[{"href":"https:\/\/esquell.eu\/de\/wp-json\/wp\/v2\/product"}],"about":[{"href":"https:\/\/esquell.eu\/de\/wp-json\/wp\/v2\/types\/product"}],"replies":[{"embeddable":true,"href":"https:\/\/esquell.eu\/de\/wp-json\/wp\/v2\/comments?post=22931"}],"wp:featuredmedia":[{"embeddable":true,"href":"https:\/\/esquell.eu\/de\/wp-json\/wp\/v2\/media\/5469"}],"wp:attachment":[{"href":"https:\/\/esquell.eu\/de\/wp-json\/wp\/v2\/media?parent=22931"}],"wp:term":[{"taxonomy":"more","embeddable":true,"href":"https:\/\/esquell.eu\/de\/wp-json\/wp\/v2\/more?post=22931"},{"taxonomy":"product_brand","embeddable":true,"href":"https:\/\/esquell.eu\/de\/wp-json\/wp\/v2\/product_brand?post=22931"},{"taxonomy":"product_cat","embeddable":true,"href":"https:\/\/esquell.eu\/de\/wp-json\/wp\/v2\/product_cat?post=22931"},{"taxonomy":"product_tag","embeddable":true,"href":"https:\/\/esquell.eu\/de\/wp-json\/wp\/v2\/product_tag?post=22931"}],"curies":[{"name":"wp","href":"https:\/\/api.w.org\/{rel}","templated":true}]}}