{"id":22361,"date":"2025-04-14T15:17:21","date_gmt":"2025-04-14T15:17:21","guid":{"rendered":"https:\/\/esquell.eu\/product\/silberdraht-999-silber-rund-verschiedene-durchmesser\/"},"modified":"2025-04-14T15:17:21","modified_gmt":"2025-04-14T15:17:21","slug":"silberdraht-999-silber-rund-verschiedene-durchmesser","status":"publish","type":"product","link":"https:\/\/esquell.eu\/de\/produkt\/silberdraht-999-silber-rund-verschiedene-durchmesser\/","title":{"rendered":"Silberdraht 999 Silber rund. Verschiedene Durchmesser"},"content":{"rendered":"<p>Silberdraht 999 Silber rund. Verschiedene Dicken \/ Querschnitte<\/p>\n<p><strong>Die bestellte L\u00e4nge wird, soweit m\u00f6glich, in 1 St\u00fcck geliefert.<br \/>\nWenn es ein Muss ist, dass die Lieferung in 1 St\u00fcck erfolgt, geben Sie dies bitte bei der Bestellung im Kommentarfeld an.<\/strong><br \/>\n<strong>Wenn nicht genug auf Lager ist, senden Sie bitte eine E-Mail an info@esquell.eu. Wir k\u00f6nnen es dann f\u00fcr Sie bestellen. <\/strong><\/p>\n<p>&nbsp;<\/p>\n","protected":false},"excerpt":{"rendered":"<p>Silberdraht 925 Silber rund.<br \/>\n1st grade silver<\/p>\n","protected":false},"featured_media":4532,"comment_status":"closed","ping_status":"closed","template":"","meta":{"_acf_changed":false,"_seopress_robots_primary_cat":"none","_seopress_titles_title":"","_seopress_titles_desc":"","_seopress_robots_index":""},"more":[],"product_brand":[6413,6917],"product_cat":[12712,12713],"product_tag":[11878,14419,10696,10699,10701,8609,12103,7066,12551,12113,6488,6506,6924,7058,6689,6492,6458,6790,8955,8949,13800,6883,13222,14447,6494,8508,12422,11181,6826,11613,6895,6824,6822,6994,7171,12502,6897,13904,9184,14449,6786,6885,6775,14443,7019,6421,11057,7557,8137,12395,6455,14450,6682,7959,6788,6891,9588,14442,17370,8510,8782,6432,14444,14448,6424,6926,8092,6777,13224,11059,6419,14445,7539,12403,13469,14452,6899,6779,6889,9195,6558,6901,6417,6812,12459,7354,9790,12790,7086,7352,6490,7340,6996,6920,9264,6781,6893,10717,6784,6814,7441,6818,6429,6783,14441,7735,13134],"class_list":{"0":"post-22361","1":"product","2":"type-product","3":"status-publish","4":"has-post-thumbnail","6":"product_brand-acs","7":"product_brand-hh","8":"product_cat-999-silber-draht","9":"product_cat-drahtwickeldraht-weich","10":"product_tag-11878","11":"product_tag-1-2","12":"product_tag-10696","13":"product_tag-10699","14":"product_tag-10701","15":"product_tag-8609","16":"product_tag-12103","17":"product_tag-7066","18":"product_tag-12551","19":"product_tag-12113","20":"product_tag-6488","21":"product_tag-6506","22":"product_tag-anhanger-2","23":"product_tag-anhanger-3","24":"product_tag-armband","25":"product_tag-artclay","26":"product_tag-belgien","27":"product_tag-bestellung","28":"product_tag-brachelet","29":"product_tag-brosche","30":"product_tag-danemark","31":"product_tag-deutschland","32":"product_tag-dick","33":"product_tag-dicker","34":"product_tag-diy","35":"product_tag-draht","36":"product_tag-draht-2","37":"product_tag-drahtschmuck","38":"product_tag-drenthe","39":"product_tag-durchschnitt","40":"product_tag-es","41":"product_tag-friesland","42":"product_tag-groningen","43":"product_tag-gut","44":"product_tag-gut-2","45":"product_tag-hemisphare","46":"product_tag-ihr","47":"product_tag-inhalt-2","48":"product_tag-internet","49":"product_tag-internetshop","50":"product_tag-kaufen","51":"product_tag-kaufen-2","52":"product_tag-kurzwarengeschaft","53":"product_tag-laufflache","54":"product_tag-liefert","55":"product_tag-machen","56":"product_tag-materialien","57":"product_tag-metall","58":"product_tag-metall-3","59":"product_tag-metalldraht","60":"product_tag-niederlande","61":"product_tag-norwegen","62":"product_tag-ohrringe","63":"product_tag-ohrstecker","64":"product_tag-online","65":"product_tag-online-shop","66":"product_tag-online-shop-2","67":"product_tag-online-shop-4","68":"product_tag-online-shop-5","69":"product_tag-perlenladen","70":"product_tag-platz","71":"product_tag-real","72":"product_tag-real-2","73":"product_tag-rechteckig-3","74":"product_tag-rein","75":"product_tag-rein-2","76":"product_tag-ring","77":"product_tag-ringe","78":"product_tag-robuste","79":"product_tag-schmieden","80":"product_tag-schmuck","81":"product_tag-schmuck-kurzwaren-2","82":"product_tag-schmuckteile","83":"product_tag-schmuckteile-2","84":"product_tag-schmuckzubehor-6","85":"product_tag-schweden","86":"product_tag-selbst","87":"product_tag-selbstgemacht","88":"product_tag-shop","89":"product_tag-shop-2","90":"product_tag-sie-selbst","91":"product_tag-sie-selbst-2","92":"product_tag-silber","93":"product_tag-silber-3","94":"product_tag-silberdraht","95":"product_tag-silberschmied","96":"product_tag-silberschmied-2","97":"product_tag-silberschmied-3","98":"product_tag-silberschmiede","99":"product_tag-silberschmiede-2","100":"product_tag-silberton","101":"product_tag-silverclay-co-uk","102":"product_tag-sollid","103":"product_tag-sterling","104":"product_tag-stollen","105":"product_tag-teile","106":"product_tag-tun","107":"product_tag-um","108":"product_tag-unter-2","109":"product_tag-webshop","110":"product_tag-werkzeug-2","111":"product_tag-werkzeuge-2","112":"product_tag-wirklich","113":"product_tag-wobei","114":"product_tag-zange-2","115":"product_tag-zu-verkaufen","116":"product_tag-zu-verkaufen-3","117":"product_shipping_class-standard","118":"pa_doorsnede-02mm","119":"pa_doorsnede-03mm","120":"pa_doorsnede-04mm","121":"pa_doorsnede-05mm","122":"pa_doorsnede-06mm","123":"pa_doorsnede-07mm","124":"pa_doorsnede-08mm","125":"pa_doorsnede-09mm","126":"pa_doorsnede-10mm-2","127":"pa_doorsnede-12mm-2","128":"pa_doorsnede-14-mm","129":"pa_doorsnede-15-mm","130":"pa_doorsnede-16-mm","131":"pa_doorsnede-18-mm","132":"pa_doorsnede-20-mm","133":"pa_doorsnede-25-mm","134":"pa_doorsnede-30-mm","136":"first","137":"instock","138":"taxable","139":"shipping-taxable","140":"purchasable","141":"product-type-variable"},"acf":[],"_links":{"self":[{"href":"https:\/\/esquell.eu\/de\/wp-json\/wp\/v2\/product\/22361","targetHints":{"allow":["GET"]}}],"collection":[{"href":"https:\/\/esquell.eu\/de\/wp-json\/wp\/v2\/product"}],"about":[{"href":"https:\/\/esquell.eu\/de\/wp-json\/wp\/v2\/types\/product"}],"replies":[{"embeddable":true,"href":"https:\/\/esquell.eu\/de\/wp-json\/wp\/v2\/comments?post=22361"}],"wp:featuredmedia":[{"embeddable":true,"href":"https:\/\/esquell.eu\/de\/wp-json\/wp\/v2\/media\/4532"}],"wp:attachment":[{"href":"https:\/\/esquell.eu\/de\/wp-json\/wp\/v2\/media?parent=22361"}],"wp:term":[{"taxonomy":"more","embeddable":true,"href":"https:\/\/esquell.eu\/de\/wp-json\/wp\/v2\/more?post=22361"},{"taxonomy":"product_brand","embeddable":true,"href":"https:\/\/esquell.eu\/de\/wp-json\/wp\/v2\/product_brand?post=22361"},{"taxonomy":"product_cat","embeddable":true,"href":"https:\/\/esquell.eu\/de\/wp-json\/wp\/v2\/product_cat?post=22361"},{"taxonomy":"product_tag","embeddable":true,"href":"https:\/\/esquell.eu\/de\/wp-json\/wp\/v2\/product_tag?post=22361"}],"curies":[{"name":"wp","href":"https:\/\/api.w.org\/{rel}","templated":true}]}}