{"id":22280,"date":"2025-04-04T05:37:45","date_gmt":"2025-04-04T05:37:45","guid":{"rendered":"https:\/\/esquell.eu\/product\/pigment-zum-faerben-von-led-und-uv-harz-verschiedene-farben-r-1109-r-1121\/"},"modified":"2025-04-04T05:37:45","modified_gmt":"2025-04-04T05:37:45","slug":"pigment-zum-faerben-von-led-und-uv-harz-verschiedene-farben-r-1109-r-1121","status":"publish","type":"product","link":"https:\/\/esquell.eu\/de\/produkt\/pigment-zum-faerben-von-led-und-uv-harz-verschiedene-farben-r-1109-r-1121\/","title":{"rendered":"Pigment zum F\u00e4rben von Led und UV-Harz. Verschiedene Farben (R-1109 \/ R-1121)"},"content":{"rendered":"<p>Hochwertiges Pigment zum Einf\u00e4rben von transparentem Led- und UV-Harz<br \/>\n13 verschiedene Farben, untereinander mischbar<br \/>\nInhalt 10 g<\/p>\n","protected":false},"excerpt":{"rendered":"<p>Hochwertiges Pigment zum Einf\u00e4rben von transparentem Led und UV-Harz<\/p>\n<p>Erh\u00e4ltlich in 13 Farben<\/p>\n<p>Inhalt 10 g<\/p>\n<p>Undurchsichtige Farben.<\/p>\n<p>Perfekt zu kombinieren mit dem Moondrop Harz<\/p>\n<p>Wenn Sie die Flasche zusammendr\u00fccken, k\u00f6nnen Sie die Farbe tropfenweise hinzuf\u00fcgen.<\/p>\n<p>Es werden nur wenige Tropfen ben\u00f6tigt.<\/p>\n<p>Farben k\u00f6nnen miteinander gemischt werden.<\/p>\n<p>Wenn Sie die Flasche zusammendr\u00fccken, k\u00f6nnen Sie die Farbe tropfenweise hinzuf\u00fcgen.<\/p>\n<p>Es werden nur wenige Tropfen ben\u00f6tigt.<\/p>\n<p>Farben k\u00f6nnen miteinander gemischt werden.<\/p>\n<p>&nbsp;<\/p>\n<p>&nbsp;<\/p>\n","protected":false},"featured_media":4561,"comment_status":"closed","ping_status":"closed","template":"","meta":{"_acf_changed":false,"_seopress_robots_primary_cat":"none","_seopress_titles_title":"","_seopress_titles_desc":"","_seopress_robots_index":""},"more":[],"product_brand":[6413],"product_cat":[9913],"product_tag":[10393,6790,10754,12352,17355,10034,7206,12346,11717,9609,9865,17357,6885,14642,6788,17359,9085,7240,7243,17361,7575,17353],"class_list":{"0":"post-22280","1":"product","2":"type-product","3":"status-publish","4":"has-post-thumbnail","6":"product_brand-acs","7":"product_cat-led-und-uv-harz","8":"product_tag-acrylharz","9":"product_tag-bestellung","10":"product_tag-braun","11":"product_tag-braun-2","12":"product_tag-braun-4","13":"product_tag-epoxid","14":"product_tag-farben","15":"product_tag-gefuhrt","16":"product_tag-hart","17":"product_tag-harz","18":"product_tag-harz-2","19":"product_tag-kastanienbraun","20":"product_tag-kaufen-2","21":"product_tag-led-harz","22":"product_tag-online","23":"product_tag-pigment-diy","24":"product_tag-schrumpfung","25":"product_tag-transparent","26":"product_tag-undurchsichtig","27":"product_tag-undurchsichtig-4","28":"product_tag-uv-harz","29":"product_tag-wenig","30":"product_shipping_class-standard","31":"pa_kleur-apfelgrun-r-1119","32":"pa_kleur-blau-r-1116","33":"pa_kleur-braun-r-1120","34":"pa_kleur-emarald-r-1118","35":"pa_kleur-gelb-r-1110","36":"pa_kleur-orange-r-1111","37":"pa_kleur-rosa-rouge-r-1113","38":"pa_kleur-rot-r-1112","39":"pa_kleur-schwarz-r-1121","40":"pa_kleur-turkis-r-1117","41":"pa_kleur-ultramarin-r-1115","42":"pa_kleur-weintraube-r-1114","43":"pa_kleur-weis-r-1109","45":"first","46":"instock","47":"taxable","48":"shipping-taxable","49":"purchasable","50":"product-type-variable"},"acf":[],"_links":{"self":[{"href":"https:\/\/esquell.eu\/de\/wp-json\/wp\/v2\/product\/22280","targetHints":{"allow":["GET"]}}],"collection":[{"href":"https:\/\/esquell.eu\/de\/wp-json\/wp\/v2\/product"}],"about":[{"href":"https:\/\/esquell.eu\/de\/wp-json\/wp\/v2\/types\/product"}],"replies":[{"embeddable":true,"href":"https:\/\/esquell.eu\/de\/wp-json\/wp\/v2\/comments?post=22280"}],"wp:featuredmedia":[{"embeddable":true,"href":"https:\/\/esquell.eu\/de\/wp-json\/wp\/v2\/media\/4561"}],"wp:attachment":[{"href":"https:\/\/esquell.eu\/de\/wp-json\/wp\/v2\/media?parent=22280"}],"wp:term":[{"taxonomy":"more","embeddable":true,"href":"https:\/\/esquell.eu\/de\/wp-json\/wp\/v2\/more?post=22280"},{"taxonomy":"product_brand","embeddable":true,"href":"https:\/\/esquell.eu\/de\/wp-json\/wp\/v2\/product_brand?post=22280"},{"taxonomy":"product_cat","embeddable":true,"href":"https:\/\/esquell.eu\/de\/wp-json\/wp\/v2\/product_cat?post=22280"},{"taxonomy":"product_tag","embeddable":true,"href":"https:\/\/esquell.eu\/de\/wp-json\/wp\/v2\/product_tag?post=22280"}],"curies":[{"name":"wp","href":"https:\/\/api.w.org\/{rel}","templated":true}]}}