{"id":22197,"date":"2025-04-04T05:37:36","date_gmt":"2025-04-04T05:37:36","guid":{"rendered":"https:\/\/esquell.eu\/product\/bohrer-fuer-finishing-zinken-verschiedene-groessen\/"},"modified":"2025-04-04T05:37:36","modified_gmt":"2025-04-04T05:37:36","slug":"bohrer-fuer-finishing-zinken-verschiedene-groessen","status":"publish","type":"product","link":"https:\/\/esquell.eu\/de\/produkt\/bohrer-fuer-finishing-zinken-verschiedene-groessen\/","title":{"rendered":"Bohrer f\u00fcr Finishing Zinken Verschiedene Gr\u00f6\u00dfen"},"content":{"rendered":"<p>Mit diesem Bohrer lassen sich Drahtenden, z.B. f\u00fcr Draht, der zur Herstellung einer Zackenfassung verwendet wird, perfekt bearbeiten. Zu verwenden als Handwerkzeug in Kombination mit dem Bohrfutter oder in einem Dremel oder Multitool <\/p>\n<p>Welle 2,35 mm<\/p>\n","protected":false},"excerpt":{"rendered":"<p>Mit diesem Bohrer lassen sich Drahtenden, z.B. f\u00fcr Draht, der zur Herstellung einer Zackenfassung verwendet wird, perfekt bearbeiten. Zur Verwendung als Handwerkzeug in Kombination mit dem <strong><a href=\"https:\/\/www.esquell.nl\/p\/boorhouder\"><u>Bohrfutter<\/u><\/a><\/strong> oder in einem Dremel oder Multitool <\/p>\n<p><\/p>\n<p>Welle 2,35 mm<\/p>\n","protected":false},"featured_media":3818,"comment_status":"closed","ping_status":"closed","template":"","meta":{"_acf_changed":false,"_seopress_robots_primary_cat":"none","_seopress_titles_title":"","_seopress_titles_desc":"","_seopress_robots_index":""},"more":[],"product_brand":[],"product_cat":[7361],"product_tag":[],"class_list":{"0":"post-22197","1":"product","2":"type-product","3":"status-publish","4":"has-post-thumbnail","6":"product_cat-schleifen-feilen-und-polieren","7":"product_shipping_class-standard","8":"pa_diameter-15-mm","9":"pa_diameter-18-mm","10":"pa_diameter-2mm","13":"first","14":"instock","15":"taxable","16":"shipping-taxable","17":"purchasable","18":"product-type-variable"},"acf":[],"_links":{"self":[{"href":"https:\/\/esquell.eu\/de\/wp-json\/wp\/v2\/product\/22197","targetHints":{"allow":["GET"]}}],"collection":[{"href":"https:\/\/esquell.eu\/de\/wp-json\/wp\/v2\/product"}],"about":[{"href":"https:\/\/esquell.eu\/de\/wp-json\/wp\/v2\/types\/product"}],"replies":[{"embeddable":true,"href":"https:\/\/esquell.eu\/de\/wp-json\/wp\/v2\/comments?post=22197"}],"wp:featuredmedia":[{"embeddable":true,"href":"https:\/\/esquell.eu\/de\/wp-json\/wp\/v2\/media\/3818"}],"wp:attachment":[{"href":"https:\/\/esquell.eu\/de\/wp-json\/wp\/v2\/media?parent=22197"}],"wp:term":[{"taxonomy":"more","embeddable":true,"href":"https:\/\/esquell.eu\/de\/wp-json\/wp\/v2\/more?post=22197"},{"taxonomy":"product_brand","embeddable":true,"href":"https:\/\/esquell.eu\/de\/wp-json\/wp\/v2\/product_brand?post=22197"},{"taxonomy":"product_cat","embeddable":true,"href":"https:\/\/esquell.eu\/de\/wp-json\/wp\/v2\/product_cat?post=22197"},{"taxonomy":"product_tag","embeddable":true,"href":"https:\/\/esquell.eu\/de\/wp-json\/wp\/v2\/product_tag?post=22197"}],"curies":[{"name":"wp","href":"https:\/\/api.w.org\/{rel}","templated":true}]}}